{"id":670,"date":"2025-12-06T14:57:28","date_gmt":"2025-12-06T07:57:28","guid":{"rendered":"https:\/\/tduong2212.io.vn\/?post_type=product&#038;p=670"},"modified":"2026-04-21T15:15:30","modified_gmt":"2026-04-21T08:15:30","slug":"cho-chihuahua","status":"publish","type":"product","link":"https:\/\/tduong2212.io.vn\/index.php\/san-pham\/cho-chihuahua\/","title":{"rendered":"Ch\u00f3 Chihuahua"},"content":{"rendered":"<p>Ch\u00f3\u00a0<strong>Chihuahua<\/strong>\u00a0l\u00e0 m\u1ed9t trong nh\u1eefng gi\u1ed1ng ch\u00f3 nu\u00f4i nh\u1ecf nh\u1ea5t tr\u00ean th\u1ebf gi\u1edbi. C\u00e1i t\u00ean Chihuahua \u0111\u01b0\u1ee3c \u0111\u1eb7t theo t\u00ean c\u1ee7a bang Chihuahua \u1edf Mexico. Gi\u1ed1ng ch\u00f3 n\u00e0y r\u1ea5t th\u00f4ng minh.<\/p>\n<p><strong>Ch\u00f3 chihuahua<\/strong>\u00a0l\u00e0 gi\u1ed1ng ch\u00f3 nh\u1ecf con c\u00f3 \u0111\u1ea7u tr\u00f2n v\u00e0 m\u00f5m ng\u1eafn. N\u00f3 c\u00f3 \u0111\u00f4i m\u1eaft to tr\u00f2n, m\u00e0u s\u1eabm g\u1ea7n nh\u01b0 \u0111en, \u0111\u00f4i khi l\u00e0 m\u00e0u \u0111\u1ecf ruby s\u1eabm. \u0110\u00f4i tai c\u1ee7a c\u00e1c b\u00e9 c\u00fan chihuahua lu\u00f4n d\u1ef1ng \u0111\u1ee9ng l\u00ean. C\u00fan con c\u1ee7a Chihuahua \u1edf ph\u1ea7n th\u00f3p tr\u00ean \u0111\u1ec9nh \u0111\u1ea7u c\u00f3 m\u1ed9t h\u00f5m m\u1ec1m. Th\u00e2n h\u00ecnh ch\u1eafc ch\u1eafn, d\u00e0i h\u01a1n so v\u1edbi chi\u1ec1u cao, \u0111u\u00f4i u\u1ed1n cong tr\u00ean l\u01b0ng ho\u1eb7c v\u1eaft sang m\u1ed9t b\u00ean. C\u00e1c b\u00e9 ch\u00f3 chihuahua th\u01b0\u1eddng r\u1ea5t nh\u1ecf con. Lo\u00e0i ch\u00f3 chihuahua mini nh\u1ecf nh\u1ea5t c\u00f3 th\u1ec3 \u0111\u1eb7t t\u1edbi 1kg khi tr\u01b0\u1edfng th\u00e0nh. C\u0169ng c\u00f3 c\u00e1c gi\u1ed1ng ch\u00f3 chihuahua l\u00f4ng d\u00e0i r\u1ea5t \u0111\u00e1ng y\u00eau n\u1eefa. Tuy nh\u1ecf nh\u1eafn nh\u01b0 v\u1eady, nh\u01b0ng ch\u00f3 chihuahua l\u00e0 m\u1ed9t trong m\u01b0\u1eddi gi\u1ed1ng ch\u00f3 th\u00f4ng minh nh\u1ea5t th\u1ebf gi\u1edbi, v\u00e0 b\u00e9 con ch\u1ee9 kh\u00f4ng h\u1ec1 nh\u00fat nh\u00e1t. C\u00e1c b\u00e9 ch\u00f3 chihuahua r\u1ea5t l\u00e0 hung d\u1eef \u0111\u00f3.<\/p>\n<p>N\u1ebfu b\u1ea1n l\u00e0 fan h\u00e2m m\u1ed9 c\u00e1c ng\u00f4i sao n\u1ed5i ti\u1ebfng tr\u00ean th\u1ebf gi\u1edbi hay Vi\u1ec7t Nam, ch\u1eafc h\u1eb3n kh\u00f4ng \u00edt l\u1ea7n b\u1ea1n th\u1ea5y c\u00e1c sao d\u1eaft ch\u00f3 chihuahua \u0111i ch\u01a1i. Hay \u0111i\u1ec3n h\u00ecnh nh\u1ea5t l\u00e0 b\u1ed9 phim \u201cChihuahua Hill \u2013 Ng\u1ecdn \u0111\u1ed3i chihuahua\u201d c\u1ee7a h\u00e3ng phim Walt Disney l\u00e0m ri\u00eang v\u1ec1 c\u1ea3 gi\u1ed1ng c\u00f3 n\u1ed5i ti\u1ebfng n\u00e0y. V\u1edbi th\u00e2n h\u00ecnh mini nh\u1ecf nh\u1eafn xinh x\u1eafn v\u00e0 si\u00eau m\u1eabu. C\u00e1c b\u00e9 ch\u00f3 chihuahua \u0111\u00e3 l\u00e0m si\u00eau l\u00f2ng kh\u00f4ng \u00edt c\u00e1c ng\u00f4i sao \u0111\u00f3. V\u00e0 v\u00ec nh\u1ecf nh\u1eafn, n\u00ean sinh s\u1ea3n r\u1ea5t kh\u00f3 v\u00e0 do \u0111\u00f3 c\u00e1c b\u00f3 ch\u00f3 chihuahua n\u00e0y c\u0169ng tr\u1edf n\u00ean r\u1ea5t hi\u1ebfm \u0111\u1eb7c bi\u1ec7t l\u00e0 c\u00e1c d\u00f2ng mini. \u0110\u1eb9p th\u00f4ng minh v\u00e0 hi\u1ebfm\u2026 n\u1ebfu b\u1ea1n \u0111ang mu\u1ed1n m\u1ed9t b\u00e9 th\u00fa c\u01b0ng v\u1edbi c\u00e1c ti\u00eau ch\u00ed nh\u01b0 v\u1eady th\u00ec ch\u00f3 chihuahua l\u00e0 l\u1ef1a ch\u1ecdn tuy\u1ec7t v\u1eddi d\u00e0nh cho b\u1ea1n r\u1ed3i.<\/p>\n","protected":false},"excerpt":{"rendered":"<p>Ch\u00f3\u00a0<strong>Chihuahua<\/strong>\u00a0l\u00e0 m\u1ed9t trong nh\u1eefng gi\u1ed1ng ch\u00f3 nu\u00f4i nh\u1ecf nh\u1ea5t tr\u00ean th\u1ebf gi\u1edbi. C\u00e1i t\u00ean Chihuahua \u0111\u01b0\u1ee3c \u0111\u1eb7t theo t\u00ean c\u1ee7a bang Chihuahua \u1edf Mexico. Gi\u1ed1ng ch\u00f3 n\u00e0y r\u1ea5t th\u00f4ng minh.<\/p>\n<p>Theo nh\u1eefng ng\u01b0\u1eddi da d\u1ecf \u1edf ch\u00e2u M\u1ef9 th\u00ec\u00a0<strong>ch\u00f3 Chihuahua<\/strong>\u00a0l\u00e0 gi\u1ed1ng ch\u00f3 c\u1ee7a th\u1ea7n linh \u0111\u00f3. N\u1ebfu b\u1ea1n l\u00e0 fan h\u00e2m m\u1ed9. Chihuahua tui nh\u1ecf nh\u1eafn nh\u01b0ng l\u1ea1i l\u00e0 m\u1ed9t trong m\u01b0\u1eddi gi\u1ed1ng c\u00f3 th\u00f4ng minh nh\u1ea5t th\u1ebf gi\u1edbi. Tuy b\u00e9 nh\u1ecf nh\u01b0ng c\u00e1c b\u00e9 ch\u00f3 chihuahua l\u1ea1i r\u1ea5t hung d\u1eef v\u00e0 kh\u00f4ng d\u1ec5 \u0103n hi\u1ebfp m\u1ed9t x\u00edu n\u00e0o. B\u00e9 h\u1ed9t ti\u00eau nh\u01b0ng l\u1ea1i th\u00f4ng minh v\u00e0 d\u0169ng m\u00e3nh\u2026 H\u00e3y ch\u1ecdn m\u1ed9t b\u00e9 c\u00fan chihuahua \u0111\u1ec3 b\u00e9 c\u00f3 th\u1ec3 b\u1ea3o v\u1ec7 b\u1ea1n khi b\u1ecb ng\u01b0\u1eddi kh\u00e1c \u0103n hi\u1ebfp nh\u00e9<\/p>\n","protected":false},"featured_media":672,"comment_status":"open","ping_status":"closed","template":"","meta":[],"product_brand":[],"product_cat":[19],"product_tag":[],"class_list":{"0":"post-670","1":"product","2":"type-product","3":"status-publish","4":"has-post-thumbnail","6":"product_cat-cho","8":"first","9":"instock","10":"shipping-taxable","11":"purchasable","12":"product-type-variable"},"_links":{"self":[{"href":"https:\/\/tduong2212.io.vn\/index.php\/wp-json\/wp\/v2\/product\/670","targetHints":{"allow":["GET"]}}],"collection":[{"href":"https:\/\/tduong2212.io.vn\/index.php\/wp-json\/wp\/v2\/product"}],"about":[{"href":"https:\/\/tduong2212.io.vn\/index.php\/wp-json\/wp\/v2\/types\/product"}],"replies":[{"embeddable":true,"href":"https:\/\/tduong2212.io.vn\/index.php\/wp-json\/wp\/v2\/comments?post=670"}],"wp:featuredmedia":[{"embeddable":true,"href":"https:\/\/tduong2212.io.vn\/index.php\/wp-json\/wp\/v2\/media\/672"}],"wp:attachment":[{"href":"https:\/\/tduong2212.io.vn\/index.php\/wp-json\/wp\/v2\/media?parent=670"}],"wp:term":[{"taxonomy":"product_brand","embeddable":true,"href":"https:\/\/tduong2212.io.vn\/index.php\/wp-json\/wp\/v2\/product_brand?post=670"},{"taxonomy":"product_cat","embeddable":true,"href":"https:\/\/tduong2212.io.vn\/index.php\/wp-json\/wp\/v2\/product_cat?post=670"},{"taxonomy":"product_tag","embeddable":true,"href":"https:\/\/tduong2212.io.vn\/index.php\/wp-json\/wp\/v2\/product_tag?post=670"}],"curies":[{"name":"wp","href":"https:\/\/api.w.org\/{rel}","templated":true}]}}