{"id":662,"date":"2025-12-06T14:49:42","date_gmt":"2025-12-06T07:49:42","guid":{"rendered":"https:\/\/tduong2212.io.vn\/?post_type=product&#038;p=662"},"modified":"2025-12-06T14:49:42","modified_gmt":"2025-12-06T07:49:42","slug":"cho-alaska","status":"publish","type":"product","link":"https:\/\/tduong2212.io.vn\/index.php\/san-pham\/cho-alaska\/","title":{"rendered":"Ch\u00f3 Alaska"},"content":{"rendered":"<p><b>Ch\u00f3 Alaska<\/b>\u00a0hay\u00a0<b>Alaska Malamute<\/b>\u00a0hay\u00a0<b>Mahlemuts<\/b>\u00a0xu\u1ea5t th\u00e2n l\u00e0 gi\u1ed1ng ch\u00f3 \u0111\u01b0\u1ee3c s\u1eed \u0111\u1ee5ng d\u1ec3 k\u00e9o xe. Ng\u01b0\u1eddi d\u00e2n Eskimo \u1edf v\u00f9ng Alaska \u0111\u00e3 kh\u00e1m ph\u00e1 ra kh\u1ea3 n\u0103ng di chuy\u1ec3n v\u00e0 k\u00e9o xe tr\u01b0\u1ee3t tuy\u1ebft c\u1ee7a c\u00e1c b\u00e9 ch\u00f3 n\u00e0y. N\u1ed5i b\u1ea5t b\u1edfi s\u1ef1 to l\u1edbn, kh\u1ecfe m\u1ea1nh, b\u1ec1n b\u1ec9 v\u00e0 c\u00f3 th\u1ec3 ch\u1ecbu \u0111\u1ef1ng \u0111\u01b0\u1ee3c kh\u00ed h\u1eadu kh\u1eafc nghi\u1ec7t v\u00f9ng B\u1eafc C\u1ef1c.<\/p>\n<p>Tuy nhi\u00ean hi\u1ec7n t\u1ea1i gi\u1ed1ng ch\u00f3 n\u00e0y \u0111\u00e3 \u0111\u01b0\u1ee3c nh\u00e2n gi\u1ed1ng r\u1ed9ng r\u00e3i v\u00e0 \u0111\u01b0\u1ee3c nu\u00f4i d\u01b0\u1ee1ng nh\u01b0 th\u00fa c\u01b0ng t\u1ea1i r\u00e1t nhi\u1ec1u qu\u1ed1c gia tr\u00ean to\u00e0n th\u1ebf gi\u1edbi.<\/p>\n<h2><strong>\u0110\u1eb7c \u0111i\u1ec3m c\u1ee7a ch\u00f3 Alaska<\/strong><\/h2>\n<p>Theo s\u1ef1 ph\u00e2n chia c\u1ee7a AKC (hi\u1ec7p h\u1ed9i ch\u00f3 Hoa K\u1ef3), c\u00f3 t\u1ea5t c\u1ea3 ba lo\u1ea1i ch\u00f3 Alaska\u00a0l\u00e0\u00a0<b>Standard\u00a0<\/b>(ti\u00eau chu\u1ea9n)<b>, Large Standard\u00a0<\/b>(ti\u00eau chu\u1ea9n l\u1edbn) v\u00e0\u00a0<b>Giant (kh\u1ed5ng l\u1ed3)<\/b>. C\u00f3 Alaska c\u00f3 \u0111\u1ed9 cao trung b\u00ecnh t\u1eeb 63,5cm cho \u0111\u1ebfn 68,5cm. Trong \u0111\u00f3 d\u00f2ng Alaska Giant c\u00f3 th\u1ec3 cao t\u1edbi 70cm v\u00e0 n\u1eb7ng t\u1edbi 75kg.<\/p>\n<p>Xu\u1ea5t th\u00e2n l\u00e0 d\u00f2ng ch\u00f3 lao \u0111\u1ed9ng n\u1eb7ng nh\u1ecdc. N\u00ean v\u1edbi h\u00ecnh d\u00e1ng kh\u00f4ng \u0111\u01b0\u1ee3c nh\u1ecf nh\u1eafn xinh x\u1eafn qu\u00fd ph\u00e1i nh\u01b0 c\u00e1c d\u00f2ng chihuahua, poodle, corgi\u2026 C\u00e1c b\u00e9 Alaska c\u00f3 nhi\u1ec1u n\u00e9t t\u01b0\u01a1ng \u0111\u1ed3ng v\u1edbi ch\u00f3 s\u00f3i B\u1eafc M\u1ef9. Ngo\u1ea1i h\u00ecnh cao to v\u1edbi c\u1ea5u tr\u00fac x\u01b0\u01a1ng v\u00e0 c\u01a1 b\u1eafp r\u1eafn ch\u1eafc th\u1ec3 thao v\u00e0 kh\u1ecfe m\u1ea1nh. C\u00e1c b\u00e9 ch\u00f3 Alaska n\u1ed5i b\u1eadt nh\u1edd b\u1ed9 l\u00f4ng d\u00e0y m\u01b0\u1ee3t. \u0110u\u00f4i h\u00ecnh b\u00f4ng lau bung x\u00f5a v\u00e0 v\u1ec3nh ng\u01b0\u1ee3c l\u00ean ph\u00eda l\u01b0ng.\u00a0 Do v\u1eady m\u00e0 vi\u1ec7c ch\u0103m s\u00f3c l\u00f4ng ph\u1ea3i y\u00eau c\u1ea7u r\u1ea5t nhi\u1ec1u th\u1eddi gian v\u00e0 chu \u0111\u00e1o. N\u1ebfu nu\u00f4i t\u1ea1i c\u00e1c gia \u0111\u00ecnh th\u00ec ph\u1ea3i ch\u1ea3i l\u00f4ng th\u01b0\u1eddng xuy\u00ean \u0111\u1ec3 tr\u00e1nh l\u00f4ng r\u1ee5ng b\u00e1m v\u00e0o th\u1ea3m hay ch\u0103n \u0111\u1ec7m.<\/p>\n<p>C\u00e1c b\u00e9 ch\u00f3 Alaska r\u1ea5t \u0111a d\u1ea1ng v\u1ec1 m\u00e0u l\u00f4ng nh\u01b0 tr\u1eafng, x\u00e1m tr\u1eafng, x\u00e1m l\u00f4ng ch\u1ed3n, \u0111en tr\u1eafng, \u0111\u1ed1m\u2026 Nh\u01b0ng d\u00f9 m\u00e0u l\u00f4ng n\u00e0o \u0111i n\u1eefa th\u00ec \u0111\u1eb7c \u0111i\u1ec3m kh\u00f4ng bao gi\u1edd thay \u0111\u1ed5i l\u00e0 m\u00f5m v\u00e0 4 ch\u00e2n l\u00fac n\u00e0o c\u0169ng ph\u1ea3i l\u00e0 m\u00e0u tr\u1eafng.<\/p>\n<h2><strong>\u0110\u1eb7c \u0111i\u1ec3m t\u00ednh c\u00e1ch c\u1ee7a ch\u00f3 Alaska<\/strong><\/h2>\n<p>D\u00f9 l\u00e0 b\u00e9 ch\u00f3 Alaska \u0111\u1ef1c hay c\u00e1i th\u00ec c\u00e1c b\u00e9 v\u1eabn r\u1ea5t th\u00f4ng minh, hi\u1ec1n h\u00f2a v\u00e0 r\u1ea5t bi\u1ebft nghe l\u1eddi. C\u00c1c b\u00e9 c\u00fan Alaska r\u1ea5t th\u00edch ch\u01a1i \u0111\u00f9a tr\u1ebb nh\u1ecf v\u00e0 lu\u00f4n h\u00f2a thu\u1eadn v\u1edbi c\u00e1c lo\u1ea1i th\u00fa c\u01b0ng kh\u00e1c trong nh\u00e0.<\/p>\n<p>Kh\u00f4ng gi\u1ed1ng nh\u01b0 c\u00e1c gi\u1ed1ng ch\u00f3 s\u0103n kh\u00e1c, ch\u00f3 alaska kh\u00f4ng c\u00f3 th\u00f3i quen nh\u1eb7t b\u00f3ng hay \u0111\u1ed3 v\u1eadt v\u1ee9t \u0111i r\u1ed3i \u0111em v\u1ec1. V\u00ec \u0111\u01b0\u1ee3c ng\u01b0\u1eddi Eskimo lai t\u1ea1o v\u00e0 thu\u1ea7n h\u00f3a chuy\u00ean d\u1ee5ng \u0111\u1ec3 k\u00e9o xe. N\u00ean ch\u00f3 alaska \u0111\u00e3 m\u1ea5t h\u1eb3n c\u00e1c \u0111\u1eb7c t\u00ednh c\u1ee7a ch\u00f3 s\u0103n t\u1ed5 ti\u00ean, ch\u00fang r\u1ea5t hi\u1ec1n l\u00e0nh kh\u00f4ng bao gi\u1edd t\u1ea5n c\u00f4ng m\u00e8o, kh\u00f4ng bi\u1ebft b\u1eaft chu\u1ed9t c\u0169ng nh\u01b0 s\u1ebd kh\u00f4ng t\u1ea5n c\u00f4ng c\u00e1c lo\u1ea1i th\u00fa c\u01b0ng kh\u00e1c. M\u1eb7c d\u00f9 nh\u00ecn v\u1ebb b\u1ec1 ngo\u00e0i r\u1ea5t gi\u1ed1ng ch\u00f3 s\u00f3i, nh\u01b0ng ch\u00fang l\u1ea1i c\u1ef1c k\u1ef3 hi\u1ec1n h\u00f2a r\u1ea5t th\u00f4ng minh, h\u1ecdc h\u1ecfi r\u1ea5t nhanh v\u00e0 r\u1ea5t nghe l\u1eddi. Do t\u1eadp t\u1ee5c s\u1ed1ng b\u1ea7y \u0111\u00e0n, n\u00ean khi \u0111\u01b0\u1ee3c nu\u00f4i d\u01b0\u1ee1ng trong gia \u0111\u00ecnh. C\u00e1c b\u00e9 ch\u00f3 Alaska r\u1ea5t v\u00e2n l\u1eddi ch\u1ee7, s\u1eb5n s\u00e0ng b\u00e0o v\u1ec7 ch\u1ee7 nh\u00e2n v\u00e0 s\u1ebd li\u1ec1u m\u00ecnh hi sinh khi c\u00f3 k\u1ebb n\u00e0o mu\u1ed1n x\u00e2m ph\u1ea1m hay t\u1ea5n c\u00f4ng ch\u1ee7 nh\u00e2n c\u1ee7a m\u00ecnh.<\/p>\n","protected":false},"excerpt":{"rendered":"<p>Ch\u00f3 Alaska hay c\u00f2n g\u1ecdi l\u00e0\u00a0<b>Alaska Malamute<\/b>\u00a0n\u1ed5i ti\u1ebfng v\u1edbi v\u1ebb ngo\u00e0i to l\u1edbn ho\u00e0nh tr\u00e1ng nh\u01b0ng l\u1ea1i r\u1ea5t trung th\u00e0nh, d\u1ec5 g\u1ea7n v\u00e0 c\u1ef1c k\u1ef3 th\u00f4ng minh. \u0110ang d\u1ea7n tr\u1edf th\u00e0nh lo\u00e0i ch\u00f3 \u0111\u1eb3ng c\u1ea5p \u0111\u01b0\u1ee3c s\u0103n \u0111\u00f3n v\u00e0 y\u00eau m\u1ebfn t\u1ea1i Vi\u1ec7t Nam.<\/p>\n","protected":false},"featured_media":663,"comment_status":"open","ping_status":"closed","template":"","meta":{"site-sidebar-layout":"default","site-content-layout":"","ast-site-content-layout":"default","site-content-style":"default","site-sidebar-style":"default","ast-global-header-display":"","ast-banner-title-visibility":"","ast-main-header-display":"","ast-hfb-above-header-display":"","ast-hfb-below-header-display":"","ast-hfb-mobile-header-display":"","site-post-title":"","ast-breadcrumbs-content":"","ast-featured-img":"","footer-sml-layout":"","theme-transparent-header-meta":"default","adv-header-id-meta":"","stick-header-meta":"default","header-above-stick-meta":"","header-main-stick-meta":"","header-below-stick-meta":"","astra-migrate-meta-layouts":"set","ast-page-background-enabled":"default","ast-page-background-meta":{"desktop":{"background-color":"var(--ast-global-color-5)","background-image":"","background-repeat":"repeat","background-position":"center center","background-size":"auto","background-attachment":"scroll","background-type":"","background-media":"","overlay-type":"","overlay-color":"","overlay-opacity":"","overlay-gradient":""},"tablet":{"background-color":"","background-image":"","background-repeat":"repeat","background-position":"center center","background-size":"auto","background-attachment":"scroll","background-type":"","background-media":"","overlay-type":"","overlay-color":"","overlay-opacity":"","overlay-gradient":""},"mobile":{"background-color":"","background-image":"","background-repeat":"repeat","background-position":"center center","background-size":"auto","background-attachment":"scroll","background-type":"","background-media":"","overlay-type":"","overlay-color":"","overlay-opacity":"","overlay-gradient":""}},"ast-content-background-meta":{"desktop":{"background-color":"var(--ast-global-color-4)","background-image":"","background-repeat":"repeat","background-position":"center center","background-size":"auto","background-attachment":"scroll","background-type":"","background-media":"","overlay-type":"","overlay-color":"","overlay-opacity":"","overlay-gradient":""},"tablet":{"background-color":"var(--ast-global-color-4)","background-image":"","background-repeat":"repeat","background-position":"center center","background-size":"auto","background-attachment":"scroll","background-type":"","background-media":"","overlay-type":"","overlay-color":"","overlay-opacity":"","overlay-gradient":""},"mobile":{"background-color":"var(--ast-global-color-4)","background-image":"","background-repeat":"repeat","background-position":"center center","background-size":"auto","background-attachment":"scroll","background-type":"","background-media":"","overlay-type":"","overlay-color":"","overlay-opacity":"","overlay-gradient":""}}},"product_brand":[],"product_cat":[19,35,37],"product_tag":[],"class_list":{"0":"post-662","1":"product","2":"type-product","3":"status-publish","4":"has-post-thumbnail","6":"product_cat-cho","7":"product_cat-cho-canh","8":"product_cat-cho-san","9":"desktop-align-left","10":"tablet-align-left","11":"mobile-align-left","12":"ast-product-gallery-layout-horizontal-slider","13":"ast-product-single-variable","14":"ast-product-tabs-layout-horizontal","16":"first","17":"instock","18":"shipping-taxable","19":"purchasable","20":"product-type-variable"},"_links":{"self":[{"href":"https:\/\/tduong2212.io.vn\/index.php\/wp-json\/wp\/v2\/product\/662","targetHints":{"allow":["GET"]}}],"collection":[{"href":"https:\/\/tduong2212.io.vn\/index.php\/wp-json\/wp\/v2\/product"}],"about":[{"href":"https:\/\/tduong2212.io.vn\/index.php\/wp-json\/wp\/v2\/types\/product"}],"replies":[{"embeddable":true,"href":"https:\/\/tduong2212.io.vn\/index.php\/wp-json\/wp\/v2\/comments?post=662"}],"wp:featuredmedia":[{"embeddable":true,"href":"https:\/\/tduong2212.io.vn\/index.php\/wp-json\/wp\/v2\/media\/663"}],"wp:attachment":[{"href":"https:\/\/tduong2212.io.vn\/index.php\/wp-json\/wp\/v2\/media?parent=662"}],"wp:term":[{"taxonomy":"product_brand","embeddable":true,"href":"https:\/\/tduong2212.io.vn\/index.php\/wp-json\/wp\/v2\/product_brand?post=662"},{"taxonomy":"product_cat","embeddable":true,"href":"https:\/\/tduong2212.io.vn\/index.php\/wp-json\/wp\/v2\/product_cat?post=662"},{"taxonomy":"product_tag","embeddable":true,"href":"https:\/\/tduong2212.io.vn\/index.php\/wp-json\/wp\/v2\/product_tag?post=662"}],"curies":[{"name":"wp","href":"https:\/\/api.w.org\/{rel}","templated":true}]}}