{"id":654,"date":"2025-12-06T14:36:20","date_gmt":"2025-12-06T07:36:20","guid":{"rendered":"https:\/\/tduong2212.io.vn\/?post_type=product&#038;p=654"},"modified":"2026-02-26T21:55:23","modified_gmt":"2026-02-26T14:55:23","slug":"dachshund-cho-lap-xuong","status":"publish","type":"product","link":"https:\/\/tduong2212.io.vn\/index.php\/san-pham\/dachshund-cho-lap-xuong\/","title":{"rendered":"Dachshund (ch\u00f3 l\u1ea1p x\u01b0\u1edfng)"},"content":{"rendered":"<p><b>Ch\u00f3 Dachshund<\/b>\u00a0(Dak sund, t\u1eafc ken, l\u1ea1p x\u01b0\u1edfng, x\u00fac x\u00edch) c\u00f2n g\u1ecdi l\u00e0 l\u1ea1p x\u01b0\u1edfng, x\u00fac x\u00edch. Dachshund l\u00e0\u00a0gi\u1ed1ng ch\u00f3\u00a0th\u00e2n d\u00e0i, ng\u1ef1c n\u1edf, b\u1ee5ng h\u00f3p, ho\u1ea1t b\u00e1t, r\u1eafn ch\u1eafc v\u1edbi 4 ch\u00e2n r\u1ea5t ng\u1eafn. Ch\u00fang t\u1ea1o cho gi\u1ed1ng ch\u00f3 n\u00e0y m\u1ed9t d\u00e1ng v\u1ebb \u0111\u1ed9c \u0111\u00e1o v\u00e0 \u0111\u1ea7y ch\u1ea5t th\u00f4ng th\u00e1i. \u0110\u1ea7u thu\u00f4n d\u00e0i, m\u1eaft h\u01a1i l\u1ed3i, m\u00f5m d\u00e0i v\u1edbi b\u1ed9 h\u00e0m kho\u1ebb m\u1ea1nh c\u00f9ng nh\u1eefng chi\u1ebfc r\u0103ng v\u00f4 c\u00f9ng s\u1eafc b\u00e9n. M\u1eaft c\u00f3 h\u00ecnh \u00f4van, m\u00e0u \u0111\u1ecf s\u1eabm ho\u1eb7c n\u00e2u \u0111en, r\u1ea5t n\u0103ng \u0111\u1ed9ng v\u00e0 th\u00e2n thi\u1ec7n. Tai kh\u00e1 linh ho\u1ea1t v\u00e0 lu\u00f4n bu\u00f4ng l\u01a1 l\u1eedng \u1edf hai b\u00ean m\u00e1. L\u00f4ng c\u1ee7a gi\u1ed1ng ch\u00f3 l\u00f4ng ng\u1eafn m\u01b0\u1ee3t m\u00e0, b\u00f3ng b\u1ea3y v\u00e0 \u0111\u1ed3ng nh\u1ea5t.<\/p>\n<h2>\u0110\u1eb7c \u0111i\u1ec3m ch\u00f3 Dachshund<\/h2>\n<p>Ch\u00f3 dachshund c\u00f3 ngu\u1ed3n g\u1ed1c t\u1eeb \u0110\u1ee9c. L\u00e0 m\u1ed9t lo\u00e0i ch\u00f3 s\u0103n th\u1ecf n\u00ean m\u0169i v\u00e0 tai ch\u0169ng ch\u00fang r\u1ea5t th\u00edch. Th\u00e2n d\u00e0i ch\u00e2n ng\u1eafn ng\u1ef1c n\u1edf l\u00f4ng \u00f3ng m\u01b0\u1ee3t \u0111\u00f3 l\u00e0 \u0111\u1eb7c \u0111i\u1ec3m n\u1ed5i b\u1eadt c\u1ee7a gi\u1ed1ng ch\u00f3 n\u00e0y. V\u00ec d\u00e1ng ng\u01b0\u1eddi thon d\u00e0i, ch\u00e2n ng\u1eafn n\u00ean nh\u00ecn t\u1eeb xa c\u00e1c b\u00e9 ch\u00f3 dachshund r\u1ea5t gi\u1ed1ng m\u1ed9t que x\u00fac x\u00edch. N\u00ean b\u1ea1n th\u01b0\u1eddng nghe ng\u01b0\u1eddi ta g\u1ecdi ch\u00fang l\u00e0 ch\u00f3 x\u00fac x\u00edch hay ch\u00f3 l\u1ea1p x\u01b0\u1edfng. N\u1ebfu b\u1ea1n hay xem c\u00e1c b\u1ed9 phim thi\u1ebfu nhi, phim ho\u1ea1t h\u00ecnh v\u1ec1 c\u00e1c lo\u00e0i ch\u00f3 c\u1ee7a Disney channel ch\u1eafc h\u1eb3n b\u1ea1n s\u1ebd th\u01b0\u1eddng xuy\u00ean b\u1eaft g\u1eb7p c\u00e1c b\u00e9 ch\u00f3 Dachshund kh\u00e1u kh\u1ec9nh.<\/p>\n<p>&nbsp;<\/p>\n","protected":false},"excerpt":{"rendered":"<p><strong>Dachshund<\/strong>\u00a0l\u00e0 gi\u1ed1ng ch\u00f3 c\u00f3 ngu\u1ed3n g\u1ed1c t\u1eeb\u00a0\u0110\u1ee9c, \u0111\u01b0\u1ee3c bi\u1ebft \u0111\u1ebfn nh\u01b0 m\u1ed9t lo\u00e0i\u00a0ch\u00f3 s\u0103n\u00a0nh\u1ecf. Xu\u1ea5t hi\u1ec7n t\u1eeb\u00a0th\u1ebf k\u1ef7 15, nh\u01b0ng gi\u1ed1ng ch\u00f3 n\u00e0y b\u1eaft \u0111\u1ea7u ph\u00e1t tri\u1ec3n m\u1ea1nh \u1edf \u0110\u1ee9c v\u00e0o th\u1ebf k\u1ef7 th\u1ee9 17. \u0110\u1ebfn th\u1ebf k\u1ef7 19,\u00a0<strong>Dachshund<\/strong>\u00a0\u0111\u01b0\u1ee3c \u0111\u01b0a \u0111\u1ebfnHoa K\u1ef3\u00a0v\u00e0 tr\u1edf th\u00e0nh gi\u1ed1ng ch\u00f3 ph\u1ed5 bi\u1ebfn cho \u0111\u1ebfn ng\u00e0y n\u00e0y. Tuy tr\u1edf th\u00e0nh m\u1ed9t lo\u1ea1i th\u00fa c\u01b0ng, kh\u00f4ng ph\u1ea3i l\u00e0 m\u1ed9t th\u1ee3 s\u0103n, nh\u01b0ng\u00a0<strong>Dachshund<\/strong>\u00a0v\u1eabn duy tr\u00ec \u0111\u01b0\u1ee3c c\u00e1c \u0111\u1eb7c t\u00ednh \u0111\u1ed9c l\u1eadp, can \u0111\u1ea3m v\u00e0 d\u0169ng c\u1ea3m, r\u1ea5t cu\u1ed1n h\u00fat v\u00e0 \u0111em l\u1ea1i c\u1ea3m gi\u00e1c vui t\u01b0\u01a1i.<\/p>\n","protected":false},"featured_media":658,"comment_status":"open","ping_status":"closed","template":"","meta":{"site-sidebar-layout":"default","site-content-layout":"","ast-site-content-layout":"default","site-content-style":"default","site-sidebar-style":"default","ast-global-header-display":"","ast-banner-title-visibility":"","ast-main-header-display":"","ast-hfb-above-header-display":"","ast-hfb-below-header-display":"","ast-hfb-mobile-header-display":"","site-post-title":"","ast-breadcrumbs-content":"","ast-featured-img":"","footer-sml-layout":"","theme-transparent-header-meta":"default","adv-header-id-meta":"","stick-header-meta":"default","header-above-stick-meta":"","header-main-stick-meta":"","header-below-stick-meta":"","astra-migrate-meta-layouts":"set","ast-page-background-enabled":"default","ast-page-background-meta":{"desktop":{"background-color":"var(--ast-global-color-5)","background-image":"","background-repeat":"repeat","background-position":"center center","background-size":"auto","background-attachment":"scroll","background-type":"","background-media":"","overlay-type":"","overlay-color":"","overlay-opacity":"","overlay-gradient":""},"tablet":{"background-color":"","background-image":"","background-repeat":"repeat","background-position":"center center","background-size":"auto","background-attachment":"scroll","background-type":"","background-media":"","overlay-type":"","overlay-color":"","overlay-opacity":"","overlay-gradient":""},"mobile":{"background-color":"","background-image":"","background-repeat":"repeat","background-position":"center center","background-size":"auto","background-attachment":"scroll","background-type":"","background-media":"","overlay-type":"","overlay-color":"","overlay-opacity":"","overlay-gradient":""}},"ast-content-background-meta":{"desktop":{"background-color":"var(--ast-global-color-4)","background-image":"","background-repeat":"repeat","background-position":"center center","background-size":"auto","background-attachment":"scroll","background-type":"","background-media":"","overlay-type":"","overlay-color":"","overlay-opacity":"","overlay-gradient":""},"tablet":{"background-color":"var(--ast-global-color-4)","background-image":"","background-repeat":"repeat","background-position":"center center","background-size":"auto","background-attachment":"scroll","background-type":"","background-media":"","overlay-type":"","overlay-color":"","overlay-opacity":"","overlay-gradient":""},"mobile":{"background-color":"var(--ast-global-color-4)","background-image":"","background-repeat":"repeat","background-position":"center center","background-size":"auto","background-attachment":"scroll","background-type":"","background-media":"","overlay-type":"","overlay-color":"","overlay-opacity":"","overlay-gradient":""}}},"product_brand":[],"product_cat":[19,35],"product_tag":[],"class_list":{"0":"post-654","1":"product","2":"type-product","3":"status-publish","4":"has-post-thumbnail","6":"product_cat-cho","7":"product_cat-cho-canh","8":"desktop-align-left","9":"tablet-align-left","10":"mobile-align-left","11":"ast-product-gallery-layout-horizontal-slider","12":"ast-product-single-variable","13":"ast-product-tabs-layout-horizontal","15":"first","16":"instock","17":"shipping-taxable","18":"purchasable","19":"product-type-variable"},"_links":{"self":[{"href":"https:\/\/tduong2212.io.vn\/index.php\/wp-json\/wp\/v2\/product\/654","targetHints":{"allow":["GET"]}}],"collection":[{"href":"https:\/\/tduong2212.io.vn\/index.php\/wp-json\/wp\/v2\/product"}],"about":[{"href":"https:\/\/tduong2212.io.vn\/index.php\/wp-json\/wp\/v2\/types\/product"}],"replies":[{"embeddable":true,"href":"https:\/\/tduong2212.io.vn\/index.php\/wp-json\/wp\/v2\/comments?post=654"}],"wp:featuredmedia":[{"embeddable":true,"href":"https:\/\/tduong2212.io.vn\/index.php\/wp-json\/wp\/v2\/media\/658"}],"wp:attachment":[{"href":"https:\/\/tduong2212.io.vn\/index.php\/wp-json\/wp\/v2\/media?parent=654"}],"wp:term":[{"taxonomy":"product_brand","embeddable":true,"href":"https:\/\/tduong2212.io.vn\/index.php\/wp-json\/wp\/v2\/product_brand?post=654"},{"taxonomy":"product_cat","embeddable":true,"href":"https:\/\/tduong2212.io.vn\/index.php\/wp-json\/wp\/v2\/product_cat?post=654"},{"taxonomy":"product_tag","embeddable":true,"href":"https:\/\/tduong2212.io.vn\/index.php\/wp-json\/wp\/v2\/product_tag?post=654"}],"curies":[{"name":"wp","href":"https:\/\/api.w.org\/{rel}","templated":true}]}}