{"id":614,"date":"2025-11-25T15:00:53","date_gmt":"2025-11-25T08:00:53","guid":{"rendered":"https:\/\/tduong2212.io.vn\/?post_type=product&#038;p=614"},"modified":"2026-04-22T06:14:54","modified_gmt":"2026-04-21T23:14:54","slug":"meo-ba-tu-persian","status":"publish","type":"product","link":"https:\/\/tduong2212.io.vn\/index.php\/san-pham\/meo-ba-tu-persian\/","title":{"rendered":"M\u00e8o Ba T\u01b0 Persian"},"content":{"rendered":"<h2 id=\"tab-con-7\"><strong>1. Ngu\u1ed3n g\u1ed1c m\u00e8o Ba T\u01b0<\/strong><\/h2>\n<p>Nh\u01b0 t\u00ean g\u1ecdi ph\u1ed5 bi\u1ebfn m\u00e0 ch\u00fang ta bi\u1ebft \u0111\u1ebfn, m\u00e8o Ba T\u01b0\u00a0c\u00f3 ngu\u1ed3n g\u1ed1c t\u1eeb v\u01b0\u01a1ng qu\u1ed1c Ba T\u01b0 c\u1ed5 \u0111\u1ea1i, ng\u00e0y nay l\u00e0 \u0111\u1ea5t n\u01b0\u1edbc Iran.\u00a0T\u1ed5 ti\u00ean c\u1ee7a ch\u00fang\u00a0l\u00e0 nh\u1eefng con m\u00e8o b\u1ea3n \u0111\u1ecba Iran \u0111\u01b0\u1ee3c nh\u1eadp kh\u1ea9u v\u00e0o \u00dd n\u0103m 1620. Ch\u00fang \u0111\u01b0\u1ee3c cho l\u00e0 c\u00f3 h\u1ecd h\u00e0ng g\u1ea7n v\u1edbi\u00a0m\u00e8o Angora Th\u1ed5 Nh\u0129 K\u1ef3. Persian\u00a0\u0111\u01b0\u1ee3c ph\u00e1t hi\u1ec7n t\u1eeb kh\u00e1 s\u1edbm v\u00e0 \u0111\u01b0\u1ee3c ch\u0103m s\u00f3c b\u1edfi ng\u01b0\u1eddi d\u00e2n \u1edf \u0111\u00e2y \u0111\u1ec3 tr\u1edf th\u00e0nh m\u1ed9t th\u00e0nh vi\u00ean th\u00fa c\u01b0ng trong gia \u0111\u00ecnh. Lo\u00e0i m\u00e8o Ba T\u01b0 ph\u00e1t tri\u1ec3n m\u1ea1nh m\u1ebd, ng\u00e0y c\u00e0ng tr\u1edf n\u00ean ph\u1ed5 bi\u1ebfn \u1edf c\u00e1c n\u01b0\u1edbc Ch\u00e2u \u00c2u t\u1eeb sau khi \u0111\u01b0\u1ee3c ng\u01b0\u1eddi Anh mang v\u1ec1 \u0111\u1ec3 nh\u00e2n gi\u1ed1ng r\u1ed9ng r\u00e3i.<\/p>\n<h2 id=\"tab-con-8\"><strong>2. \u0110\u1eb7c \u0111i\u1ec3m v\u1ec1 ngo\u1ea1i h\u00ecnh c\u1ee7a m\u00e8o Ba T\u01b0<\/strong><\/h2>\n<p>Ngo\u1ea1i h\u00ecnh qu\u00fd ph\u00e1i, quy\u1ebfn r\u0169 v\u00e0 kh\u00f4ng k\u00e9m ph\u1ea7n \u0111\u00e1ng y\u00eau c\u1ee7a Persian s\u1ebd khi\u1ebfn tim b\u1ea1n tan ch\u1ea3y kh\u00f4ng th\u00f4i. Th\u00e2n h\u00ecnh m\u00e8o Ba T\u01b0 thu\u1ea7n ch\u1ee7ng v\u00e0o d\u1ea1ng c\u1ee1 trung b\u00ecnh, c\u01a1 th\u1ec3 ch\u00fang kh\u00e1 s\u0103n ch\u1eafc, b\u1ed9 l\u00f4ng quy\u1ebfn r\u0169\u00a0v\u1edbi 4 ch\u00e2n ng\u1eafn v\u00e0\u00a0b\u00e0n ch\u00e2n\u00a0b\u1ee5 b\u1eabm.\u200b<\/p>\n<p>B\u1ed9 l\u00f4ng ch\u00ednh l\u00e0 v\u0169 kh\u00ed thu h\u00fat \u00e1nh nh\u00ecn c\u1ef1c k\u00ec quan tr\u1ecdng \u1edf m\u00e8o. B\u00ean c\u1ea1nh gi\u1ed1ng m\u00e8o Ba T\u01b0 Exotic l\u00f4ng ng\u1eafn, b\u1ed9 l\u00f4ng m\u00e8o Ba T\u01b0 thu\u1ea7n ch\u1ee7ng\u00a0r\u1ea5t d\u00e0y v\u00e0 d\u00e0i, bao g\u1ed3m 2 l\u1edbp, ph\u1ee7 d\u00e0i kh\u1eafp c\u01a1 th\u1ec3 v\u00e0 \u1edf nh\u1eefng khu v\u1ef1c\u00a0d\u01b0\u1edbi c\u1ed5, b\u1ee5ng, \u0111u\u00f4i,\u00a0d\u01b0\u1edbi ng\u1ef1c\u00a0c\u00f3 xu h\u01b0\u1edbng m\u1ecdc d\u00e0y h\u01a1n.<\/p>\n<p>Ph\u1ea7n \u0111u\u00f4i c\u1ee7a m\u00e8o Ba T\u01b0 kh\u00e1 d\u00e0i, l\u00f4ng ph\u1ee7 d\u00e0y, m\u1ed7i khi di chuy\u1ec3n, \u0111u\u00f4i c\u1ee7a ch\u00fang d\u1ef1ng l\u00ean v\u00e0 l\u1edbp l\u00f4ng d\u00e0i ph\u1ee7 xu\u1ed1ng v\u00f4 c\u00f9ng quy\u1ebfn r\u0169. B\u1ed9 l\u00f4ng m\u1ec1m m\u01b0\u1ee3t, qu\u00fd ph\u00e1i c\u1ee7a gi\u1ed1ng m\u00e8o n\u00e0y c\u00f2n c\u00f3 r\u1ea5t nhi\u1ec1u c\u00e1c m\u00e0u s\u1eafc kh\u00e1c nhau. C\u00f3 th\u1ec3 k\u1ec3 \u0111\u1ebfn nh\u01b0: m\u00e0u kem, m\u00e0u v\u00e0ng, \u0111en, tr\u1eafng, n\u00e2u, x\u00e1m xanh, \u0111\u1ecf, m\u00e0u v\u1eb1n v\u1ec7n, m\u00e0u hoa c\u00e0, b\u1ea1c, m\u00e0u s\u00f4 c\u00f4 la, m\u00e0u kh\u00f3i,&#8230;<\/p>\n<h2 id=\"tab-con-9\"><strong>3. T\u00ednh c\u00e1ch c\u1ee7a m\u00e8o Ba T\u01b0<\/strong><\/h2>\n<ul>\n<li>\n<h4>T\u00ednh c\u00e1ch<\/h4>\n<\/li>\n<\/ul>\n<p>M\u00e8o Ba T\u01b0 n\u1ed5i ti\u1ebfng l\u00e0 m\u1ed9t th\u00e0nh vi\u00ean th\u00fa c\u01b0ng\u00a0th\u00e2n thi\u1ec7n, hi\u1ec1n l\u00e0nh, th\u00f4ng minh v\u00e0 r\u1ea5t \u00f4n h\u00f2a v\u1edbi c\u1ea3 con ng\u01b0\u1eddi v\u00e0 nh\u1eefng lo\u00e0i v\u1eadt kh\u00e1c. Gi\u1ed1ng m\u00e8o qu\u00fd ph\u00e1i\u00a0n\u00e0y kh\u00f4ng hay\u00a0ch\u1ea1y nh\u1ea3y, ngh\u1ecbch ng\u1ee3m hay ph\u00e1 ph\u00e1ch nh\u01b0 nh\u1eefng gi\u1ed1ng kh\u00e1c. Vi\u1ec7c c\u00f3 m\u1ed9t em m\u00e8o Persian trong nh\u00e0 s\u1ebd khi\u1ebfn b\u1ea7u kh\u00f4ng kh\u00ed th\u01b0 gi\u00e3n h\u01a1n nhi\u1ec1u \u0111\u1ea5y.<\/p>\n<ul>\n<li>\n<h4>T\u1eadp t\u00ednh<\/h4>\n<\/li>\n<\/ul>\n<p>M\u00e8o Ba T\u01b0 s\u1ed1ng r\u1ea5t \u00f4n h\u00f2a, t\u00ecnh c\u1ea3m v\u00e0 c\u1ef1c k\u1ef3 trung th\u00e0nh v\u1edbi ch\u1ee7 nh\u00e2n c\u00f9ng nh\u1eefng b\u00e9 th\u00fa c\u01b0ng kh\u00e1c trong nh\u00e0. \u0110\u1eb7c bi\u1ec7t, lo\u00e0i m\u00e8o n\u00e0y r\u1ea5t th\u00f4ng minh v\u00e0 kh\u00e1 nh\u1ea1y c\u1ea3m. Ch\u00fang c\u00f3\u00a0c\u00e1ch th\u1ec3 hi\u1ec7n t\u00ecnh c\u1ea3m\u00a0c\u1ee7a ri\u00eang m\u00ecnh,\u00a0 lu\u00f4n ngoan ngo\u00e3n, c\u01b0 x\u1eed nh\u1eb9 nh\u00e0ng, th\u00edch h\u1ee3p \u0111\u1ec3 b\u1ea7u b\u1ea1n v\u00e0 ch\u01a1i c\u00f9ng tr\u1ebb em. Ngay c\u1ea3 nh\u1eefng ng\u01b0\u1eddi b\u1eadn r\u1ed9n c\u0169ng c\u00f3 th\u1ec3 nu\u00f4i m\u00e8o Ba T\u01b0 v\u00ec s\u1ef1 t\u1ef1 l\u1eadp, kh\u00f4ng c\u1ea7n nu\u00f4ng chi\u1ec1u qu\u00e1 m\u1ee9c nh\u01b0ng v\u1eabn vui v\u1ebb \u1edf b\u00ean b\u1ea1n. Lo\u00e0i m\u00e8o n\u00e0y c\u00f3 th\u1ec3 \u1edf trong nh\u00e0 c\u1ea3 ng\u00e0y n\u1ebfu b\u1ea1n \u0111i l\u00e0m m\u00e0 kh\u00f4ng qu\u1ea5y ph\u00e1 hay c\u1ea3m th\u1ea5y bu\u1ed3n ch\u00e1n.<\/p>\n","protected":false},"excerpt":{"rendered":"<p><strong>Gi\u1ed1ng m\u00e8o Persian<\/strong>, hay c\u00f2n \u0111\u01b0\u1ee3c bi\u1ebft l\u00e0 m\u00e8o Ba T\u01b0, s\u1ef1 xu\u1ea5t hi\u1ec7n c\u1ee7a ch\u00fang lu\u00f4n\u00a0l\u00e0 t\u00e2m \u0111i\u1ec3m ch\u00fa \u00fd b\u1edfi v\u1ebb ngo\u00e0i c\u1ef1c h\u00fat m\u1eaft: b\u1ed9 l\u00f4ng quy\u1ebfn r\u0169, g\u01b0\u01a1ng m\u1eb7t ng\u1eafn n\u1ed5i b\u1eadt&#8230; M\u1ed9t gi\u1ed1ng m\u00e8o qu\u00fd ph\u00e1i nh\u01b0 m\u00e8o\u00a0Ba T\u01b0 c\u0169ng l\u00e0 ni\u1ec1m m\u01a1 \u01b0\u1edbc s\u1edf h\u1eefu m\u1ed9t em\u00a0c\u1ee7a c\u1ed9ng \u0111\u1ed3ng y\u00eau m\u00e8o.<\/p>\n","protected":false},"featured_media":617,"comment_status":"open","ping_status":"closed","template":"","meta":{"site-sidebar-layout":"default","site-content-layout":"","ast-site-content-layout":"default","site-content-style":"default","site-sidebar-style":"default","ast-global-header-display":"","ast-banner-title-visibility":"","ast-main-header-display":"","ast-hfb-above-header-display":"","ast-hfb-below-header-display":"","ast-hfb-mobile-header-display":"","site-post-title":"","ast-breadcrumbs-content":"","ast-featured-img":"","footer-sml-layout":"","theme-transparent-header-meta":"default","adv-header-id-meta":"","stick-header-meta":"default","header-above-stick-meta":"","header-main-stick-meta":"","header-below-stick-meta":"","astra-migrate-meta-layouts":"set","ast-page-background-enabled":"default","ast-page-background-meta":{"desktop":{"background-color":"var(--ast-global-color-5)","background-image":"","background-repeat":"repeat","background-position":"center center","background-size":"auto","background-attachment":"scroll","background-type":"","background-media":"","overlay-type":"","overlay-color":"","overlay-opacity":"","overlay-gradient":""},"tablet":{"background-color":"","background-image":"","background-repeat":"repeat","background-position":"center center","background-size":"auto","background-attachment":"scroll","background-type":"","background-media":"","overlay-type":"","overlay-color":"","overlay-opacity":"","overlay-gradient":""},"mobile":{"background-color":"","background-image":"","background-repeat":"repeat","background-position":"center center","background-size":"auto","background-attachment":"scroll","background-type":"","background-media":"","overlay-type":"","overlay-color":"","overlay-opacity":"","overlay-gradient":""}},"ast-content-background-meta":{"desktop":{"background-color":"var(--ast-global-color-4)","background-image":"","background-repeat":"repeat","background-position":"center center","background-size":"auto","background-attachment":"scroll","background-type":"","background-media":"","overlay-type":"","overlay-color":"","overlay-opacity":"","overlay-gradient":""},"tablet":{"background-color":"var(--ast-global-color-4)","background-image":"","background-repeat":"repeat","background-position":"center center","background-size":"auto","background-attachment":"scroll","background-type":"","background-media":"","overlay-type":"","overlay-color":"","overlay-opacity":"","overlay-gradient":""},"mobile":{"background-color":"var(--ast-global-color-4)","background-image":"","background-repeat":"repeat","background-position":"center center","background-size":"auto","background-attachment":"scroll","background-type":"","background-media":"","overlay-type":"","overlay-color":"","overlay-opacity":"","overlay-gradient":""}}},"product_brand":[],"product_cat":[20],"product_tag":[],"class_list":{"0":"post-614","1":"product","2":"type-product","3":"status-publish","4":"has-post-thumbnail","6":"product_cat-meo","7":"desktop-align-left","8":"tablet-align-left","9":"mobile-align-left","10":"ast-product-gallery-layout-horizontal-slider","11":"ast-product-single-variable","12":"ast-product-tabs-layout-horizontal","14":"first","15":"instock","16":"sold-individually","17":"shipping-taxable","18":"purchasable","19":"product-type-variable"},"_links":{"self":[{"href":"https:\/\/tduong2212.io.vn\/index.php\/wp-json\/wp\/v2\/product\/614","targetHints":{"allow":["GET"]}}],"collection":[{"href":"https:\/\/tduong2212.io.vn\/index.php\/wp-json\/wp\/v2\/product"}],"about":[{"href":"https:\/\/tduong2212.io.vn\/index.php\/wp-json\/wp\/v2\/types\/product"}],"replies":[{"embeddable":true,"href":"https:\/\/tduong2212.io.vn\/index.php\/wp-json\/wp\/v2\/comments?post=614"}],"wp:featuredmedia":[{"embeddable":true,"href":"https:\/\/tduong2212.io.vn\/index.php\/wp-json\/wp\/v2\/media\/617"}],"wp:attachment":[{"href":"https:\/\/tduong2212.io.vn\/index.php\/wp-json\/wp\/v2\/media?parent=614"}],"wp:term":[{"taxonomy":"product_brand","embeddable":true,"href":"https:\/\/tduong2212.io.vn\/index.php\/wp-json\/wp\/v2\/product_brand?post=614"},{"taxonomy":"product_cat","embeddable":true,"href":"https:\/\/tduong2212.io.vn\/index.php\/wp-json\/wp\/v2\/product_cat?post=614"},{"taxonomy":"product_tag","embeddable":true,"href":"https:\/\/tduong2212.io.vn\/index.php\/wp-json\/wp\/v2\/product_tag?post=614"}],"curies":[{"name":"wp","href":"https:\/\/api.w.org\/{rel}","templated":true}]}}