{"id":605,"date":"2025-11-25T14:42:17","date_gmt":"2025-11-25T07:42:17","guid":{"rendered":"https:\/\/tduong2212.io.vn\/?post_type=product&#038;p=605"},"modified":"2025-12-25T08:44:42","modified_gmt":"2025-12-25T01:44:42","slug":"cho-pomeranian","status":"publish","type":"product","link":"https:\/\/tduong2212.io.vn\/index.php\/san-pham\/cho-pomeranian\/","title":{"rendered":"Ch\u00f3 Pomeranian"},"content":{"rendered":"<p>Ch\u00f3 Pomeranian (Pom) hay c\u00f2n \u0111\u01b0\u1ee3c g\u1ecdi l\u00e0 ph\u1ed1c, fox s\u00f3c. C\u00e1c b\u00e9 c\u00f3 th\u00e2n h\u00ecnh r\u1ea5t mini nh\u1ecf x\u00edu xiu. B\u1ed9 l\u00f4ng b\u00f4ng x\u00f9 nh\u00ecn kh\u00f4ng kh\u00e1c g\u00ec m\u1ed9t b\u00e9 c\u00fan \u0111\u1ed3 ch\u01a1i b\u1eb1ng b\u00f4ng xinh x\u1eafn. H\u00e3y gh\u00e9 PetXinh \u0111\u1ec3 mua m\u1ed9t b\u00e9 ch\u00f3 pom (ph\u1ed1c) th\u1eadt xinh v\u1ec1 l\u00e0m b\u1ea1n nhe. M\u1ecdi ng\u01b0\u1eddi s\u1ebd ganh t\u1ecb v\u1edbi b\u1ea1n v\u00ec c\u00f3 m\u1ed9t b\u00e9 th\u00fa c\u01b0ng th\u1eadt \u0111\u00e1ng y\u00eau \u0111\u00f3.<\/p>\n<h2>Ngu\u1ed3n G\u1ed1c Ch\u00f3 Pomeranian (pom, ph\u1ed1c, fox s\u00f3c)<\/h2>\n<p>Ch\u00f3 Pomeranian (Ch\u00f3 Pom) \u1edf Vi\u1ec7t Nam ta v\u1eabn hay g\u1ecdi l\u00e0 c\u00f3 ph\u1ed1c, ho\u1eb7c ch\u00f3 fox s\u00f3c. C\u00e1c b\u00e9 c\u00f3 ngu\u1ed3n g\u1ed1c t\u1eeb Trung \u00c2u t\u1eeb r\u1ea5t x\u01b0a r\u1ed3i c\u00e1c b\u1ea1n \u1ea1. Th\u1eadt ra t\u00ean c\u00e1c b\u00e9 l\u00e0 \u0111\u01b0\u1ee3c l\u1ea5y t\u1eeb \u0111\u1ecba danh Pomeranian n\u1eb1m \u1edf T\u00e2y B\u1eafc Ba Lan v\u00e0 \u0110\u00f4ng B\u1eafc \u0110\u1ee9c b\u00e2y gi\u1edd. Ng\u00e0y x\u01b0a c\u00e1c b\u00e9 c\u00f3 h\u00ecnh d\u00e1ng to h\u01a1n b\u00e2y gi\u1edd \u0111\u00f3 v\u00e0 \u0111\u01b0\u1ee3c d\u00f9ng v\u00e0o m\u1ee5c \u0111\u00edch l\u00e0 ch\u0103n c\u1eebu. Do qu\u00e1 tr\u00ecnh nh\u00e2n gi\u1ed1ng l\u00e0 lai t\u1ea1o, c\u00e1c b\u00e9 b\u00e2y gi\u1edd c\u00f3 k\u00edch th\u01b0\u1edbc si\u00eau nh\u1ecf lu\u00f4n. N\u0103m 1988, N\u1eef ho\u00e0ng Victoria \u0111\u00e3 b\u1eaft \u0111\u1ea7u cho lai gi\u1ed1ng v\u00e0 khi\u1ebfn ch\u00fang nh\u1ecf x\u00edu nh\u01b0 b\u00e2y gi\u1edd \u0111\u00f3.<\/p>\n<h2>\u0110\u1eb7c \u0111i\u1ec3m<\/h2>\n<p>\u0110\u1eb7c \u0111i\u1ec3m n\u1ed5i b\u1eadt khi\u1ebfn ai y\u00eau th\u00edch gi\u1ed1ng ch\u00f3 pom n\u00e0y \u0111\u00f3 l\u00e0 k\u00edch th\u01b0\u1edbc nh\u1ecf x\u00edu. Khi\u1ebfn c\u00e1c b\u00e9 tr\u1edf n\u00ean xinh x\u1eafn lon ton nh\u01b0 m\u1ed9t b\u00e9 c\u00fan b\u00f4ng b\u1eb1ng \u0111\u1ed3 ch\u01a1i. M\u1ed9t b\u00e9 tr\u01b0\u1edfng th\u00e0nh c\u00f3 chi\u1ec1u d\u00e0i c\u01a1 t\u1eed t\u1eeb 18-30cm trong l\u01b0\u1ee3ng t\u1eeb 1-3kg. C\u01a1 th\u1ec3 h\u00e0i h\u00f2a c\u00e2n x\u1ee9ng. D\u00f2ng ph\u1ed1c s\u00f3c nguy\u00ean th\u1ee7y s\u1ebd c\u00f3 m\u0169i d\u00e0i g\u01b0\u01a1ng m\u1eb7t tam gi\u00e1c c\u00e2n x\u1ee9ng nh\u01b0 m\u1eb7t c\u00e1o. N\u00ean ch\u00fang c\u00f2n \u0111\u01b0\u1ee3c g\u1ecdi l\u00e0 fox (ph\u1ed1c) s\u00f3c l\u00e0 c\u00e1o nh\u1ecf nh\u01b0 s\u00f3c. Tuy nhi\u00ean hi\u1ec7n c\u00f3 nhi\u1ec1u d\u00f2ng ph\u1ed1c \u0111\u01b0\u1ee3c l\u1ea1i t\u1ea1o khi\u1ebfn m\u1eb7t ng\u1eafn, m\u1ed9t s\u1ed1 d\u00f2ng c\u00f3 m\u0169i t\u1eb9t nh\u01b0 (ph\u1ed1c m\u1eb7t g\u1ea5u, ph\u1ed1c g\u1ea5u).<\/p>\n<p>C\u00e1c b\u00e9 ph\u1ed1c c\u00f3 b\u1ed9 l\u00f4ng x\u00f9 m\u1ec1m m\u1ea1i. M\u00e0u l\u00f4ng c\u1ee7a c\u00e1c b\u00e9 r\u1ea5t \u0111a d\u1ea1ng. C\u00f3 tr\u1eafng, x\u00e1m, v\u00e0ng, kem, n\u00e2u, \u0111en\u2026. M\u1ed9t s\u1ed1 ch\u1ee7 nh\u00e2n c\u00f3 kinh ph\u00ed th\u01b0\u1eddng s\u1ebd d\u1eaft c\u00e1c b\u00e9 \u0111i spa l\u00f4ng \u0111\u1ec3 t\u1ec9a cho c\u00e1c b\u00e9 nh\u01b0 nh\u1eefng ch\u00fa th\u00fa b\u00f4ng th\u1eadt s\u1ef1 lu\u00f4n.<\/p>\n<ul class=\"tabs wc-tabs\" role=\"tablist\">\n<li id=\"tab-title-description\" class=\"description_tab active\" role=\"tab\" aria-controls=\"tab-description\"><a href=\"https:\/\/www.petxinh.net\/cho-pomeranian-pom-fox-soc-phoc-sieu-mini\/#tab-description\">M\u00f4 t\u1ea3<\/a><\/li>\n<li id=\"tab-title-additional_information\" class=\"additional_information_tab\" role=\"tab\" aria-controls=\"tab-additional_information\"><a href=\"https:\/\/www.petxinh.net\/cho-pomeranian-pom-fox-soc-phoc-sieu-mini\/#tab-additional_information\">Th\u00f4ng tin b\u1ed5 sung<\/a><\/li>\n<\/ul>\n<div id=\"tab-description\" class=\"woocommerce-Tabs-panel woocommerce-Tabs-panel--description panel entry-content wc-tab\" role=\"tabpanel\" aria-labelledby=\"tab-title-description\">\n<h2>M\u00f4 t\u1ea3<\/h2>\n<p>Ch\u00f3 Pomeranian (Pom) hay c\u00f2n \u0111\u01b0\u1ee3c g\u1ecdi l\u00e0 ph\u1ed1c, fox s\u00f3c. C\u00e1c b\u00e9 c\u00f3 th\u00e2n h\u00ecnh r\u1ea5t mini nh\u1ecf x\u00edu xiu. B\u1ed9 l\u00f4ng b\u00f4ng x\u00f9 nh\u00ecn kh\u00f4ng kh\u00e1c g\u00ec m\u1ed9t b\u00e9 c\u00fan \u0111\u1ed3 ch\u01a1i b\u1eb1ng b\u00f4ng xinh x\u1eafn. H\u00e3y gh\u00e9 PetXinh \u0111\u1ec3 mua m\u1ed9t b\u00e9 ch\u00f3 pom (ph\u1ed1c) th\u1eadt xinh v\u1ec1 l\u00e0m b\u1ea1n nhe. M\u1ecdi ng\u01b0\u1eddi s\u1ebd ganh t\u1ecb v\u1edbi b\u1ea1n v\u00ec c\u00f3 m\u1ed9t b\u00e9 th\u00fa c\u01b0ng th\u1eadt \u0111\u00e1ng y\u00eau \u0111\u00f3.<\/p>\n<h2>Ngu\u1ed3n G\u1ed1c Ch\u00f3 Pomeranian (pom, ph\u1ed1c, fox s\u00f3c)<\/h2>\n<p>Ch\u00f3 Pomeranian (Ch\u00f3 Pom) \u1edf Vi\u1ec7t Nam ta v\u1eabn hay g\u1ecdi l\u00e0 c\u00f3 ph\u1ed1c, ho\u1eb7c ch\u00f3 fox s\u00f3c. C\u00e1c b\u00e9 c\u00f3 ngu\u1ed3n g\u1ed1c t\u1eeb Trung \u00c2u t\u1eeb r\u1ea5t x\u01b0a r\u1ed3i c\u00e1c b\u1ea1n \u1ea1. Th\u1eadt ra t\u00ean c\u00e1c b\u00e9 l\u00e0 \u0111\u01b0\u1ee3c l\u1ea5y t\u1eeb \u0111\u1ecba danh Pomeranian n\u1eb1m \u1edf T\u00e2y B\u1eafc Ba Lan v\u00e0 \u0110\u00f4ng B\u1eafc \u0110\u1ee9c b\u00e2y gi\u1edd. Ng\u00e0y x\u01b0a c\u00e1c b\u00e9 c\u00f3 h\u00ecnh d\u00e1ng to h\u01a1n b\u00e2y gi\u1edd \u0111\u00f3 v\u00e0 \u0111\u01b0\u1ee3c d\u00f9ng v\u00e0o m\u1ee5c \u0111\u00edch l\u00e0 ch\u0103n c\u1eebu. Do qu\u00e1 tr\u00ecnh nh\u00e2n gi\u1ed1ng l\u00e0 lai t\u1ea1o, c\u00e1c b\u00e9 b\u00e2y gi\u1edd c\u00f3 k\u00edch th\u01b0\u1edbc si\u00eau nh\u1ecf lu\u00f4n. N\u0103m 1988, N\u1eef ho\u00e0ng Victoria \u0111\u00e3 b\u1eaft \u0111\u1ea7u cho lai gi\u1ed1ng v\u00e0 khi\u1ebfn ch\u00fang nh\u1ecf x\u00edu nh\u01b0 b\u00e2y gi\u1edd \u0111\u00f3 \u1ea1.<\/p>\n<h2>\u0110\u1eb7c \u0111i\u1ec3m<\/h2>\n<p>\u0110\u1eb7c \u0111i\u1ec3m n\u1ed5i b\u1eadt khi\u1ebfn ai y\u00eau th\u00edch gi\u1ed1ng ch\u00f3 pom n\u00e0y \u0111\u00f3 l\u00e0 k\u00edch th\u01b0\u1edbc nh\u1ecf x\u00edu. Khi\u1ebfn c\u00e1c b\u00e9 tr\u1edf n\u00ean xinh x\u1eafn lon ton nh\u01b0 m\u1ed9t b\u00e9 c\u00fan b\u00f4ng b\u1eb1ng \u0111\u1ed3 ch\u01a1i. M\u1ed9t b\u00e9 tr\u01b0\u1edfng th\u00e0nh c\u00f3 chi\u1ec1u d\u00e0i c\u01a1 t\u1eed t\u1eeb 18-30cm trong l\u01b0\u1ee3ng t\u1eeb 1-3kg. C\u01a1 th\u1ec3 h\u00e0i h\u00f2a c\u00e2n x\u1ee9ng. D\u00f2ng ph\u1ed1c s\u00f3c nguy\u00ean th\u1ee7y s\u1ebd c\u00f3 m\u0169i d\u00e0i g\u01b0\u01a1ng m\u1eb7t tam gi\u00e1c c\u00e2n x\u1ee9ng nh\u01b0 m\u1eb7t c\u00e1o. N\u00ean ch\u00fang c\u00f2n \u0111\u01b0\u1ee3c g\u1ecdi l\u00e0 fox (ph\u1ed1c) s\u00f3c l\u00e0 c\u00e1o nh\u1ecf nh\u01b0 s\u00f3c. Tuy nhi\u00ean hi\u1ec7n c\u00f3 nhi\u1ec1u d\u00f2ng ph\u1ed1c \u0111\u01b0\u1ee3c l\u1ea1i t\u1ea1o khi\u1ebfn m\u1eb7t ng\u1eafn, m\u1ed9t s\u1ed1 d\u00f2ng c\u00f3 m\u0169i t\u1eb9t nh\u01b0 (ph\u1ed1c m\u1eb7t g\u1ea5u, ph\u1ed1c g\u1ea5u).<\/p>\n<p>C\u00e1c b\u00e9 ph\u1ed1c c\u00f3 b\u1ed9 l\u00f4ng x\u00f9 m\u1ec1m m\u1ea1i. M\u00e0u l\u00f4ng c\u1ee7a c\u00e1c b\u00e9 r\u1ea5t \u0111a d\u1ea1ng. C\u00f3 tr\u1eafng, x\u00e1m, v\u00e0ng, kem, n\u00e2u, \u0111en\u2026. M\u1ed9t s\u1ed1 ch\u1ee7 nh\u00e2n c\u00f3 kinh ph\u00ed th\u01b0\u1eddng s\u1ebd d\u1eaft c\u00e1c b\u00e9 \u0111i spa l\u00f4ng \u0111\u1ec3 t\u1ec9a cho c\u00e1c b\u00e9 nh\u01b0 nh\u1eefng ch\u00fa th\u00fa b\u00f4ng th\u1eadt s\u1ef1 lu\u00f4n.<\/p>\n<h2>T\u00ednh c\u00e1ch<\/h2>\n<p>C\u00e1c b\u00e9 ph\u1ed1c s\u00f3c r\u1ea5t hi\u1ebfu \u0111\u1ed9ng th\u00edch s\u00f4i n\u1ed5i. C\u00e1c b\u00e9 r\u1ea5t th\u00f4ng minh tinh ngh\u1ecbch v\u00e0 h\u1ecdc h\u1ecfi r\u1ea5t nhanh. V\u00ec l\u00fd do th\u00f4ng minh n\u00ean c\u0169ng th\u01b0\u1eddng \u0111\u01b0\u1ee3c tr\u1edf th\u00e0nh di\u1ec5n vi\u00ean xi\u1ebfc cho c\u00e1c \u0111o\u00e0n xi\u1ebfc th\u00fa.<\/p>\n<p>Tuy nhi\u00ean Pom c\u0169ng l\u00e0 m\u1ed9t trong s\u1ed1 c\u00e1c lo\u1ea1i r\u1ea5t d\u1ec5 m\u1eafc H\u1ed9i Ch\u1ee9ng Ch\u00f3 Nh\u1ecf (Samll Dog Syndrome). M\u00e0 ng\u01b0\u1eddi Vi\u1ec7t Nam ta hay g\u1ecdi vui l\u00e0 ch\u1ea3nh ch\u00f3 \u0111\u00f3. V\u00ec nh\u1ecf nh\u1eafn xinh x\u1eafn c\u00e1c b\u00e9 th\u01b0\u1eddng \u0111\u01b0\u1ee3c ch\u1ee7 c\u01b0ng chi\u1ec1u n\u00ean d\u1ec5 sinh t\u00ednh ki\u00eau k\u1ef3, y\u00eau s\u00e1ch v\u00ec ngh\u0129 m\u00ecnh m\u1edbi l\u00e0 ch\u1ee7 c\u1ee7a con ng\u01b0\u1eddi. H\u1ed9i ch\u1ee9ng n\u00e0y r\u1ea5t nguy hi\u1ec3m, khi\u1ebfn c\u00e1 b\u00e9 b\u01b0\u1edbng b\u1ec9nh, li\u1ec1u l\u0129nh, c\u00f3 khi \u0111\u00f2i t\u1ea5n c\u00f4ng c\u1ea3 c\u00e1c lo\u1ea1i ch\u00f3 kh\u00e1c l\u1edbn h\u01a1n m\u00ecnh. Th\u1ebf n\u00ean d\u00f9 c\u00e1c b\u00e9 nh\u1ecf x\u00edu xinh x\u1eafn, c\u00e1c b\u1ea1n c\u0169ng \u0111\u1eebng nu\u00f4ng chi\u1ec1u c\u00e1c b\u00e9 qu\u00e1 m\u1ee9c nh\u00e9.<\/p>\n<p>C\u00e1c b\u00e9 r\u1ea5t th\u00edch ch\u01a1i \u0111\u00f9a, v\u00e0 \u0111i d\u1ea1o. N\u00ean c\u00e1c b\u1ea1n nh\u1edb th\u01b0\u1eddng xuy\u00ean d\u1eaft c\u00e1c b\u00e9 \u0111i d\u1ea1o trong c\u00f4ng vi\u00ean. Ho\u1eb7c ch\u01a1i \u0111\u00f9a tr\u00ean b\u00e3i c\u1ecf nh\u00e9<\/p>\n<\/div>\n","protected":false},"excerpt":{"rendered":"<p>Ch\u00f3 Pomeranian (Pom) hay c\u00f2n \u0111\u01b0\u1ee3c g\u1ecdi l\u00e0 ph\u1ed1c, fox s\u00f3c. C\u00e1c b\u00e9 c\u00f3 th\u00e2n h\u00ecnh r\u1ea5t mini nh\u1ecf x\u00edu xiu. B\u1ed9 l\u00f4ng b\u00f4ng x\u00f9 nh\u00ecn kh\u00f4ng kh\u00e1c g\u00ec m\u1ed9t b\u00e9 c\u00fan \u0111\u1ed3 ch\u01a1i b\u1eb1ng b\u00f4ng xinh x\u1eafn. H\u00e3y gh\u00e9 PetXinh \u0111\u1ec3 mua m\u1ed9t b\u00e9 ch\u00f3 pom (ph\u1ed1c) th\u1eadt xinh v\u1ec1 l\u00e0m b\u1ea1n nhe. M\u1ecdi ng\u01b0\u1eddi s\u1ebd ganh t\u1ecb v\u1edbi b\u1ea1n v\u00ec c\u00f3 m\u1ed9t b\u00e9 th\u00fa c\u01b0ng th\u1eadt \u0111\u00e1ng y\u00eau \u0111\u00f3.<\/p>\n","protected":false},"featured_media":608,"comment_status":"open","ping_status":"closed","template":"","meta":{"site-sidebar-layout":"default","site-content-layout":"","ast-site-content-layout":"default","site-content-style":"default","site-sidebar-style":"default","ast-global-header-display":"","ast-banner-title-visibility":"","ast-main-header-display":"","ast-hfb-above-header-display":"","ast-hfb-below-header-display":"","ast-hfb-mobile-header-display":"","site-post-title":"","ast-breadcrumbs-content":"","ast-featured-img":"","footer-sml-layout":"","theme-transparent-header-meta":"default","adv-header-id-meta":"","stick-header-meta":"default","header-above-stick-meta":"","header-main-stick-meta":"","header-below-stick-meta":"","astra-migrate-meta-layouts":"set","ast-page-background-enabled":"default","ast-page-background-meta":{"desktop":{"background-color":"var(--ast-global-color-5)","background-image":"","background-repeat":"repeat","background-position":"center center","background-size":"auto","background-attachment":"scroll","background-type":"","background-media":"","overlay-type":"","overlay-color":"","overlay-opacity":"","overlay-gradient":""},"tablet":{"background-color":"","background-image":"","background-repeat":"repeat","background-position":"center center","background-size":"auto","background-attachment":"scroll","background-type":"","background-media":"","overlay-type":"","overlay-color":"","overlay-opacity":"","overlay-gradient":""},"mobile":{"background-color":"","background-image":"","background-repeat":"repeat","background-position":"center center","background-size":"auto","background-attachment":"scroll","background-type":"","background-media":"","overlay-type":"","overlay-color":"","overlay-opacity":"","overlay-gradient":""}},"ast-content-background-meta":{"desktop":{"background-color":"var(--ast-global-color-4)","background-image":"","background-repeat":"repeat","background-position":"center center","background-size":"auto","background-attachment":"scroll","background-type":"","background-media":"","overlay-type":"","overlay-color":"","overlay-opacity":"","overlay-gradient":""},"tablet":{"background-color":"var(--ast-global-color-4)","background-image":"","background-repeat":"repeat","background-position":"center center","background-size":"auto","background-attachment":"scroll","background-type":"","background-media":"","overlay-type":"","overlay-color":"","overlay-opacity":"","overlay-gradient":""},"mobile":{"background-color":"var(--ast-global-color-4)","background-image":"","background-repeat":"repeat","background-position":"center center","background-size":"auto","background-attachment":"scroll","background-type":"","background-media":"","overlay-type":"","overlay-color":"","overlay-opacity":"","overlay-gradient":""}}},"product_brand":[],"product_cat":[19,35],"product_tag":[],"class_list":{"0":"post-605","1":"product","2":"type-product","3":"status-publish","4":"has-post-thumbnail","6":"product_cat-cho","7":"product_cat-cho-canh","8":"desktop-align-left","9":"tablet-align-left","10":"mobile-align-left","11":"ast-product-gallery-layout-horizontal-slider","12":"ast-product-single-variable","13":"ast-product-tabs-layout-horizontal","15":"first","16":"instock","17":"shipping-taxable","18":"purchasable","19":"product-type-variable"},"_links":{"self":[{"href":"https:\/\/tduong2212.io.vn\/index.php\/wp-json\/wp\/v2\/product\/605","targetHints":{"allow":["GET"]}}],"collection":[{"href":"https:\/\/tduong2212.io.vn\/index.php\/wp-json\/wp\/v2\/product"}],"about":[{"href":"https:\/\/tduong2212.io.vn\/index.php\/wp-json\/wp\/v2\/types\/product"}],"replies":[{"embeddable":true,"href":"https:\/\/tduong2212.io.vn\/index.php\/wp-json\/wp\/v2\/comments?post=605"}],"wp:featuredmedia":[{"embeddable":true,"href":"https:\/\/tduong2212.io.vn\/index.php\/wp-json\/wp\/v2\/media\/608"}],"wp:attachment":[{"href":"https:\/\/tduong2212.io.vn\/index.php\/wp-json\/wp\/v2\/media?parent=605"}],"wp:term":[{"taxonomy":"product_brand","embeddable":true,"href":"https:\/\/tduong2212.io.vn\/index.php\/wp-json\/wp\/v2\/product_brand?post=605"},{"taxonomy":"product_cat","embeddable":true,"href":"https:\/\/tduong2212.io.vn\/index.php\/wp-json\/wp\/v2\/product_cat?post=605"},{"taxonomy":"product_tag","embeddable":true,"href":"https:\/\/tduong2212.io.vn\/index.php\/wp-json\/wp\/v2\/product_tag?post=605"}],"curies":[{"name":"wp","href":"https:\/\/api.w.org\/{rel}","templated":true}]}}