{"id":597,"date":"2025-11-25T14:18:49","date_gmt":"2025-11-25T07:18:49","guid":{"rendered":"https:\/\/tduong2212.io.vn\/?post_type=product&#038;p=597"},"modified":"2026-02-26T15:24:11","modified_gmt":"2026-02-26T08:24:11","slug":"cho-pug-mat-xe","status":"publish","type":"product","link":"https:\/\/tduong2212.io.vn\/index.php\/san-pham\/cho-pug-mat-xe\/","title":{"rendered":"Ch\u00f3 Pug M\u1eb7t X\u1ec7"},"content":{"rendered":"<div id=\"attachment_19342\" class=\"wp-caption alignleft\">\n<h1>Ch\u00f3 Pug, ch\u00f3 m\u1eb7t x\u1ec7<\/h1>\n<p>V\u1edbi th\u00e2n h\u00ecnh nh\u1ecf nh\u1eafn xinh x\u1eafn v\u00e0 m\u1ed9t g\u01b0\u01a1ng m\u1eb7t x\u1ec7 ng\u1ea7u bi\u1ec3u c\u1ea3m, Pug m\u1eb7t x\u1ec7 h\u1eafn \u0111\u00e3 l\u00e0m xao xuy\u1ebfn bi\u1ebft bao c\u00f4 c\u1eadu ch\u1ee7 \u0111\u00fang kh\u00f4ng n\u00e8?<\/p>\n<p>C\u00f3 m\u1eb7t t\u1eeb l\u00e2u \u0111\u1eddi tr\u00ean th\u1ebf gi\u1edbi, t\u1ed5 ti\u00ean c\u1ee7a gi\u1ed1ng ch\u00f3 pug xu\u1ea5t x\u1ee9 t\u1eeb r\u1ea5t Ch\u00e2u \u00c1 Trung Qu\u1ed1c kho\u1ea3ng 400 n\u0103m tr\u01b0\u1edbc c\u00f4ng nguy\u00ean. V\u1edbi v\u00f3c d\u00e1ng nh\u1ecf b\u00e9 xinh x\u1eafn c\u00f9ng g\u01b0\u01a1ng m\u1eb7t th\u1eadt ng\u1ea7u bi\u1ec3u c\u1ea3m, T\u1eeb th\u1ebf k\u1ef7 16 Pug \u0111\u00e3 tr\u1edf th\u00e0nh lo\u00e0i ch\u00f3 y\u00eau th\u00edch c\u1ee7a gi\u1edbi qu\u00fd t\u1ed9c ch\u00e2u \u00c2u. Sau \u0111\u00f3 \u0111\u01b0\u1ee3c \u0111em t\u1edbi M\u1ef9 \u0111\u1ec3 nh\u00e2n gi\u1ed1ng v\u00e0 lai t\u1ea1o. Cho t\u1edbi n\u0103m 1855, gi\u1ed1ng c\u00f3 Pug \u0111\u00e3 \u0111\u01b0\u1ee3c Li\u00ean \u0111o\u00e0n ch\u00f3 c\u1ee7a M\u1ef9 ch\u00ednh th\u1ee9c c\u00f4ng nh\u1eadn.<\/p>\n<p>Nhi\u1ec1u ng\u01b0\u1eddi s\u1ebd hay nh\u1ea7m l\u1eabn gi\u1eefa ch\u00f3 pug v\u00e0 bull ph\u00e1p. Nh\u01b0ng khi xem qua b\u1ea1n s\u1ebd th\u1ea5y c\u00f3 pug v\u00e0 bull ph\u00e1p r\u1ea5t kh\u00e1c nhau. Th\u00e2n h\u00ecnh ch\u00f3 Pug to ngang v\u00e0 \u0111\u01b0\u1ee3c g\u1ecdi l\u00e0 body \u201cvu\u00f4ng\u201d \u2013 chi\u1ec1u cao t\u1eeb ch\u00e2n \u0111\u1ebfn vai g\u1ea7n b\u1eb1ng chi\u1ec1u d\u00e0i t\u1eeb vai \u0111\u1ebfn m\u00f4ng. Tuy thu\u1ed9c d\u00f2ng c\u00f3 nh\u1ecf nh\u01b0ng ch\u00e2n c\u1ee7a pug thu\u1ea7n ch\u1ee7ng s\u1ebd h\u01a1i cao (c\u00f3 c\u00f3 body vu\u00f4ng) ch\u1ee9 ko ph\u1ea3i d\u1ea1ng ch\u00e2n l\u00f9n nh\u01b0 dachshund hay c\u00e1c gi\u1ed1ng ch\u00f3 mini kh\u00e1c. Ch\u00f3 Pug thu\u1ea7n ch\u1ee7ng c\u00f3 c\u01a1 th\u1ec3 g\u1ecdn v\u00e0 ch\u1eafc ch\u1ee9 kh\u00f4ng x\u1ed3 x\u1ec1 nh\u01b0 ch\u00f3 bull ph\u00e1p.<\/p>\n<p>Vai th\u01b0\u1eddng r\u1ed9ng h\u01a1n m\u00f4ng, b\u1ed9 l\u00f4ng ng\u1eafn m\u1ec1m m\u1ea1i khi\u1ebfn b\u1ea1n c\u1ee9 mu\u1ed1n vu\u1ed1t ve c\u00e1c b\u00e9 pug m\u00e3i th\u00f4i.\u00a0\u0110\u1ea7u c\u1ee7a ch\u00fang r\u1ea5t l\u1edbn, tr\u00f2n h\u00ecnh b\u00e1nh bao. Tai l\u1edbn, tr\u00f2n v\u00e0 c\u1ee5p, \u0111\u00f4i m\u1eaft r\u1ea5t to tr\u00f2n v\u00e0 c\u00f3 m\u00e0u n\u00e2u s\u1eabm. Mi\u1ec7ng ch\u00f3 pug r\u1ed9ng, h\u00e0m to v\u00e0 kh\u1ecfe. H\u00e0m d\u01b0\u1edbi d\u00e0i h\u01a1n h\u00e0m tr\u00ean n\u00ean th\u01b0\u1eddng nh\u00f4 ra b\u00ean ngo\u00e0i. G\u01b0\u01a1ng m\u1eb7t c\u0169ng ch\u00ednh l\u00e0 \u0111i\u1ec3m nh\u1ea5n \u0111\u00e1ng y\u00eau c\u1ee7a gi\u1ed1ng ch\u00f3 n\u00e0y. Da m\u1eb7t ch\u00fang d\u00e0y v\u00e0 ch\u1ea3y x\u1ec7 x\u1ebfp th\u00e0nh n\u1ebfp nh\u1eafn . N\u00ean g\u01b0\u01a1ng m\u1eb7t bi\u1ec3u c\u1ea3m h\u00e0i h\u01b0\u1edbc \u0111\u00e3 khi\u1ebfn kh\u00f4ng \u00edt ng\u01b0\u1eddi m\u00ea c\u00e1c b\u00e9 ch\u00f3 pug. M\u0169i v\u00e0 mi\u1ec7ng th\u01b0\u1eddng c\u00f3 m\u00e0u \u0111en. M\u1eb7t pug c\u00e0ng nhi\u1ec1u n\u1ebfp c\u00e0ng \u0111\u1eb9p. Ch\u00fang l\u00e0 gi\u1ed1ng ch\u00f3 c\u00f3 khu\u00f4n m\u1eb7t x\u1ec7 nh\u1ea5t trong t\u1ea5t c\u1ea3.<\/p>\n<p><strong>T\u00ednh t\u00ecnh<\/strong><\/p>\n<p>V\u1edbi t\u00e2m h\u1ed3n nh\u1ea1y c\u1ea3m\u2026 b\u1ea1n tuy\u1ec7t \u0111\u1ed1i kh\u00f4ng n\u00ean qu\u00e1t m\u1eafng c\u00e1c b\u00e9 ch\u00f3 pug khi kh\u00f4ng c\u1ea7n thi\u1ebft nha. Tuy kh\u00f4ng d\u1ec5 k\u00edch \u0111\u1ed9ng nh\u01b0ng m\u1ea5y b\u00e9 chihuahua, Pug c\u0169ng kh\u00f4ng ph\u1ea3i l\u00e0 gi\u1ed1ng ch\u00f3 \u00f9 l\u00ec ch\u1eadm ch\u1ea1p. C\u00e1c b\u00e9 v\u1eabn r\u1ea5t vui t\u01b0\u01a1i, h\u00f2a \u0111\u1ed3ng, hi\u1ec1n l\u00e0nh v\u00e0 kh\u00f4ng hay s\u1ee7a v\u1eb7t. Pug r\u1ea5t th\u00edch h\u1ee3p cho vi\u1ec7c tr\u00f4ng nh\u00e0, t\u1eadn t\u1ee5y trung th\u00e0nh v\u1edbi ch\u1ee7, v\u00e0 r\u1ea5t d\u1ec5 h\u00f2a \u0111\u1ed3ng v\u1edbi c\u00e1c lo\u1ea1i v\u1eadt nu\u00f4i kh\u00e1c. V\u00e0 c\u00e1c b\u1ea1n nh\u1edb nha\u2026 c\u00e1c b\u00e9 r\u1ea5t c\u1ea7n s\u1ef1 quan t\u00e2m ch\u0103m s\u00f3c c\u1ee7a ch\u1ee7 nh\u00e2n. H\u00e3y th\u01b0\u1eddng xuy\u00ean ch\u01a1i v\u00e0 vu\u1ed1t ve c\u00e1c b\u00e9 pug nha. \u00c0\u2026 m\u00e0 qu\u00ean m\u1ea5t t\u1eadt x\u1ea5u c\u1ee7a c\u00e1c b\u00e9 l\u00e0 r\u1ea5t l\u01b0\u1eddi bi\u1ebfng v\u00e0 ham \u0103n. H\u00e3y cho c\u00e1c b\u00e9 ch\u00f3 pug \u0103n v\u1eeba ph\u1ea3i. V\u00e0 nh\u1edb d\u1eabn c\u00e1c b\u00e9 \u0111i d\u1ea1o th\u01b0\u1eddng xuy\u00ean \u0111\u1ec3 tr\u00e1nh b\u1ecb b\u00e9o ph\u00ec b\u1ea1n nh\u00e9.<\/p>\n<p>V\u1edbi g\u01b0\u01a1ng m\u1eb7t ng\u1ed9 ngh\u0129nh, t\u00ednh t\u00ecnh hi\u1ec1n l\u00e0nh th\u00e2n thi\u1ec7n\u2026 C\u00e1c b\u00e9 c\u00f3 ph\u1ea3i l\u00e0 ng\u01b0\u1eddi m\u1eabu th\u00fa c\u01b0ng l\u00fd t\u01b0\u1edfng c\u1ee7a b\u1ea1n kh\u00f4ng n\u00e0o? c\u00f9ng t\u1edbi PetXinh ch\u1ecdn m\u1ed9t b\u00e9 v\u1ec1 l\u00e0m b\u1ea1n \u0111\u1ed3ng h\u00e0nh c\u00f9ng m\u00ecnh b\u1ea1n nh\u00e9.<\/p>\n<\/div>\n","protected":false},"excerpt":{"rendered":"<p>V\u1edbi th\u00e2n h\u00ecnh nh\u1ecf nh\u1eafn xinh x\u1eafn v\u00e0 m\u1ed9t g\u01b0\u01a1ng m\u1eb7t x\u1ec7 ng\u1ea7u bi\u1ec3u c\u1ea3m, Pug m\u1eb7t x\u1ec7 h\u1eafn \u0111\u00e3 l\u00e0m xao xuy\u1ebfn bi\u1ebft bao c\u00f4 c\u1eadu ch\u1ee7 \u0111\u00fang kh\u00f4ng n\u00e8? L\u00e0 gi\u1ed1ng ch\u00f3 hi\u1ec1n l\u00e0nh v\u00e0 r\u1ea5t th\u00e2n thi\u1ec7n, b\u1ea1n c\u00f3 th\u1ec3 y\u00ean t\u00e2m \u0111\u1ec3 tr\u1ebb nh\u1ecf ch\u01a1i v\u1edbi pug. M\u00e1ch nh\u1ecf cho b\u1ea1n nh\u00e9 Ch\u00ednh ch\u00fa ch\u00f3 Pug nh\u1ecf b\u00e9 \u0111\u00e3 c\u1ee9u m\u1ea1ng ho\u00e0ng t\u1eed William khi \u0111\u00e1nh \u0111\u1ed9ng cho ch\u1ee7 bi\u1ebft v\u1ec1 cu\u1ed9c t\u1ea5n c\u00f4ng v\u00e0o n\u0103m 1572. Nhanh ch\u00e2n t\u1edbi c\u1eeda h\u00e0ng \u0111\u1ec3 r\u01b0\u1edbc m\u1ed9t b\u00e9 pug xinh x\u1eafn v\u1ec1 l\u00e0m b\u1ea1n n\u00e0o<\/p>\n","protected":false},"featured_media":599,"comment_status":"open","ping_status":"closed","template":"","meta":{"site-sidebar-layout":"default","site-content-layout":"","ast-site-content-layout":"default","site-content-style":"default","site-sidebar-style":"default","ast-global-header-display":"","ast-banner-title-visibility":"","ast-main-header-display":"","ast-hfb-above-header-display":"","ast-hfb-below-header-display":"","ast-hfb-mobile-header-display":"","site-post-title":"","ast-breadcrumbs-content":"","ast-featured-img":"","footer-sml-layout":"","theme-transparent-header-meta":"default","adv-header-id-meta":"","stick-header-meta":"default","header-above-stick-meta":"","header-main-stick-meta":"","header-below-stick-meta":"","astra-migrate-meta-layouts":"set","ast-page-background-enabled":"default","ast-page-background-meta":{"desktop":{"background-color":"var(--ast-global-color-5)","background-image":"","background-repeat":"repeat","background-position":"center center","background-size":"auto","background-attachment":"scroll","background-type":"","background-media":"","overlay-type":"","overlay-color":"","overlay-opacity":"","overlay-gradient":""},"tablet":{"background-color":"","background-image":"","background-repeat":"repeat","background-position":"center center","background-size":"auto","background-attachment":"scroll","background-type":"","background-media":"","overlay-type":"","overlay-color":"","overlay-opacity":"","overlay-gradient":""},"mobile":{"background-color":"","background-image":"","background-repeat":"repeat","background-position":"center center","background-size":"auto","background-attachment":"scroll","background-type":"","background-media":"","overlay-type":"","overlay-color":"","overlay-opacity":"","overlay-gradient":""}},"ast-content-background-meta":{"desktop":{"background-color":"var(--ast-global-color-4)","background-image":"","background-repeat":"repeat","background-position":"center center","background-size":"auto","background-attachment":"scroll","background-type":"","background-media":"","overlay-type":"","overlay-color":"","overlay-opacity":"","overlay-gradient":""},"tablet":{"background-color":"var(--ast-global-color-4)","background-image":"","background-repeat":"repeat","background-position":"center center","background-size":"auto","background-attachment":"scroll","background-type":"","background-media":"","overlay-type":"","overlay-color":"","overlay-opacity":"","overlay-gradient":""},"mobile":{"background-color":"var(--ast-global-color-4)","background-image":"","background-repeat":"repeat","background-position":"center center","background-size":"auto","background-attachment":"scroll","background-type":"","background-media":"","overlay-type":"","overlay-color":"","overlay-opacity":"","overlay-gradient":""}}},"product_brand":[],"product_cat":[19,35],"product_tag":[],"class_list":{"0":"post-597","1":"product","2":"type-product","3":"status-publish","4":"has-post-thumbnail","6":"product_cat-cho","7":"product_cat-cho-canh","8":"desktop-align-left","9":"tablet-align-left","10":"mobile-align-left","11":"ast-product-gallery-layout-horizontal-slider","12":"ast-product-single-variable","13":"ast-product-tabs-layout-horizontal","15":"first","16":"instock","17":"shipping-taxable","18":"purchasable","19":"product-type-variable"},"_links":{"self":[{"href":"https:\/\/tduong2212.io.vn\/index.php\/wp-json\/wp\/v2\/product\/597","targetHints":{"allow":["GET"]}}],"collection":[{"href":"https:\/\/tduong2212.io.vn\/index.php\/wp-json\/wp\/v2\/product"}],"about":[{"href":"https:\/\/tduong2212.io.vn\/index.php\/wp-json\/wp\/v2\/types\/product"}],"replies":[{"embeddable":true,"href":"https:\/\/tduong2212.io.vn\/index.php\/wp-json\/wp\/v2\/comments?post=597"}],"wp:featuredmedia":[{"embeddable":true,"href":"https:\/\/tduong2212.io.vn\/index.php\/wp-json\/wp\/v2\/media\/599"}],"wp:attachment":[{"href":"https:\/\/tduong2212.io.vn\/index.php\/wp-json\/wp\/v2\/media?parent=597"}],"wp:term":[{"taxonomy":"product_brand","embeddable":true,"href":"https:\/\/tduong2212.io.vn\/index.php\/wp-json\/wp\/v2\/product_brand?post=597"},{"taxonomy":"product_cat","embeddable":true,"href":"https:\/\/tduong2212.io.vn\/index.php\/wp-json\/wp\/v2\/product_cat?post=597"},{"taxonomy":"product_tag","embeddable":true,"href":"https:\/\/tduong2212.io.vn\/index.php\/wp-json\/wp\/v2\/product_tag?post=597"}],"curies":[{"name":"wp","href":"https:\/\/api.w.org\/{rel}","templated":true}]}}