{"id":415,"date":"2025-11-23T09:12:44","date_gmt":"2025-11-23T02:12:44","guid":{"rendered":"https:\/\/tduong2212.io.vn\/?post_type=product&#038;p=415"},"modified":"2025-11-23T09:15:45","modified_gmt":"2025-11-23T02:15:45","slug":"thuoc-tay-giun-san-cho-cho-meo-bio-rantel","status":"publish","type":"product","link":"https:\/\/tduong2212.io.vn\/index.php\/san-pham\/thuoc-tay-giun-san-cho-cho-meo-bio-rantel\/","title":{"rendered":"Thu\u1ed1c t\u1ea9y giun s\u00e1n cho ch\u00f3 m\u00e8o Bio Rantel"},"content":{"rendered":"<p><em><strong>Ch\u00f3<\/strong><\/em><\/p>\n<p>D\u00f9ng 1 l\u1ea7n duy nh\u1ea5t: 1 vi\u00ean \/ 5 kg TT. Cho u\u1ed1ng tr\u1ef1c ti\u1ebfp ho\u1eb7c nghi\u1ec1n nh\u1ecf r\u1ed3i tr\u1ed9n v\u00e0o th\u1ee9c \u0103n<br \/>\nCh\u00f3 con t\u1eeb 1 \u0111\u1ebfn 4 th\u00e1ng tu\u1ed5i: M\u1ed7i th\u00e1ng d\u00f9ng 1 l\u1ea7n.<br \/>\nCh\u00f3 l\u1edbn m\u1ed7i 6 th\u00e1ng d\u00f9ng 1 l\u1ea7n.<\/p>\n<p><em><strong>M\u00e8o<\/strong><\/em><\/p>\n<p>D\u00f9ng 1 l\u1ea7n duy nh\u1ea5t: 1 vi\u00ean \/ 4 kg TT. Cho u\u1ed1ng tr\u1ef1c ti\u1ebfp ho\u1eb7c nghi\u1ec1n nh\u1ecf r\u1ed3i tr\u1ed9n v\u00e0o th\u1ee9c \u0103n cho m\u00e8o \u0103n.<br \/>\nM\u00e8o con d\u00f9ng l\u00fac 6, 8 v\u00e0 12 tu\u1ea7n tu\u1ed5i, sau \u0111\u00f3 m\u1ed7i 3 th\u00e1ng t\u1ea9y 1 l\u1ea7n.<br \/>\nM\u00e8o c\u00e1i: d\u00f9ng tr\u01b0\u1edbc l\u00fac c\u00f3 mang, m\u01b0\u1eddi ng\u00e0y tr\u01b0\u1edbc khi siinh v\u00e0 3 tu\u1ea7n sau khi siinh.<br \/>\nM\u00e8o \u0111\u1ef1c: M\u1ed7i 6 th\u00e1ng d\u00f9ng 1 l\u1ea7n.<\/p>\n","protected":false},"excerpt":{"rendered":"<p>Thu\u1ed1c t\u1ea9y giun s\u00e1n cho ch\u00f3 m\u00e8o.<\/p>\n<p>1 vi\u00ean: 10.000 \u0111<br \/>\n10 vi\u00ean: 90.000 \u0111<\/p>\n","protected":false},"featured_media":420,"comment_status":"open","ping_status":"closed","template":"","meta":{"site-sidebar-layout":"default","site-content-layout":"","ast-site-content-layout":"default","site-content-style":"default","site-sidebar-style":"default","ast-global-header-display":"","ast-banner-title-visibility":"","ast-main-header-display":"","ast-hfb-above-header-display":"","ast-hfb-below-header-display":"","ast-hfb-mobile-header-display":"","site-post-title":"","ast-breadcrumbs-content":"","ast-featured-img":"","footer-sml-layout":"","theme-transparent-header-meta":"default","adv-header-id-meta":"","stick-header-meta":"","header-above-stick-meta":"","header-main-stick-meta":"","header-below-stick-meta":"","astra-migrate-meta-layouts":"set","ast-page-background-enabled":"default","ast-page-background-meta":{"desktop":{"background-color":"var(--ast-global-color-5)","background-image":"","background-repeat":"repeat","background-position":"center center","background-size":"auto","background-attachment":"scroll","background-type":"","background-media":"","overlay-type":"","overlay-color":"","overlay-opacity":"","overlay-gradient":""},"tablet":{"background-color":"","background-image":"","background-repeat":"repeat","background-position":"center center","background-size":"auto","background-attachment":"scroll","background-type":"","background-media":"","overlay-type":"","overlay-color":"","overlay-opacity":"","overlay-gradient":""},"mobile":{"background-color":"","background-image":"","background-repeat":"repeat","background-position":"center center","background-size":"auto","background-attachment":"scroll","background-type":"","background-media":"","overlay-type":"","overlay-color":"","overlay-opacity":"","overlay-gradient":""}},"ast-content-background-meta":{"desktop":{"background-color":"var(--ast-global-color-4)","background-image":"","background-repeat":"repeat","background-position":"center center","background-size":"auto","background-attachment":"scroll","background-type":"","background-media":"","overlay-type":"","overlay-color":"","overlay-opacity":"","overlay-gradient":""},"tablet":{"background-color":"var(--ast-global-color-4)","background-image":"","background-repeat":"repeat","background-position":"center center","background-size":"auto","background-attachment":"scroll","background-type":"","background-media":"","overlay-type":"","overlay-color":"","overlay-opacity":"","overlay-gradient":""},"mobile":{"background-color":"var(--ast-global-color-4)","background-image":"","background-repeat":"repeat","background-position":"center center","background-size":"auto","background-attachment":"scroll","background-type":"","background-media":"","overlay-type":"","overlay-color":"","overlay-opacity":"","overlay-gradient":""}}},"product_brand":[],"product_cat":[50],"product_tag":[],"class_list":{"0":"post-415","1":"product","2":"type-product","3":"status-publish","4":"has-post-thumbnail","6":"product_cat-cac-san-pham-thu-y","7":"desktop-align-left","8":"tablet-align-left","9":"mobile-align-left","10":"ast-product-gallery-layout-horizontal-slider","11":"ast-product-gallery-with-no-image","12":"ast-product-single-variable","13":"ast-product-tabs-layout-horizontal","15":"first","16":"instock","17":"shipping-taxable","18":"purchasable","19":"product-type-variable"},"_links":{"self":[{"href":"https:\/\/tduong2212.io.vn\/index.php\/wp-json\/wp\/v2\/product\/415","targetHints":{"allow":["GET"]}}],"collection":[{"href":"https:\/\/tduong2212.io.vn\/index.php\/wp-json\/wp\/v2\/product"}],"about":[{"href":"https:\/\/tduong2212.io.vn\/index.php\/wp-json\/wp\/v2\/types\/product"}],"replies":[{"embeddable":true,"href":"https:\/\/tduong2212.io.vn\/index.php\/wp-json\/wp\/v2\/comments?post=415"}],"wp:featuredmedia":[{"embeddable":true,"href":"https:\/\/tduong2212.io.vn\/index.php\/wp-json\/wp\/v2\/media\/420"}],"wp:attachment":[{"href":"https:\/\/tduong2212.io.vn\/index.php\/wp-json\/wp\/v2\/media?parent=415"}],"wp:term":[{"taxonomy":"product_brand","embeddable":true,"href":"https:\/\/tduong2212.io.vn\/index.php\/wp-json\/wp\/v2\/product_brand?post=415"},{"taxonomy":"product_cat","embeddable":true,"href":"https:\/\/tduong2212.io.vn\/index.php\/wp-json\/wp\/v2\/product_cat?post=415"},{"taxonomy":"product_tag","embeddable":true,"href":"https:\/\/tduong2212.io.vn\/index.php\/wp-json\/wp\/v2\/product_tag?post=415"}],"curies":[{"name":"wp","href":"https:\/\/api.w.org\/{rel}","templated":true}]}}