{"id":158,"date":"2025-11-21T10:19:06","date_gmt":"2025-11-21T03:19:06","guid":{"rendered":"https:\/\/tduong2212.io.vn\/?post_type=product&#038;p=158"},"modified":"2025-12-06T16:29:49","modified_gmt":"2025-12-06T09:29:49","slug":"thuc-an-cho-cho-lon-smartheart-vi-thit-bo-nuong","status":"publish","type":"product","link":"https:\/\/tduong2212.io.vn\/index.php\/san-pham\/thuc-an-cho-cho-lon-smartheart-vi-thit-bo-nuong\/","title":{"rendered":"SmartHeart v\u1ecb th\u1ecbt b\u00f2 n\u01b0\u1edbng"},"content":{"rendered":"<h1>Th\u1ee9c \u0103n cho ch\u00f3 l\u1edbn SmartHeart v\u1ecb th\u1ecbt b\u00f2 n\u01b0\u1edbng<\/h1>\n<p>\u0110\u01b0\u1ee3c s\u1ea3n xu\u1ea5t tr\u00ean d\u00e2y chuy\u1ec1n hi\u1ec7n \u0111\u1ea1i n\u00ean th\u1ee9c \u0103n cho ch\u00f3 n\u00e0y an to\u00e0n, h\u1ee3p v\u1ec7 sinh. Th\u1ee9c \u0103n ch\u00f3 l\u1edbn SmartHeart th\u1ecbt b\u00f2 n\u01b0\u1edbng 1.5kg gi\u00fap b\u00e9 c\u00fan ph\u00e1t tri\u1ec3n m\u1ed9t c\u00e1ch to\u00e0n di\u1ec7n, t\u0103ng h\u1ec7 mi\u1ec5n d\u1ecbch. Th\u1ee9c \u0103n cho ch\u00f3 SmartHeart l\u00e0 s\u1ef1 l\u1ef1a ch\u1ecdn h\u00e0ng \u0111\u1ea7u c\u1ee7a nh\u1eefng ng\u01b0\u1eddi nu\u00f4i th\u00fa c\u01b0ng.<\/p>\n<table class=\"mt-3 text-14 leading-5\">\n<tbody>\n<tr>\n<td class=\"whitespace-nowrap border-2 border-[#f1f1f1] bg-[#f4f6f9] px-4 py-2 align-top\">Th\u01b0\u01a1ng hi\u1ec7u<\/td>\n<td class=\"w-full border-2 border-DEFAULT px-4 py-2\">\n<div class=\"text-justify\">SmartHeart<\/div>\n<\/td>\n<\/tr>\n<tr>\n<td class=\"whitespace-nowrap border-2 border-[#f1f1f1] bg-[#f4f6f9] px-4 py-2 align-top\">S\u1ea3n xu\u1ea5t t\u1ea1i<\/td>\n<td class=\"w-full border-2 border-DEFAULT px-4 py-2\">\n<div class=\"text-justify\">Th\u00e1i Lan<\/div>\n<\/td>\n<\/tr>\n<tr>\n<td class=\"whitespace-nowrap border-2 border-[#f1f1f1] bg-[#f4f6f9] px-4 py-2 align-top\">Lo\u1ea1i s\u1ea3n ph\u1ea9m<\/td>\n<td class=\"w-full border-2 border-DEFAULT px-4 py-2\">\n<div class=\"text-justify\">Th\u1ee9c \u0103n kh\u00f4 cho ch\u00f3 l\u1edbn<\/div>\n<\/td>\n<\/tr>\n<tr>\n<td class=\"whitespace-nowrap border-2 border-[#f1f1f1] bg-[#f4f6f9] px-4 py-2 align-top\">H\u01b0\u01a1ng v\u1ecb<\/td>\n<td class=\"w-full border-2 border-DEFAULT px-4 py-2\">\n<div class=\"text-justify\">V\u1ecb th\u1ecbt b\u00f2 n\u01b0\u1edbng<\/div>\n<\/td>\n<\/tr>\n<tr>\n<td class=\"whitespace-nowrap border-2 border-[#f1f1f1] bg-[#f4f6f9] px-4 py-2 align-top\">Th\u00e0nh ph\u1ea7n<\/td>\n<td class=\"w-full border-2 border-DEFAULT px-4 py-2\">\n<div class=\"text-justify\">Ng\u00f4, b\u1ed9t gia c\u1ea7m, g\u1ea1o, kh\u00f4 d\u1ea7u \u0111\u1eadu t\u01b0\u01a1ng, m\u1ee1 g\u00e0, \u0111\u1eadu t\u01b0\u01a1ng nguy\u00ean d\u1ea7u, n\u1ea5m men s\u1ea5y kh\u00f4, mu\u1ed1i i-\u1ed1t, premix Vitamin v\u00e0 kho\u00e1ng ch\u1ea5t, ch\u1ea5t t\u1ea1o m\u00f9i, ch\u1ea5t t\u1ea1o m\u00e0u<\/div>\n<\/td>\n<\/tr>\n<tr>\n<td class=\"whitespace-nowrap border-2 border-[#f1f1f1] bg-[#f4f6f9] px-4 py-2 align-top\">Th\u00e0nh ph\u1ea7n dinh d\u01b0\u1ee1ng<\/td>\n<td class=\"w-full border-2 border-DEFAULT px-4 py-2\">\n<div class=\"text-justify\">\u0110\u1ed9 \u1ea9m 10%, \u0111\u1ea1m 23%, ch\u1ea5t x\u01a1 4%, tro 10%, ch\u1ea5t b\u00e9o 8%<\/div>\n<\/td>\n<\/tr>\n<tr>\n<td class=\"whitespace-nowrap border-2 border-[#f1f1f1] bg-[#f4f6f9] px-4 py-2 align-top\">H\u01b0\u1edbng d\u1eabn s\u1eed d\u1ee5ng<\/td>\n<td class=\"w-full border-2 border-DEFAULT px-4 py-2\">\n<div class=\"text-justify\">Xem tr\u00ean bao b\u00ec<\/div>\n<\/td>\n<\/tr>\n<tr>\n<td class=\"whitespace-nowrap border-2 border-[#f1f1f1] bg-[#f4f6f9] px-4 py-2 align-top\">B\u1ea3o qu\u1ea3n<\/td>\n<td class=\"w-full border-2 border-DEFAULT px-4 py-2\">\n<div class=\"text-justify\">N\u01a1i kh\u00f4 r\u00e1o, tho\u00e1ng m\u00e1t, tr\u00e1ng \u00e1nh s\u00e1ng tr\u1ef1c ti\u1ebfp<\/div>\n<\/td>\n<\/tr>\n<\/tbody>\n<\/table>\n<p class=\"mb-2 mt-3 lg:font-bold\">B\u00e0i vi\u1ebft s\u1ea3n ph\u1ea9m<\/p>\n<div class=\"text-14 leading-5\">\n<h3><strong>\u0110\u00f4i n\u00e9t v\u1ec1 th\u01b0\u01a1ng hi\u1ec7u\u00a0<\/strong><\/h3>\n<p>SmartHeart l\u00e0 th\u01b0\u01a1ng hi\u1ec7u chuy\u00ean cung c\u1ea5p c\u00e1c s\u1ea3n ph\u1ea9m d\u00e0nh ri\u00eang cho th\u00fa c\u01b0ng mang h\u00e0m l\u01b0\u1ee3ng dinh d\u01b0\u1ee1ng cao t\u00f3t cho s\u1ee9c kh\u1ecfe nh\u1eefng ch\u00fa c\u00fan. Th\u01b0\u01a1ng hi\u1ec7u\u00a0SmartHeart\u00a0\u00a0\u0111\u1ebfn t\u1eeb c\u00f4ng ty\u00a0Perfect c\u00f3 tr\u1ee5 s\u1edf t\u1ea1i Th\u00e1i Lan.\u00a0Perfect Company l\u00e0 c\u00f4ng ty li\u00ean doanh t\u1eadp \u0111o\u00e0n Charoen Pokphand (CP). \u0110\u00e2y\u00a0l\u00e0 t\u1eadp \u0111o\u00e0n \u0111a qu\u1ed1c gia \u0111\u1ee9ng \u0111\u1ea7u trong ng\u00e0nh n\u00f4ng nghi\u1ec7p v\u1edbi Smartheart l\u00e0 d\u00f2ng s\u1ea3n ph\u1ea9m \u0111\u01b0\u1ee3c nh\u1eadp kh\u1ea9u v\u00e0 ph\u00e2n ph\u1ed1i t\u1ea1i Vi\u1ec7t Nam b\u1edfi c\u00f4ng ty Perfect Companion Vi\u1ec7t Nam \u0111\u01b0\u1ee3t nhi\u1ec1u ng\u01b0\u1eddi l\u1ef1a ch\u1ecdn cho th\u00fa c\u01b0ng c\u1ee7a m\u00ecnh.<\/p>\n<h3><strong>Th\u00e0nh ph\u1ea7n dinh d\u01b0\u1ee1ng c\u00f3 trong s\u1ea3n ph\u1ea9m\u00a0<\/strong><\/h3>\n<p>Th\u1ee9c \u0103n ch\u00f3 l\u1edbn SmartHeart th\u1ecbt b\u00f2 n\u01b0\u1edbng c\u00f3 ch\u1ee9a c\u00e1c th\u00e0nh ph\u1ea7n nh\u01b0 sau:<\/p>\n<ul>\n<li>S\u1ea3n ph\u1ea9m gi\u00e0u d\u01b0\u1ee1ng ch\u1ea5t gi\u00fap t\u0103ng tr\u01b0\u1edfng ch\u1ee9c n\u0103ng ph\u00e1t tri\u1ec3n n\u00e3o b\u1ed9 v\u00e0 h\u1ec7 th\u1ea7n kinh, t\u0103ng c\u01b0\u1eddng s\u1ee9c kh\u1ecfe tim m\u1ea1ch<\/li>\n<li>H\u01b0\u01a1ng v\u1ecb th\u01a1m ngon k\u00edch th\u00edch v\u1ecb gi\u00e1c gi\u00fap th\u00fa c\u01b0ng \u0103n ngon mi\u1ec7ng h\u01a1n<\/li>\n<li>Ch\u1ee9a nhi\u1ec1u canxi gi\u00fap x\u01b0\u01a1ng lu\u00f4n ch\u1eafc kh\u1ecfe<\/li>\n<li>Ch\u1ee9a Protein b\u1ed5 sung n\u0103ng l\u01b0\u1ee3ng cho m\u1ecdi ho\u1ea1t \u0111\u1ed9ng c\u1ee7a th\u00fa c\u01b0ng trong ng\u00e0y<\/li>\n<\/ul>\n<h3><\/h3>\n<\/div>\n","protected":false},"excerpt":{"rendered":"<p>Th\u1ee9c \u0103n cho ch\u00f3 l\u1edbn SmartHeart v\u1ecb th\u1ecbt b\u00f2 n\u01b0\u1edbng bao x\u00e1 15kg \u0110\u01b0\u1ee3c s\u1ea3n xu\u1ea5t tr\u00ean d\u00e2y chuy\u1ec1n hi\u1ec7n \u0111\u1ea1i n\u00ean th\u1ee9c \u0103n cho ch\u00f3 n\u00e0y an to\u00e0n, h\u1ee3p v\u1ec7 sinh. Th\u1ee9c \u0103n ch\u00f3 l\u1edbn SmartHeart th\u1ecbt b\u00f2 n\u01b0\u1edbng 1.5kg gi\u00fap b\u00e9 c\u00fan ph\u00e1t tri\u1ec3n m\u1ed9t c\u00e1ch to\u00e0n di\u1ec7n, t\u0103ng h\u1ec7 mi\u1ec5n d\u1ecbch. Th\u1ee9c \u0103n cho ch\u00f3 SmartHeart l\u00e0 s\u1ef1 l\u1ef1a ch\u1ecdn h\u00e0ng \u0111\u1ea7u c\u1ee7a nh\u1eefng ng\u01b0\u1eddi nu\u00f4i th\u00fa c\u01b0ng.<\/p>\n","protected":false},"featured_media":159,"comment_status":"open","ping_status":"closed","template":"","meta":[],"product_brand":[],"product_cat":[46],"product_tag":[],"class_list":{"0":"post-158","1":"product","2":"type-product","3":"status-publish","4":"has-post-thumbnail","6":"product_cat-thuc-an-cho-cho","8":"first","9":"instock","10":"shipping-taxable","11":"purchasable","12":"product-type-simple"},"_links":{"self":[{"href":"https:\/\/tduong2212.io.vn\/index.php\/wp-json\/wp\/v2\/product\/158","targetHints":{"allow":["GET"]}}],"collection":[{"href":"https:\/\/tduong2212.io.vn\/index.php\/wp-json\/wp\/v2\/product"}],"about":[{"href":"https:\/\/tduong2212.io.vn\/index.php\/wp-json\/wp\/v2\/types\/product"}],"replies":[{"embeddable":true,"href":"https:\/\/tduong2212.io.vn\/index.php\/wp-json\/wp\/v2\/comments?post=158"}],"wp:featuredmedia":[{"embeddable":true,"href":"https:\/\/tduong2212.io.vn\/index.php\/wp-json\/wp\/v2\/media\/159"}],"wp:attachment":[{"href":"https:\/\/tduong2212.io.vn\/index.php\/wp-json\/wp\/v2\/media?parent=158"}],"wp:term":[{"taxonomy":"product_brand","embeddable":true,"href":"https:\/\/tduong2212.io.vn\/index.php\/wp-json\/wp\/v2\/product_brand?post=158"},{"taxonomy":"product_cat","embeddable":true,"href":"https:\/\/tduong2212.io.vn\/index.php\/wp-json\/wp\/v2\/product_cat?post=158"},{"taxonomy":"product_tag","embeddable":true,"href":"https:\/\/tduong2212.io.vn\/index.php\/wp-json\/wp\/v2\/product_tag?post=158"}],"curies":[{"name":"wp","href":"https:\/\/api.w.org\/{rel}","templated":true}]}}