{"id":155,"date":"2025-11-21T10:13:24","date_gmt":"2025-11-21T03:13:24","guid":{"rendered":"https:\/\/tduong2212.io.vn\/?post_type=product&#038;p=155"},"modified":"2026-02-26T15:36:17","modified_gmt":"2026-02-26T08:36:17","slug":"thuc-an-hat","status":"publish","type":"product","link":"https:\/\/tduong2212.io.vn\/index.php\/san-pham\/thuc-an-hat\/","title":{"rendered":"Th\u1ee9c \u0103n h\u1ea1t"},"content":{"rendered":"<h1>X\u01b0\u01a1ng g\u1eb7m cho ch\u00f3\u00a0 Snack inu N\u01a1 mini h\u01b0\u01a1ng s\u1eefa qu\u1ea5n g\u00e0<\/h1>\n<p>Fonti Company l\u00e0 nh\u00e0 s\u1ea3n xu\u1ea5t th\u1ee9c \u0103n v\u00e0 x\u01b0\u01a1ng g\u1eb7m cho ch\u00f3 chuy\u00ean nghi\u1ec7p \u0111\u1ea7u ti\u00ean t\u1ea1i Vi\u1ec7t Nam. S\u1ea3n ph\u1ea9m x\u01b0\u01a1ng g\u1eb7m cho ch\u00f3 Inu kh\u00f4ng ch\u1ec9 \u0111\u1ea3m b\u1ea3o h\u00e0m l\u01b0\u1ee3ng d\u1ecbnh d\u01b0\u1ee1ng \u0111\u1ea7y \u0111\u1ee7, m\u00e0 c\u00f2n \u0111\u1ea1t ti\u00eau chu\u1ea9n\u00a0An to\u00e0n v\u1ec7 sinh th\u1ef1c ph\u1ea9m\u00a0c\u1ee7a Vi\u1ec7t Nam v\u00e0 to\u00e0n c\u1ea7u. Fonti Company lu\u00f4n mang \u0111\u1ebfn nh\u1eefng s\u1ea3n ph\u1ea9m dinh d\u01b0\u1ee1ng t\u1ed1t nh\u1ea5t cho \u201cnh\u1eefng ng\u01b0\u1eddi b\u1ea1n nh\u1ecf\u201d<\/p>\n<p>Da l\u00e0 nguy\u00ean li\u1ec7u ch\u00ednh trong nhi\u1ec1u s\u1ea3n ph\u1ea9m g\u1eb7m.<\/p>\n<p>Tuy nhi\u00ean c\u00e1c s\u1ea3n ph\u1ea9m l\u00e0m t\u1eeb da c\u00f3 th\u1ec3 l\u00e0m c\u00fan c\u01b0ng b\u1ecb h\u00f3c ho\u1eb7c t\u1ec7 h\u01a1n l\u00e0 \u1ea3nh h\u01b0\u1edfng \u0111\u1ebfn s\u1ee9c kh\u1ecfe v\u00e0 h\u1ec7 ti\u00eau h\u00f3a c\u1ee7a c\u00fan c\u01b0ng do c\u00e1c ch\u1ea5t t\u1ea9y r\u1eeda l\u00e0m tr\u1eafng da .<\/p>\n<p>S\u1ea3n ph\u1ea9m\u00a0<strong>x\u01b0\u01a1ng g\u1eb7m cho ch\u00f3 INU<\/strong>\u00a0\u0111\u01b0\u1ee3c ch\u1ebf bi\u1ebfn ho\u00e0n to\u00e0n t\u1eeb rau c\u1ee7 v\u00e0 c\u00f3 t\u1ec9 l\u1ec7 th\u1ecbt t\u01b0\u01a1i cao (l\u00ean \u0111\u1ebfn 20%). Quy tr\u00ecnh s\u1ea3n xu\u1ea5t hi\u1ec7n \u0111\u1ea1i theo ti\u00eau chu\u1ea9n qu\u1ed1c t\u1ebf n\u00ean c\u1ef1c k\u00ec h\u1ea5p d\u1eabn c\u00e1c ch\u00fa ch\u00f3 m\u00e0 v\u1eabn \u0111\u1ea3m b\u1ea3o s\u1ee9c kh\u1ecfe khi s\u1eed d\u1ee5ng.<\/p>\n<p><strong>Nguy\u00ean li\u1ec7u:<\/strong>\u00a0\u1ee8c g\u00e0 t\u01b0\u01a1i, B\u1ed9t g\u1ea1o, B\u1ed9t b\u1eafp, D\u1ea7u th\u1ef1c v\u1eadt, Vitamin B1, B2, B6, B12, Vitamin E<\/p>\n<p><strong>H\u01b0\u1edbng d\u1eabn s\u1eed d\u1ee5ng:<\/strong>\u00a0Cho \u0103n t\u1eeb 1 \u0111\u1ebfn 2 l\u1ea7n m\u1ed9t ng\u00e0y.<\/p>\n<p><strong>L\u01b0u \u00fd khi s\u1eed d\u1ee5ng:\u00a0<\/strong>Kh\u00f4ng d\u00f9ng thay th\u1ebf cho th\u1ee9c \u0103n h\u00e0ng ng\u00e0y. Lu\u00f4n gi\u00e1m s\u00e1t khi cho th\u00fa c\u01b0ng \u0103n c\u00e1c s\u1ea3n ph\u1ea9m g\u1eb7m.<\/p>\n","protected":false},"excerpt":{"rendered":"<p>Snack inu N\u01a1 mini h\u01b0\u01a1ng s\u1eefa qu\u1ea5n g\u00e0<\/p>\n<p>S\u1ea3n ph\u1ea9m\u00a0<strong>x\u01b0\u01a1ng g\u1eb7m cho ch\u00f3 INU<\/strong>\u00a0\u0111\u01b0\u1ee3c ch\u1ebf bi\u1ebfn ho\u00e0n to\u00e0n t\u1eeb rau c\u1ee7 v\u00e0 c\u00f3 t\u1ec9 l\u1ec7 th\u1ecbt t\u01b0\u01a1i cao (l\u00ean \u0111\u1ebfn 20%). Quy tr\u00ecnh s\u1ea3n xu\u1ea5t hi\u1ec7n \u0111\u1ea1i theo ti\u00eau chu\u1ea9n qu\u1ed1c t\u1ebf n\u00ean c\u1ef1c k\u00ec h\u1ea5p d\u1eabn c\u00e1c ch\u00fa ch\u00f3 m\u00e0 v\u1eabn \u0111\u1ea3m b\u1ea3o s\u1ee9c kh\u1ecfe khi s\u1eed d\u1ee5ng.<\/p>\n<p><strong>Nguy\u00ean li\u1ec7u:\u00a0<\/strong>\u1ee8c g\u00e0 t\u01b0\u01a1i, B\u1ed9t g\u1ea1o, B\u1ed9t b\u1eafp, D\u1ea7u th\u1ef1c v\u1eadt, Vitamin B1, B2, B6, B12, Vitamin E<\/p>\n","protected":false},"featured_media":156,"comment_status":"open","ping_status":"closed","template":"","meta":{"site-sidebar-layout":"default","site-content-layout":"","ast-site-content-layout":"default","site-content-style":"default","site-sidebar-style":"default","ast-global-header-display":"","ast-banner-title-visibility":"","ast-main-header-display":"","ast-hfb-above-header-display":"","ast-hfb-below-header-display":"","ast-hfb-mobile-header-display":"","site-post-title":"","ast-breadcrumbs-content":"","ast-featured-img":"","footer-sml-layout":"","theme-transparent-header-meta":"default","adv-header-id-meta":"","stick-header-meta":"","header-above-stick-meta":"","header-main-stick-meta":"","header-below-stick-meta":"","astra-migrate-meta-layouts":"set","ast-page-background-enabled":"default","ast-page-background-meta":{"desktop":{"background-color":"var(--ast-global-color-5)","background-image":"","background-repeat":"repeat","background-position":"center center","background-size":"auto","background-attachment":"scroll","background-type":"","background-media":"","overlay-type":"","overlay-color":"","overlay-opacity":"","overlay-gradient":""},"tablet":{"background-color":"","background-image":"","background-repeat":"repeat","background-position":"center center","background-size":"auto","background-attachment":"scroll","background-type":"","background-media":"","overlay-type":"","overlay-color":"","overlay-opacity":"","overlay-gradient":""},"mobile":{"background-color":"","background-image":"","background-repeat":"repeat","background-position":"center center","background-size":"auto","background-attachment":"scroll","background-type":"","background-media":"","overlay-type":"","overlay-color":"","overlay-opacity":"","overlay-gradient":""}},"ast-content-background-meta":{"desktop":{"background-color":"var(--ast-global-color-4)","background-image":"","background-repeat":"repeat","background-position":"center center","background-size":"auto","background-attachment":"scroll","background-type":"","background-media":"","overlay-type":"","overlay-color":"","overlay-opacity":"","overlay-gradient":""},"tablet":{"background-color":"var(--ast-global-color-4)","background-image":"","background-repeat":"repeat","background-position":"center center","background-size":"auto","background-attachment":"scroll","background-type":"","background-media":"","overlay-type":"","overlay-color":"","overlay-opacity":"","overlay-gradient":""},"mobile":{"background-color":"var(--ast-global-color-4)","background-image":"","background-repeat":"repeat","background-position":"center center","background-size":"auto","background-attachment":"scroll","background-type":"","background-media":"","overlay-type":"","overlay-color":"","overlay-opacity":"","overlay-gradient":""}}},"product_brand":[],"product_cat":[46],"product_tag":[],"class_list":{"0":"post-155","1":"product","2":"type-product","3":"status-publish","4":"has-post-thumbnail","6":"product_cat-thuc-an-cho-cho","7":"desktop-align-left","8":"tablet-align-left","9":"mobile-align-left","10":"ast-product-gallery-layout-horizontal-slider","11":"ast-product-gallery-with-no-image","12":"ast-product-tabs-layout-horizontal","14":"first","15":"instock","16":"shipping-taxable","17":"purchasable","18":"product-type-simple"},"_links":{"self":[{"href":"https:\/\/tduong2212.io.vn\/index.php\/wp-json\/wp\/v2\/product\/155","targetHints":{"allow":["GET"]}}],"collection":[{"href":"https:\/\/tduong2212.io.vn\/index.php\/wp-json\/wp\/v2\/product"}],"about":[{"href":"https:\/\/tduong2212.io.vn\/index.php\/wp-json\/wp\/v2\/types\/product"}],"replies":[{"embeddable":true,"href":"https:\/\/tduong2212.io.vn\/index.php\/wp-json\/wp\/v2\/comments?post=155"}],"wp:featuredmedia":[{"embeddable":true,"href":"https:\/\/tduong2212.io.vn\/index.php\/wp-json\/wp\/v2\/media\/156"}],"wp:attachment":[{"href":"https:\/\/tduong2212.io.vn\/index.php\/wp-json\/wp\/v2\/media?parent=155"}],"wp:term":[{"taxonomy":"product_brand","embeddable":true,"href":"https:\/\/tduong2212.io.vn\/index.php\/wp-json\/wp\/v2\/product_brand?post=155"},{"taxonomy":"product_cat","embeddable":true,"href":"https:\/\/tduong2212.io.vn\/index.php\/wp-json\/wp\/v2\/product_cat?post=155"},{"taxonomy":"product_tag","embeddable":true,"href":"https:\/\/tduong2212.io.vn\/index.php\/wp-json\/wp\/v2\/product_tag?post=155"}],"curies":[{"name":"wp","href":"https:\/\/api.w.org\/{rel}","templated":true}]}}