{"id":146,"date":"2025-11-21T09:52:36","date_gmt":"2025-11-21T02:52:36","guid":{"rendered":"https:\/\/tduong2212.io.vn\/?post_type=product&#038;p=146"},"modified":"2025-12-07T06:50:07","modified_gmt":"2025-12-06T23:50:07","slug":"meo-maine-coon","status":"publish","type":"product","link":"https:\/\/tduong2212.io.vn\/index.php\/san-pham\/meo-maine-coon\/","title":{"rendered":"M\u00e8o Maine Coon"},"content":{"rendered":"<p data-start=\"240\" data-end=\"622\"><strong>Ngu\u1ed3n g\u1ed1c c\u1ee7a m\u00e8o Maine Coon<\/strong><\/p>\n<p data-start=\"240\" data-end=\"622\">M\u00e8o <strong data-start=\"261\" data-end=\"275\">Maine Coon<\/strong> l\u00e0 gi\u1ed1ng m\u00e8o l\u1edbn xu\u1ea5t x\u1ee9 t\u1eeb ti\u1ec3u bang Maine, Hoa K\u1ef3, v\u00e0 \u0111\u01b0\u1ee3c xem l\u00e0 m\u1ed9t trong nh\u1eefng gi\u1ed1ng m\u00e8o b\u1ea3n \u0111\u1ecba c\u1ed5 x\u01b0a nh\u1ea5t c\u1ee7a M\u1ef9. Lo\u00e0i m\u00e8o n\u00e0y ban \u0111\u1ea7u \u0111\u01b0\u1ee3c nu\u00f4i \u0111\u1ec3 b\u1eaft chu\u1ed9t v\u00e0 h\u1ed7 tr\u1ee3 n\u00f4ng tr\u1ea1i, nh\u1edd s\u1ee9c kh\u1ecfe t\u1ed1t, c\u01a1 b\u1eafp d\u1ebbo dai v\u00e0 kh\u1ea3 n\u0103ng s\u0103n m\u1ed3i linh ho\u1ea1t. Hi\u1ec7n nay, Maine Coon \u0111\u01b0\u1ee3c y\u00eau th\u00edch tr\u00ean to\u00e0n th\u1ebf gi\u1edbi nh\u01b0 m\u1ed9t th\u00fa c\u01b0ng sang tr\u1ecdng v\u00e0 \u0111\u00e1ng y\u00eau.<\/p>\n<p data-start=\"624\" data-end=\"1063\"><strong data-start=\"624\" data-end=\"648\">\u0110\u1eb7c \u0111i\u1ec3m ngo\u1ea1i h\u00ecnh:<\/strong><br data-start=\"648\" data-end=\"651\" \/>Maine Coon l\u00e0 gi\u1ed1ng m\u00e8o l\u1edbn v\u1edbi c\u01a1 th\u1ec3 c\u01a1 b\u1eafp, khung x\u01b0\u01a1ng ch\u1eafc kh\u1ecfe v\u00e0 \u0111\u00f4i ch\u00e2n d\u00e0i. B\u1ed9 l\u00f4ng d\u00e0i, d\u00e0y, ch\u1ed1ng n\u01b0\u1edbc, v\u1edbi ph\u1ea7n c\u1ed5 r\u1eadm, tai to c\u00f3 ch\u00f9m l\u00f4ng \u1edf \u0111\u1ec9nh v\u00e0 \u0111u\u00f4i d\u00e0i, x\u00f9 nh\u01b0 ch\u1ed5i. M\u00e8o Maine Coon c\u00f3 nhi\u1ec1u m\u00e0u s\u1eafc v\u00e0 hoa v\u0103n \u0111a d\u1ea1ng, t\u1eeb x\u00e1m xanh, n\u00e2u tabby, tr\u1eafng, \u0111\u1ecf, \u0111\u1ebfn bicolor ho\u1eb7c tricolor. Chi\u1ec1u d\u00e0i c\u01a1 th\u1ec3 c\u00f3 th\u1ec3 \u0111\u1ea1t \u0111\u1ebfn 1 m\u00e9t n\u1ebfu t\u00ednh c\u1ea3 \u0111u\u00f4i, c\u00e2n n\u1eb7ng trung b\u00ecnh t\u1eeb 4\u20138 kg (m\u00e8o \u0111\u1ef1c l\u1edbn h\u01a1n m\u00e8o c\u00e1i).<\/p>\n<p data-start=\"1065\" data-end=\"1434\"><strong data-start=\"1065\" data-end=\"1079\">T\u00ednh c\u00e1ch:<\/strong><br data-start=\"1079\" data-end=\"1082\" \/>Maine Coon n\u1ed5i b\u1eadt v\u1edbi t\u00ednh c\u00e1ch hi\u1ec1n l\u00e0nh, th\u00e2n thi\u1ec7n v\u00e0 th\u00f4ng minh. Ch\u00fang h\u00f2a \u0111\u1ed3ng v\u1edbi tr\u1ebb nh\u1ecf, c\u00e1c v\u1eadt nu\u00f4i kh\u00e1c v\u00e0 r\u1ea5t trung th\u00e0nh v\u1edbi ch\u1ee7. M\u00e8o Maine Coon th\u00edch ch\u01a1i \u0111\u00f9a nh\u01b0ng c\u0169ng bi\u1ebft t\u1ef1 l\u1eadp, c\u00f3 kh\u1ea3 n\u0103ng h\u1ecdc l\u1ec7nh v\u00e0 th\u00edch t\u01b0\u01a1ng t\u00e1c v\u1edbi gia \u0111\u00ecnh. Ch\u00fang \u0111\u01b0\u1ee3c m\u1ec7nh danh l\u00e0 \u201cgentle giant\u201d \u2013 kh\u1ed5ng l\u1ed3 hi\u1ec1n l\u00e0nh, nh\u1edd v\u1eeba to l\u1edbn v\u1eeba nh\u1eb9 nh\u00e0ng, t\u00ecnh c\u1ea3m.<\/p>\n<p data-start=\"1436\" data-end=\"1828\"><strong data-start=\"1436\" data-end=\"1461\">Ch\u0103m s\u00f3c v\u00e0 s\u1ee9c kh\u1ecfe:<\/strong><br data-start=\"1461\" data-end=\"1464\" \/>Maine Coon l\u00e0 gi\u1ed1ng m\u00e8o kh\u1ecfe m\u1ea1nh, tu\u1ed5i th\u1ecd trung b\u00ecnh t\u1eeb 12\u201315 n\u0103m. B\u1ed9 l\u00f4ng d\u00e0i c\u1ea7n \u0111\u01b0\u1ee3c ch\u1ea3i \u0111\u1ec1u \u0111\u1eb7n 2\u20133 l\u1ea7n\/tu\u1ea7n \u0111\u1ec3 tr\u00e1nh r\u1ed1i v\u00e0 l\u00f4ng r\u1ee5ng. Ch\u1ebf \u0111\u1ed9 \u0103n gi\u00e0u dinh d\u01b0\u1ee1ng, \u0111\u1ee7 protein v\u00e0 vitamin gi\u00fap gi\u1eef c\u01a1 b\u1eafp s\u0103n ch\u1eafc v\u00e0 b\u1ed9 l\u00f4ng m\u1ec1m m\u01b0\u1ee3t. Gi\u1ed1ng m\u00e8o n\u00e0y \u00edt b\u1ecb b\u1ec7nh di truy\u1ec1n n\u1ebfu \u0111\u01b0\u1ee3c ch\u1ecdn t\u1eeb tr\u1ea1i uy t\u00edn, nh\u01b0ng v\u1eabn c\u1ea7n ki\u1ec3m tra s\u1ee9c kh\u1ecfe \u0111\u1ecbnh k\u1ef3 v\u00e0 ti\u00eam ph\u00f2ng \u0111\u1ea7y \u0111\u1ee7.<\/p>\n<p data-start=\"1830\" data-end=\"1864\"><strong data-start=\"1830\" data-end=\"1862\">T\u1ea1i sao n\u00ean ch\u1ecdn Maine Coon:<\/strong><\/p>\n<ul data-start=\"1865\" data-end=\"2049\">\n<li data-start=\"1865\" data-end=\"1916\">\n<p data-start=\"1867\" data-end=\"1916\">Ngo\u1ea1i h\u00ecnh \u1ea5n t\u01b0\u1ee3ng, b\u1ed9 l\u00f4ng d\u00e0y d\u00e0i v\u00e0 \u0111u\u00f4i x\u00f9<\/p>\n<\/li>\n<li data-start=\"1917\" data-end=\"1952\">\n<p data-start=\"1919\" data-end=\"1952\">Th\u00e2n thi\u1ec7n, th\u00f4ng minh, d\u1ec5 nu\u00f4i<\/p>\n<\/li>\n<li data-start=\"1953\" data-end=\"1998\">\n<p data-start=\"1955\" data-end=\"1998\">H\u00f2a \u0111\u1ed3ng v\u1edbi tr\u1ebb nh\u1ecf v\u00e0 c\u00e1c v\u1eadt nu\u00f4i kh\u00e1c<\/p>\n<\/li>\n<li data-start=\"1999\" data-end=\"2049\">\n<p data-start=\"2001\" data-end=\"2049\">Trung th\u00e0nh, t\u00ecnh c\u1ea3m, th\u00edch t\u01b0\u01a1ng t\u00e1c v\u1edbi ch\u1ee7<\/p>\n<\/li>\n<\/ul>\n<p data-start=\"2051\" data-end=\"2192\">Maine Coon l\u00e0 l\u1ef1a ch\u1ecdn l\u00fd t\u01b0\u1edfng cho nh\u1eefng ai mu\u1ed1n s\u1edf h\u1eefu m\u1ed9t ng\u01b0\u1eddi b\u1ea1n \u0111\u1ed3ng h\u00e0nh v\u1eeba th\u00f4ng minh, v\u1eeba t\u00ecnh c\u1ea3m, l\u1ea1i v\u1eeba m\u1ea1nh kh\u1ecfe v\u00e0 \u1ea5n t\u01b0\u1ee3ng.<\/p>\n","protected":false},"excerpt":{"rendered":"<p><strong data-start=\"1075\" data-end=\"1093\">M\u00e8o Maine Coon<\/strong> l\u00e0 gi\u1ed1ng m\u00e8o l\u1edbn, th\u00f4ng minh v\u00e0 hi\u1ec1n l\u00e0nh, n\u1ed5i b\u1eadt v\u1edbi b\u1ed9 l\u00f4ng d\u00e0i d\u00e0y v\u00e0 \u0111u\u00f4i x\u00f9. Th\u00e2n thi\u1ec7n, trung th\u00e0nh v\u00e0 d\u1ec5 nu\u00f4i, Maine Coon l\u00e0 ng\u01b0\u1eddi b\u1ea1n l\u00fd t\u01b0\u1edfng cho m\u1ecdi gia \u0111\u00ecnh.<\/p>\n","protected":false},"featured_media":150,"comment_status":"open","ping_status":"closed","template":"","meta":{"site-sidebar-layout":"default","site-content-layout":"","ast-site-content-layout":"default","site-content-style":"default","site-sidebar-style":"default","ast-global-header-display":"","ast-banner-title-visibility":"","ast-main-header-display":"","ast-hfb-above-header-display":"","ast-hfb-below-header-display":"","ast-hfb-mobile-header-display":"","site-post-title":"","ast-breadcrumbs-content":"","ast-featured-img":"","footer-sml-layout":"","theme-transparent-header-meta":"default","adv-header-id-meta":"","stick-header-meta":"default","header-above-stick-meta":"","header-main-stick-meta":"","header-below-stick-meta":"","astra-migrate-meta-layouts":"set","ast-page-background-enabled":"default","ast-page-background-meta":{"desktop":{"background-color":"var(--ast-global-color-5)","background-image":"","background-repeat":"repeat","background-position":"center center","background-size":"auto","background-attachment":"scroll","background-type":"","background-media":"","overlay-type":"","overlay-color":"","overlay-opacity":"","overlay-gradient":""},"tablet":{"background-color":"","background-image":"","background-repeat":"repeat","background-position":"center center","background-size":"auto","background-attachment":"scroll","background-type":"","background-media":"","overlay-type":"","overlay-color":"","overlay-opacity":"","overlay-gradient":""},"mobile":{"background-color":"","background-image":"","background-repeat":"repeat","background-position":"center center","background-size":"auto","background-attachment":"scroll","background-type":"","background-media":"","overlay-type":"","overlay-color":"","overlay-opacity":"","overlay-gradient":""}},"ast-content-background-meta":{"desktop":{"background-color":"var(--ast-global-color-4)","background-image":"","background-repeat":"repeat","background-position":"center center","background-size":"auto","background-attachment":"scroll","background-type":"","background-media":"","overlay-type":"","overlay-color":"","overlay-opacity":"","overlay-gradient":""},"tablet":{"background-color":"var(--ast-global-color-4)","background-image":"","background-repeat":"repeat","background-position":"center center","background-size":"auto","background-attachment":"scroll","background-type":"","background-media":"","overlay-type":"","overlay-color":"","overlay-opacity":"","overlay-gradient":""},"mobile":{"background-color":"var(--ast-global-color-4)","background-image":"","background-repeat":"repeat","background-position":"center center","background-size":"auto","background-attachment":"scroll","background-type":"","background-media":"","overlay-type":"","overlay-color":"","overlay-opacity":"","overlay-gradient":""}}},"product_brand":[],"product_cat":[20,39],"product_tag":[],"class_list":{"0":"post-146","1":"product","2":"type-product","3":"status-publish","4":"has-post-thumbnail","6":"product_cat-meo","7":"product_cat-meo-canh","8":"desktop-align-left","9":"tablet-align-left","10":"mobile-align-left","11":"ast-product-gallery-layout-horizontal-slider","12":"ast-product-tabs-layout-horizontal","14":"first","15":"instock","16":"sale","17":"shipping-taxable","18":"purchasable","19":"product-type-simple"},"_links":{"self":[{"href":"https:\/\/tduong2212.io.vn\/index.php\/wp-json\/wp\/v2\/product\/146","targetHints":{"allow":["GET"]}}],"collection":[{"href":"https:\/\/tduong2212.io.vn\/index.php\/wp-json\/wp\/v2\/product"}],"about":[{"href":"https:\/\/tduong2212.io.vn\/index.php\/wp-json\/wp\/v2\/types\/product"}],"replies":[{"embeddable":true,"href":"https:\/\/tduong2212.io.vn\/index.php\/wp-json\/wp\/v2\/comments?post=146"}],"wp:featuredmedia":[{"embeddable":true,"href":"https:\/\/tduong2212.io.vn\/index.php\/wp-json\/wp\/v2\/media\/150"}],"wp:attachment":[{"href":"https:\/\/tduong2212.io.vn\/index.php\/wp-json\/wp\/v2\/media?parent=146"}],"wp:term":[{"taxonomy":"product_brand","embeddable":true,"href":"https:\/\/tduong2212.io.vn\/index.php\/wp-json\/wp\/v2\/product_brand?post=146"},{"taxonomy":"product_cat","embeddable":true,"href":"https:\/\/tduong2212.io.vn\/index.php\/wp-json\/wp\/v2\/product_cat?post=146"},{"taxonomy":"product_tag","embeddable":true,"href":"https:\/\/tduong2212.io.vn\/index.php\/wp-json\/wp\/v2\/product_tag?post=146"}],"curies":[{"name":"wp","href":"https:\/\/api.w.org\/{rel}","templated":true}]}}