{"id":140,"date":"2025-11-21T09:45:38","date_gmt":"2025-11-21T02:45:38","guid":{"rendered":"https:\/\/tduong2212.io.vn\/?post_type=product&#038;p=140"},"modified":"2025-12-07T06:48:04","modified_gmt":"2025-12-06T23:48:04","slug":"meo-anh-long-ngan","status":"publish","type":"product","link":"https:\/\/tduong2212.io.vn\/index.php\/san-pham\/meo-anh-long-ngan\/","title":{"rendered":"M\u00e8o Anh L\u00f4ng Ng\u1eafn"},"content":{"rendered":"<h1>Ngu\u1ed3n g\u1ed1c lo\u00e0i m\u00e8o anh l\u00f4ng ng\u1eafn<\/h1>\n<p>M\u00e8o anh l\u00f4ng ng\u1eafn ( hay c\u00f2n \u0111\u01b0\u1ee3c g\u1ecdi v\u1edbi t\u00ean l\u00e0 m\u00e8o ALN ). T\u1eeb c\u00e1i t\u00ean ch\u00fang ta c\u0169ng \u0111\u00e3 \u0111o\u00e1n \u0111\u01b0\u1ee3c xu\u1ea5t x\u1ee9 c\u1ee7a ch\u00fang l\u00e0 t\u1eeb N\u01b0\u1edbc Anh r\u1ed3i. Nh\u1eefng th\u1eadt ra gi\u1ed1ng M\u00e8o n\u00e0y l\u00e0 \u0111\u01b0\u1ee3c k\u1ebft h\u1ee3p t\u1eeb hai lo\u1ea1i. Lai t\u1ea1o t\u1eeb M\u00e8o Ai C\u1eadp c\u1ed5 v\u00e0 m\u00e8o \u0111\u01b0\u1eddng ph\u1ed1 \u1edf Anh.<\/p>\n<p>Theo ghi ch\u00e9p x\u01b0a, M\u00e8o Anh L\u00f4ng Ng\u1eafn c\u00f3 m\u1ed9t th\u1eddi d\u01b0\u1eddng nh\u01b0 kh\u00f4ng ai quan t\u00e2m. V\u00ec qu\u00e1 nhi\u1ec1u gi\u1ed3ng m\u00e8o qu\u00fd ph\u00e1i t\u1eeb c\u00e1c v\u00f9ng kh\u00e1c nh\u1eadp v\u1ec1. H\u01a1n n\u1eefa M\u00e8o do kh\u00f4ng \u0111\u01b0\u1ee3c nu\u00f4i nh\u1ed1t. Ch\u00fang hay \u0111i lang thang n\u00ean th\u00e0nh ra b\u1ecb lai t\u1ea1o r\u1ea5t nhi\u1ec1u. Hi\u1ec7n gi\u1edd M\u00e8o Anh L\u00f4ng Ng\u1eafn thu\u1ea7n ch\u1ee7ng c\u0169ng r\u1ea5t kh\u00f3 t\u00ecm th\u1ea5y.<\/p>\n<p>Tuy nhi\u00ean nh\u1eefng nh\u00e0 sinh v\u1eadt h\u1ecd. V\u1edbi ni\u1ec1m mong mu\u1ed1n l\u1ea1i t\u1ea1o l\u1ea1i gi\u1ed1ng m\u00e8o thu\u1ea7n ch\u1ee7ng, h\u1ecd \u0111\u00e3 cho l\u1ea1i t\u1ea1o tr\u1edf l\u1ea1i gi\u1ed1ng m\u00e8o aln thu\u1ea7n ch\u1ee7ng. Ni\u1ec1m \u0111am m\u00ea \u0111\u00e3 \u0111em l\u1ea1i th\u00e0nh c\u00f4ng. K\u1ebft qu\u1ea3 \u0111\u01b0\u1ee3c c\u1ea3 2 hi\u1ec7p h\u1ed9i TICA (The International Cat Association) v\u00e0 CFA (Cat Fancy) c\u00f4ng nh\u1eadn. Gi\u1ed1ng M\u00e8o Anh thu\u1ea7n ch\u1ee7ng \u0111\u00e3 \u0111\u01b0\u1ee3c tr\u1edf l\u1ea1i.<\/p>\n<h1>\u0110\u1eb7c \u0111i\u1ec3m nh\u1eadn d\u1ea1ng m\u00e8o anh l\u00f4ng ng\u1eafn<\/h1>\n<p><em>C\u01a1 th\u1ec3<\/em>: N\u1ed5i b\u1eadt v\u1edbi ng\u1ef1c r\u1ed9ng v\u00e0 th\u00e2n x\u01b0\u01a1ng kh\u00f4ng qu\u00e1 d\u00e0i.<\/p>\n<p><em>\u0110\u1ea7u<\/em>: Ta c\u00f3 th\u1ec3 d\u1ec5 d\u00e0ng nh\u1eadn th\u1ea5y s\u1ef1 kh\u00e1c bi\u1ec7t c\u1ee7a M\u00e8o Anh LN v\u1edbi M\u00e8o ta qua h\u00ecnh d\u1ea1ng \u0111\u1ea7u. \u0110\u1ea7u ch\u00fang c\u00f3 t\u1ec9 l\u1ec7 to h\u01a1n th\u1ea5y r\u00f5.<\/p>\n<p><em>M\u00e9p:<\/em>\u00a0D\u00e0y, m\u00e1 tr\u00f2n v\u00e0 c\u1eb1m ch\u1eafc ch\u1eafn. Nh\u1eefng b\u00e9 M\u00e8o \u0111\u1ef1c c\u00f3 m\u00e9p d\u1ea7y h\u01a1n so v\u1edbi M\u00e8o c\u00e1i<\/p>\n<p><em>M\u1eaft:<\/em>\u00a0to tr\u00f2n long lanh. t\u00f9y theo m\u00e0u l\u00f4ng nh\u1eefng b\u00e9 M\u00e8o s\u1ebd c\u00f3 m\u00e0u m\u1eaft kh\u00e1c nhau.<\/p>\n<p><em>L\u00f4ng:<\/em>\u00a0D\u00e0y v\u00e0 \u00eam, l\u00f4ng m\u1ecdc \u0111\u1ec1u, khi s\u1edd v\u00e0o c\u1ea3m th\u1ea5y \u0111\u00e0n h\u1ed3i. \u0110\u1eb7c bi\u1ec7t l\u00e0 ph\u1ea7n l\u00f4ng tr\u01b0\u1edbc ng\u1ef1c.<\/p>\n<p>\u1ede Vi\u1ec7t Nam M\u00e8o anh L\u00f4ng ng\u1eafn c\u00f3 m\u00e0u m\u00e0u ph\u1ed5 bi\u1ebfn nh\u01b0: x\u00e1m xanh, lilac v\u00e0 colorpoint. Ngo\u00e0i ra c\u00f2n c\u00f3 m\u00e0u tabby, cream, silver, golden\u2026<\/p>\n","protected":false},"excerpt":{"rendered":"<p><strong data-start=\"1271\" data-end=\"1298\">M\u00e8o Anh l\u00f4ng ng\u1eafn (ALN)<\/strong> c\u00f3 ngo\u1ea1i h\u00ecnh tr\u00f2n tr\u1ecba d\u1ec5 th\u01b0\u01a1ng, t\u00ednh c\u00e1ch hi\u1ec1n l\u00e0nh v\u00e0 r\u1ea5t d\u1ec5 nu\u00f4i. V\u1edbi b\u1ed9 l\u00f4ng m\u1ec1m m\u1ecbn v\u00e0 s\u1ef1 th\u00e2n thi\u1ec7n, ALN l\u00e0 l\u1ef1a ch\u1ecdn tuy\u1ec7t v\u1eddi cho m\u1ecdi gia \u0111\u00ecnh.<\/p>\n","protected":false},"featured_media":143,"comment_status":"open","ping_status":"closed","template":"","meta":{"site-sidebar-layout":"default","site-content-layout":"","ast-site-content-layout":"default","site-content-style":"default","site-sidebar-style":"default","ast-global-header-display":"","ast-banner-title-visibility":"","ast-main-header-display":"","ast-hfb-above-header-display":"","ast-hfb-below-header-display":"","ast-hfb-mobile-header-display":"","site-post-title":"","ast-breadcrumbs-content":"","ast-featured-img":"","footer-sml-layout":"","theme-transparent-header-meta":"default","adv-header-id-meta":"","stick-header-meta":"default","header-above-stick-meta":"","header-main-stick-meta":"","header-below-stick-meta":"","astra-migrate-meta-layouts":"set","ast-page-background-enabled":"default","ast-page-background-meta":{"desktop":{"background-color":"var(--ast-global-color-5)","background-image":"","background-repeat":"repeat","background-position":"center center","background-size":"auto","background-attachment":"scroll","background-type":"","background-media":"","overlay-type":"","overlay-color":"","overlay-opacity":"","overlay-gradient":""},"tablet":{"background-color":"","background-image":"","background-repeat":"repeat","background-position":"center center","background-size":"auto","background-attachment":"scroll","background-type":"","background-media":"","overlay-type":"","overlay-color":"","overlay-opacity":"","overlay-gradient":""},"mobile":{"background-color":"","background-image":"","background-repeat":"repeat","background-position":"center center","background-size":"auto","background-attachment":"scroll","background-type":"","background-media":"","overlay-type":"","overlay-color":"","overlay-opacity":"","overlay-gradient":""}},"ast-content-background-meta":{"desktop":{"background-color":"var(--ast-global-color-4)","background-image":"","background-repeat":"repeat","background-position":"center center","background-size":"auto","background-attachment":"scroll","background-type":"","background-media":"","overlay-type":"","overlay-color":"","overlay-opacity":"","overlay-gradient":""},"tablet":{"background-color":"var(--ast-global-color-4)","background-image":"","background-repeat":"repeat","background-position":"center center","background-size":"auto","background-attachment":"scroll","background-type":"","background-media":"","overlay-type":"","overlay-color":"","overlay-opacity":"","overlay-gradient":""},"mobile":{"background-color":"var(--ast-global-color-4)","background-image":"","background-repeat":"repeat","background-position":"center center","background-size":"auto","background-attachment":"scroll","background-type":"","background-media":"","overlay-type":"","overlay-color":"","overlay-opacity":"","overlay-gradient":""}}},"product_brand":[],"product_cat":[20,39],"product_tag":[],"class_list":{"0":"post-140","1":"product","2":"type-product","3":"status-publish","4":"has-post-thumbnail","6":"product_cat-meo","7":"product_cat-meo-canh","8":"desktop-align-left","9":"tablet-align-left","10":"mobile-align-left","11":"ast-product-gallery-layout-horizontal-slider","12":"ast-product-tabs-layout-horizontal","14":"first","15":"instock","16":"shipping-taxable","17":"purchasable","18":"product-type-simple"},"_links":{"self":[{"href":"https:\/\/tduong2212.io.vn\/index.php\/wp-json\/wp\/v2\/product\/140","targetHints":{"allow":["GET"]}}],"collection":[{"href":"https:\/\/tduong2212.io.vn\/index.php\/wp-json\/wp\/v2\/product"}],"about":[{"href":"https:\/\/tduong2212.io.vn\/index.php\/wp-json\/wp\/v2\/types\/product"}],"replies":[{"embeddable":true,"href":"https:\/\/tduong2212.io.vn\/index.php\/wp-json\/wp\/v2\/comments?post=140"}],"wp:featuredmedia":[{"embeddable":true,"href":"https:\/\/tduong2212.io.vn\/index.php\/wp-json\/wp\/v2\/media\/143"}],"wp:attachment":[{"href":"https:\/\/tduong2212.io.vn\/index.php\/wp-json\/wp\/v2\/media?parent=140"}],"wp:term":[{"taxonomy":"product_brand","embeddable":true,"href":"https:\/\/tduong2212.io.vn\/index.php\/wp-json\/wp\/v2\/product_brand?post=140"},{"taxonomy":"product_cat","embeddable":true,"href":"https:\/\/tduong2212.io.vn\/index.php\/wp-json\/wp\/v2\/product_cat?post=140"},{"taxonomy":"product_tag","embeddable":true,"href":"https:\/\/tduong2212.io.vn\/index.php\/wp-json\/wp\/v2\/product_tag?post=140"}],"curies":[{"name":"wp","href":"https:\/\/api.w.org\/{rel}","templated":true}]}}