{"id":134,"date":"2025-11-21T09:38:24","date_gmt":"2025-11-21T02:38:24","guid":{"rendered":"https:\/\/tduong2212.io.vn\/?post_type=product&#038;p=134"},"modified":"2025-11-25T11:11:27","modified_gmt":"2025-11-25T04:11:27","slug":"cho-corgi","status":"publish","type":"product","link":"https:\/\/tduong2212.io.vn\/index.php\/san-pham\/cho-corgi\/","title":{"rendered":"Ch\u00f3 Corgi"},"content":{"rendered":"<h2><strong>Th\u00f4ng tin v\u1ec1 Ch\u00f3 Corgi<\/strong><\/h2>\n<p>L\u00e0 gi\u1ed1ng ch\u00f3 n\u1ed5i ti\u1ebfng v\u00ec \u0111\u01b0\u1ee3c\u00a0<strong>N\u1eef ho\u00e0ng Anh Elizabeth \u0110\u1ec7 Nh\u1ecb<\/strong>\u00a0y\u00eau m\u1ebfn (ng\u01b0\u1eddi \u0111ang tr\u1ecb v\u00ec v\u01b0\u01a1ng qu\u1ed1c Anh). Hi\u1ec7n b\u00e0 \u0111ang s\u1edf h\u1eefu t\u1edbi h\u01a1n 30 b\u00e9 ch\u00f3 Corgi. Kh\u00f4ng nh\u1eefng \u0111\u01b0\u1ee3c \u01b0a th\u00edch t\u1ea1i Anh. Ch\u00f3 Corgi ng\u00e0y c\u00e0ng ph\u1ed5 bi\u1ebfn \u1edf Hoa K\u1ef3. V\u00e0 c\u00f3 h\u1eb3n hoi c\u1ea3 m\u1ed9t b\u1ed9 phim ho\u1ea1t h\u00ecnh \u201c<strong>Nh\u1eefng ch\u00fa ch\u00f3 ho\u00e0ng gia<\/strong>\u201c. Nh\u00e2n v\u1eadt ch\u00ednh c\u1ee7a b\u1ed9 phim l\u00e0 nh\u1eefng ch\u00fa ch\u00f3 corgi c\u1ee7a n\u1eef ho\u00e0ng Anh v\u00e0 t\u1ed5ng th\u1ed1ng Donald Trump<\/p>\n<h2><strong>\u0110\u1eb7c \u0111i\u1ec3m ngo\u1ea1i h\u00ecnh c\u1ee7a Ch\u00f3 Corgi<\/strong><\/h2>\n<p>M\u1ed9t \u0111\u1eb7c \u0111i\u1ec3m n\u1ed5i b\u1eadt l\u00e0m n\u00ean th\u01b0\u01a1ng hi\u1ec7u cho c\u00e1c b\u00e9 ch\u00f3 Corgi \u0111\u00f3 l\u00e0 c\u00f3 ch\u0103n ng\u1eafn c\u1ee7n xin x\u1eafn, chi\u1ebfc m\u00f4ng to tr\u00f2n. C\u00e1c b\u00e9 ch\u00f3 Corgi c\u00f2n c\u00f3 khi \u0111\u01b0\u1ee3c g\u1ecdi l\u00e0\u00a0<strong>Foxy Dog<\/strong>. Do c\u00f3 g\u01b0\u01a1ng m\u1eb7t tam gi\u00e1c c\u00e2n x\u1ee9ng, \u0111\u00f4i tai nh\u1ecdn th\u1eb3ng \u0111\u1ee9ng nh\u00ecn nh\u01b0 nh\u1eefng ch\u00fa c\u00e1o \u0111\u00e1ng y\u00eau.<\/p>\n<p>C\u00e1c b\u00e9 ch\u00f3 Corgi c\u00f3 chi\u1ec1u cao kho\u1ea3ng 25-30cm v\u00e0 c\u00e2n n\u1eb7ng ti\u00eau chu\u1ea9n t\u1eeb 9-13kg \u1edf c\u00e1c b\u00e9 tr\u01b0\u1edfng th\u00e0nh. T\u1ea7m \u0111\u1ed9 tu\u1ed5i 9 th\u00e1ng tu\u1ed5i, \u0111a s\u1ed1 c\u00e1c b\u00e9 s\u1ebd ph\u00e1t tri\u1ec3n \u0111\u1ea7y \u0111\u1ee7 v\u1ec1 k\u00edch th\u01b0\u1edbc v\u00e0 c\u00e2n n\u1eb7ng. Tuy nhi\u00ean c\u00e1c b\u00e9 corgi r\u1ea5t h\u00e1o \u0103n v\u00e0 th\u01b0\u1eddng d\u1eabn t\u1edbi t\u00ecnh tr\u1ea1ng b\u00e9o ph\u00ec. M\u1eb7c d\u00f9 c\u00e1c b\u00e9 d\u01b0\u1ee3c y\u00eau th\u00edch v\u00ec c\u00f3 qu\u1ea3 m\u00f4ng to tr\u00f2n d\u1ec5 th\u01b0\u01a1ng. Tuy nhi\u00ean c\u00e1c ch\u1ee7 nh\u00e2n ch\u00fa \u00fd \u0111\u1eebng v\u00ec th\u1ebf m\u00e0 \u0111\u1ec3 c\u00e1c b\u00e9 b\u00e9o ph\u00ec v\u00e0 \u1ea3nh h\u01b0\u1edfng t\u1edbi s\u1ee9c kh\u1ecfe c\u00e1c b\u00e9 nha. N\u00ean th\u01b0\u1eddng xuy\u00ean cho c\u00e1c b\u00e9 \u0111i d\u1ea1o \u0111\u1ec3 t\u0103ng c\u01b0\u1eddng kh\u1ecfe nh\u00e9.<\/p>\n<p>Theo m\u1ed9t ti\u00eau chu\u1ea9n v\u1ec1 s\u1eafc \u0111\u1eb9p cho Corgi AKC th\u00ec \u0111\u1ed9 d\u00e0i \u0111u\u00f4i c\u1ee7a c\u00e1c b\u00e9 kh\u00f4ng \u0111\u01b0\u1ee3c d\u00e0i h\u01a1n 2 inch (5 cm). N\u00ean m\u1ed9t s\u1ed1 b\u00e9 Corgi th\u01b0\u1eddng \u0111\u01b0\u1ee3c c\u1eaft \u0111u\u00f4i t\u1eeb nh\u1ecf \u0111\u1ec3 th\u00eam ph\u1ea7n xinh x\u1eafn.<\/p>\n<p>C\u00e1c b\u00e9 corgi s\u1ebd th\u01b0\u1eddng r\u1ee5ng l\u00f4ng nhi\u1ec1u v\u00e0o m\u00f9a xu\u00e2n v\u00e0 m\u00f9a thu. \u0110\u1eb7c bi\u1ec7t c\u00e1c b\u00e9 c\u00e1i s\u1ebd hay r\u1ee5ng l\u00f4ng khi tr\u1eddi n\u1eafng n\u00f3ng.<\/p>\n<h2><strong>\u0110\u1eb7c \u0111i\u1ec3m t\u00ednh c\u00e1ch c\u1ee7a ch\u00f3 corgi<\/strong><\/h2>\n<p>Ch\u00f3 corgi l\u00e0 m\u1ed9t lo\u1ea1i ch\u00f3 r\u1ea5t n\u0103ng \u0111\u1ed9ng. Th\u00edch ch\u01a1i \u0111\u00f9a ch\u1ea1y nh\u1ea3y \u0111\u1ec3 gi\u1ea3i ph\u00f3ng n\u0103ng l\u01b0\u1ee3ng. C\u00e1c ch\u1ee7 nh\u00e2n nu\u00f4i b\u00e9 n\u00ean \u0111\u01b0a b\u00e9 \u0111i ch\u01a1i. Ch\u01a1i \u0111\u00f9a ch\u1ea1y nh\u1ea3y nh\u00e9. Tuy nhi\u00ean c\u00e1c b\u00e9 s\u1ebd r\u1ea5t hay \u01b0\u01a1ng b\u01b0\u1edbng. \u0110\u00f4i khi b\u1ea1n c\u1ea7n ph\u1ea3i nghi\u00eam kh\u00e1c v\u00e0 c\u1ee9ng r\u1eafn trong qu\u00e1 tr\u00ecnh d\u1ea1y d\u1ed7 v\u00e0 hu\u1ea5n luy\u1ec7n c\u00e1c b\u00e9 nha.<\/p>\n","protected":false},"excerpt":{"rendered":"<p data-start=\"193\" data-end=\"578\">Ch\u00f3 <strong data-start=\"197\" data-end=\"206\">Corgi<\/strong> l\u00e0 m\u1ed9t trong nh\u1eefng gi\u1ed1ng ch\u00f3 c\u1ea3nh n\u1ed5i ti\u1ebfng nh\u1ea5t hi\u1ec7n nay nh\u1edd ngo\u1ea1i h\u00ecnh d\u1ec5 th\u01b0\u01a1ng v\u1edbi \u0111\u00f4i ch\u00e2n ng\u1eafn, m\u00f4ng tr\u00f2n v\u00e0 t\u00ednh c\u00e1ch vui v\u1ebb, th\u00e2n thi\u1ec7n. Xu\u1ea5t x\u1ee9 t\u1eeb x\u1ee9 Wales, Corgi \u0111\u01b0\u1ee3c y\u00eau th\u00edch b\u1edfi s\u1ef1 th\u00f4ng minh, lanh l\u1ee3i v\u00e0 r\u1ea5t qu\u1ea5n ch\u1ee7. Gi\u1ed1ng ch\u00f3 n\u00e0y ph\u00f9 h\u1ee3p v\u1edbi gia \u0111\u00ecnh s\u1ed1ng \u1edf c\u0103n h\u1ed9 ho\u1eb7c nh\u00e0 ph\u1ed1 v\u00ec d\u1ec5 nu\u00f4i, d\u1ec5 hu\u1ea5n luy\u1ec7n v\u00e0 h\u00f2a \u0111\u1ed3ng v\u1edbi tr\u1ebb nh\u1ecf c\u0169ng nh\u01b0 c\u00e1c v\u1eadt nu\u00f4i kh\u00e1c.<\/p>\n<p data-start=\"580\" data-end=\"853\">Corgi c\u00f3 b\u1ed9 l\u00f4ng d\u00e0y, m\u00e0u s\u1eafc \u0111a d\u1ea1ng v\u00e0 \u00edt b\u1ecb b\u1ec7nh di truy\u1ec1n, gi\u00fap ng\u01b0\u1eddi nu\u00f4i d\u1ec5 ch\u0103m s\u00f3c. V\u1edbi t\u00ednh c\u00e1ch ho\u1ea1t b\u00e1t, trung th\u00e0nh v\u00e0 lu\u00f4n mang l\u1ea1i n\u0103ng l\u01b0\u1ee3ng t\u00edch c\u1ef1c, Corgi l\u00e0 l\u1ef1a ch\u1ecdn l\u00fd t\u01b0\u1edfng cho nh\u1eefng ai \u0111ang t\u00ecm m\u1ed9t ch\u00fa ch\u00f3 c\u1ea3nh v\u1eeba \u0111\u1eb9p, v\u1eeba \u0111\u00e1ng y\u00eau l\u1ea1i r\u1ea5t th\u00f4ng minh.<\/p>\n","protected":false},"featured_media":135,"comment_status":"open","ping_status":"closed","template":"","meta":{"site-sidebar-layout":"default","site-content-layout":"","ast-site-content-layout":"default","site-content-style":"default","site-sidebar-style":"default","ast-global-header-display":"","ast-banner-title-visibility":"","ast-main-header-display":"","ast-hfb-above-header-display":"","ast-hfb-below-header-display":"","ast-hfb-mobile-header-display":"","site-post-title":"","ast-breadcrumbs-content":"","ast-featured-img":"","footer-sml-layout":"","theme-transparent-header-meta":"default","adv-header-id-meta":"","stick-header-meta":"","header-above-stick-meta":"","header-main-stick-meta":"","header-below-stick-meta":"","astra-migrate-meta-layouts":"set","ast-page-background-enabled":"default","ast-page-background-meta":{"desktop":{"background-color":"var(--ast-global-color-5)","background-image":"","background-repeat":"repeat","background-position":"center center","background-size":"auto","background-attachment":"scroll","background-type":"","background-media":"","overlay-type":"","overlay-color":"","overlay-opacity":"","overlay-gradient":""},"tablet":{"background-color":"","background-image":"","background-repeat":"repeat","background-position":"center center","background-size":"auto","background-attachment":"scroll","background-type":"","background-media":"","overlay-type":"","overlay-color":"","overlay-opacity":"","overlay-gradient":""},"mobile":{"background-color":"","background-image":"","background-repeat":"repeat","background-position":"center center","background-size":"auto","background-attachment":"scroll","background-type":"","background-media":"","overlay-type":"","overlay-color":"","overlay-opacity":"","overlay-gradient":""}},"ast-content-background-meta":{"desktop":{"background-color":"var(--ast-global-color-4)","background-image":"","background-repeat":"repeat","background-position":"center center","background-size":"auto","background-attachment":"scroll","background-type":"","background-media":"","overlay-type":"","overlay-color":"","overlay-opacity":"","overlay-gradient":""},"tablet":{"background-color":"var(--ast-global-color-4)","background-image":"","background-repeat":"repeat","background-position":"center center","background-size":"auto","background-attachment":"scroll","background-type":"","background-media":"","overlay-type":"","overlay-color":"","overlay-opacity":"","overlay-gradient":""},"mobile":{"background-color":"var(--ast-global-color-4)","background-image":"","background-repeat":"repeat","background-position":"center center","background-size":"auto","background-attachment":"scroll","background-type":"","background-media":"","overlay-type":"","overlay-color":"","overlay-opacity":"","overlay-gradient":""}}},"product_brand":[],"product_cat":[19,35],"product_tag":[],"class_list":{"0":"post-134","1":"product","2":"type-product","3":"status-publish","4":"has-post-thumbnail","6":"product_cat-cho","7":"product_cat-cho-canh","8":"desktop-align-left","9":"tablet-align-left","10":"mobile-align-left","11":"ast-product-gallery-layout-horizontal-slider","12":"ast-product-tabs-layout-horizontal","14":"first","15":"instock","16":"shipping-taxable","17":"purchasable","18":"product-type-simple"},"_links":{"self":[{"href":"https:\/\/tduong2212.io.vn\/index.php\/wp-json\/wp\/v2\/product\/134","targetHints":{"allow":["GET"]}}],"collection":[{"href":"https:\/\/tduong2212.io.vn\/index.php\/wp-json\/wp\/v2\/product"}],"about":[{"href":"https:\/\/tduong2212.io.vn\/index.php\/wp-json\/wp\/v2\/types\/product"}],"replies":[{"embeddable":true,"href":"https:\/\/tduong2212.io.vn\/index.php\/wp-json\/wp\/v2\/comments?post=134"}],"wp:featuredmedia":[{"embeddable":true,"href":"https:\/\/tduong2212.io.vn\/index.php\/wp-json\/wp\/v2\/media\/135"}],"wp:attachment":[{"href":"https:\/\/tduong2212.io.vn\/index.php\/wp-json\/wp\/v2\/media?parent=134"}],"wp:term":[{"taxonomy":"product_brand","embeddable":true,"href":"https:\/\/tduong2212.io.vn\/index.php\/wp-json\/wp\/v2\/product_brand?post=134"},{"taxonomy":"product_cat","embeddable":true,"href":"https:\/\/tduong2212.io.vn\/index.php\/wp-json\/wp\/v2\/product_cat?post=134"},{"taxonomy":"product_tag","embeddable":true,"href":"https:\/\/tduong2212.io.vn\/index.php\/wp-json\/wp\/v2\/product_tag?post=134"}],"curies":[{"name":"wp","href":"https:\/\/api.w.org\/{rel}","templated":true}]}}