{"id":128,"date":"2025-11-21T09:32:13","date_gmt":"2025-11-21T02:32:13","guid":{"rendered":"https:\/\/tduong2212.io.vn\/?post_type=product&#038;p=128"},"modified":"2025-11-24T15:49:08","modified_gmt":"2025-11-24T08:49:08","slug":"cho-begie","status":"publish","type":"product","link":"https:\/\/tduong2212.io.vn\/index.php\/san-pham\/cho-begie\/","title":{"rendered":"Ch\u00f3 Begie"},"content":{"rendered":"<p data-start=\"193\" data-end=\"577\">Ch\u00f3 <strong data-start=\"197\" data-end=\"225\">Becgie (German Shepherd)<\/strong> l\u00e0 m\u1ed9t trong nh\u1eefng gi\u1ed1ng ch\u00f3 th\u00f4ng minh, trung th\u00e0nh v\u00e0 d\u1ec5 hu\u1ea5n luy\u1ec7n nh\u1ea5t tr\u00ean th\u1ebf gi\u1edbi. V\u1edbi th\u00e2n h\u00ecnh kh\u1ecfe m\u1ea1nh, c\u01a1 b\u1eafp v\u00e0 ngo\u1ea1i h\u00ecnh oai v\u1ec7, Becgie th\u01b0\u1eddng \u0111\u01b0\u1ee3c s\u1eed d\u1ee5ng trong l\u1ef1c l\u01b0\u1ee3ng c\u1ea3nh s\u00e1t, qu\u00e2n \u0111\u1ed9i v\u00e0 l\u00e0m ch\u00f3 nghi\u1ec7p v\u1ee5. Tuy v\u1eady, Becgie v\u1eabn l\u00e0 m\u1ed9t <strong data-start=\"481\" data-end=\"519\">ng\u01b0\u1eddi b\u1ea1n tuy\u1ec7t v\u1eddi trong gia \u0111\u00ecnh<\/strong> nh\u1edd t\u00ednh c\u00e1ch th\u00e2n thi\u1ec7n, g\u1eafn b\u00f3 v\u00e0 lu\u00f4n b\u1ea3o v\u1ec7 ch\u1ee7 nh\u00e2n.<\/p>\n<p data-start=\"579\" data-end=\"849\">Becgie c\u00f3 kh\u1ea3 n\u0103ng h\u1ecdc l\u1ec7nh nhanh, ph\u1ea3n x\u1ea1 t\u1ed1t v\u00e0 c\u1ef1c k\u1ef3 trung th\u00e0nh. Ch\u00fang ph\u00f9 h\u1ee3p v\u1edbi nh\u1eefng gia \u0111\u00ecnh c\u00f3 kh\u00f4ng gian r\u1ed9ng, ng\u01b0\u1eddi nu\u00f4i c\u00f3 th\u1eddi gian v\u1eadn \u0111\u1ed9ng c\u00f9ng ch\u00f3 m\u1ed7i ng\u00e0y. B\u1ed9 l\u00f4ng hai l\u1edbp gi\u00fap Becgie ch\u1ecbu \u0111\u01b0\u1ee3c nhi\u1ec1u \u0111i\u1ec1u ki\u1ec7n th\u1eddi ti\u1ebft, d\u1ec5 ch\u0103m s\u00f3c v\u00e0 \u00edt b\u1ecb b\u1ec7nh v\u1eb7t.<\/p>\n<p data-start=\"851\" data-end=\"871\"><strong data-start=\"851\" data-end=\"871\">\u01afu \u0111i\u1ec3m n\u1ed5i b\u1eadt:<\/strong><\/p>\n<ul data-start=\"872\" data-end=\"1026\">\n<li data-start=\"872\" data-end=\"900\">\n<p data-start=\"874\" data-end=\"900\">Th\u00f4ng minh, ti\u1ebfp thu t\u1ed1t<\/p>\n<\/li>\n<li data-start=\"901\" data-end=\"938\">\n<p data-start=\"903\" data-end=\"938\">Trung th\u00e0nh v\u00e0 b\u1ea3o v\u1ec7 ch\u1ee7 r\u1ea5t t\u1ed1t<\/p>\n<\/li>\n<li data-start=\"939\" data-end=\"975\">\n<p data-start=\"941\" data-end=\"975\">S\u1ee9c kh\u1ecfe d\u1ebbo dai, ho\u1ea1t \u0111\u1ed9ng m\u1ea1nh<\/p>\n<\/li>\n<li data-start=\"976\" data-end=\"1026\">\n<p data-start=\"978\" data-end=\"1026\">Ph\u00f9 h\u1ee3p hu\u1ea5n luy\u1ec7n, canh g\u00e1c ho\u1eb7c l\u00e0m th\u00fa c\u01b0ng<\/p>\n<\/li>\n<\/ul>\n<p data-start=\"1028\" data-end=\"1124\">\u0110\u00e2y l\u00e0 l\u1ef1a ch\u1ecdn l\u00fd t\u01b0\u1edfng cho nh\u1eefng ai c\u1ea7n m\u1ed9t ch\u00fa ch\u00f3 v\u1eeba m\u1ea1nh m\u1ebd, v\u1eeba t\u00ecnh c\u1ea3m v\u00e0 \u0111\u00e1ng tin c\u1eady.<\/p>\n","protected":false},"excerpt":{"rendered":"<p data-start=\"116\" data-end=\"394\"><strong data-start=\"116\" data-end=\"148\">Ch\u00f3 Becgie (German Shepherd)<\/strong> l\u00e0 gi\u1ed1ng ch\u00f3 th\u00f4ng minh, trung th\u00e0nh v\u00e0 m\u1ea1nh m\u1ebd, n\u1ed5i ti\u1ebfng v\u1edbi kh\u1ea3 n\u0103ng canh g\u00e1c v\u00e0 b\u1ea3o v\u1ec7 tuy\u1ec7t v\u1eddi. Ngo\u1ea1i h\u00ecnh oai v\u1ec7, d\u1ec5 hu\u1ea5n luy\u1ec7n v\u00e0 r\u1ea5t g\u1eafn b\u00f3 v\u1edbi ch\u1ee7, Becgie l\u00e0 l\u1ef1a ch\u1ecdn l\u00fd t\u01b0\u1edfng cho gia \u0111\u00ecnh c\u1ea7n m\u1ed9t ch\u00fa ch\u00f3 v\u1eeba t\u00ecnh c\u1ea3m v\u1eeba \u0111\u00e1ng tin c\u1eady.<\/p>\n","protected":false},"featured_media":129,"comment_status":"open","ping_status":"closed","template":"","meta":{"site-sidebar-layout":"default","site-content-layout":"","ast-site-content-layout":"default","site-content-style":"default","site-sidebar-style":"default","ast-global-header-display":"","ast-banner-title-visibility":"","ast-main-header-display":"","ast-hfb-above-header-display":"","ast-hfb-below-header-display":"","ast-hfb-mobile-header-display":"","site-post-title":"","ast-breadcrumbs-content":"","ast-featured-img":"","footer-sml-layout":"","theme-transparent-header-meta":"default","adv-header-id-meta":"","stick-header-meta":"","header-above-stick-meta":"","header-main-stick-meta":"","header-below-stick-meta":"","astra-migrate-meta-layouts":"set","ast-page-background-enabled":"default","ast-page-background-meta":{"desktop":{"background-color":"var(--ast-global-color-5)","background-image":"","background-repeat":"repeat","background-position":"center center","background-size":"auto","background-attachment":"scroll","background-type":"","background-media":"","overlay-type":"","overlay-color":"","overlay-opacity":"","overlay-gradient":""},"tablet":{"background-color":"","background-image":"","background-repeat":"repeat","background-position":"center center","background-size":"auto","background-attachment":"scroll","background-type":"","background-media":"","overlay-type":"","overlay-color":"","overlay-opacity":"","overlay-gradient":""},"mobile":{"background-color":"","background-image":"","background-repeat":"repeat","background-position":"center center","background-size":"auto","background-attachment":"scroll","background-type":"","background-media":"","overlay-type":"","overlay-color":"","overlay-opacity":"","overlay-gradient":""}},"ast-content-background-meta":{"desktop":{"background-color":"var(--ast-global-color-4)","background-image":"","background-repeat":"repeat","background-position":"center center","background-size":"auto","background-attachment":"scroll","background-type":"","background-media":"","overlay-type":"","overlay-color":"","overlay-opacity":"","overlay-gradient":""},"tablet":{"background-color":"var(--ast-global-color-4)","background-image":"","background-repeat":"repeat","background-position":"center center","background-size":"auto","background-attachment":"scroll","background-type":"","background-media":"","overlay-type":"","overlay-color":"","overlay-opacity":"","overlay-gradient":""},"mobile":{"background-color":"var(--ast-global-color-4)","background-image":"","background-repeat":"repeat","background-position":"center center","background-size":"auto","background-attachment":"scroll","background-type":"","background-media":"","overlay-type":"","overlay-color":"","overlay-opacity":"","overlay-gradient":""}}},"product_brand":[],"product_cat":[19,36,37],"product_tag":[],"class_list":{"0":"post-128","1":"product","2":"type-product","3":"status-publish","4":"has-post-thumbnail","6":"product_cat-cho","7":"product_cat-cho-giu-nha","8":"product_cat-cho-san","9":"desktop-align-left","10":"tablet-align-left","11":"mobile-align-left","12":"ast-product-gallery-layout-horizontal-slider","13":"ast-product-tabs-layout-horizontal","15":"first","16":"instock","17":"shipping-taxable","18":"purchasable","19":"product-type-simple"},"_links":{"self":[{"href":"https:\/\/tduong2212.io.vn\/index.php\/wp-json\/wp\/v2\/product\/128","targetHints":{"allow":["GET"]}}],"collection":[{"href":"https:\/\/tduong2212.io.vn\/index.php\/wp-json\/wp\/v2\/product"}],"about":[{"href":"https:\/\/tduong2212.io.vn\/index.php\/wp-json\/wp\/v2\/types\/product"}],"replies":[{"embeddable":true,"href":"https:\/\/tduong2212.io.vn\/index.php\/wp-json\/wp\/v2\/comments?post=128"}],"wp:featuredmedia":[{"embeddable":true,"href":"https:\/\/tduong2212.io.vn\/index.php\/wp-json\/wp\/v2\/media\/129"}],"wp:attachment":[{"href":"https:\/\/tduong2212.io.vn\/index.php\/wp-json\/wp\/v2\/media?parent=128"}],"wp:term":[{"taxonomy":"product_brand","embeddable":true,"href":"https:\/\/tduong2212.io.vn\/index.php\/wp-json\/wp\/v2\/product_brand?post=128"},{"taxonomy":"product_cat","embeddable":true,"href":"https:\/\/tduong2212.io.vn\/index.php\/wp-json\/wp\/v2\/product_cat?post=128"},{"taxonomy":"product_tag","embeddable":true,"href":"https:\/\/tduong2212.io.vn\/index.php\/wp-json\/wp\/v2\/product_tag?post=128"}],"curies":[{"name":"wp","href":"https:\/\/api.w.org\/{rel}","templated":true}]}}