{"id":1192,"date":"2026-04-21T23:05:32","date_gmt":"2026-04-21T16:05:32","guid":{"rendered":"https:\/\/tduong2212.io.vn\/?post_type=product&#038;p=1192"},"modified":"2026-04-21T23:05:32","modified_gmt":"2026-04-21T16:05:32","slug":"meo-sphynx","status":"publish","type":"product","link":"https:\/\/tduong2212.io.vn\/index.php\/san-pham\/meo-sphynx\/","title":{"rendered":"M\u00e8o Sphynx"},"content":{"rendered":"<p data-start=\"2539\" data-end=\"2826\">Sphynx l\u00e0 gi\u1ed1ng m\u00e8o \u0111\u1eb7c bi\u1ec7t v\u1edbi ngo\u1ea1i h\u00ecnh kh\u00f4ng l\u00f4ng, l\u00e0n da nh\u0103n v\u00e0 th\u00e2n h\u00ecnh c\u01a1 b\u1eafp. D\u00f9 v\u1ebb ngo\u00e0i c\u00f3 ph\u1ea7n kh\u00e1c l\u1ea1, Sphynx l\u1ea1i l\u00e0 m\u1ed9t trong nh\u1eefng gi\u1ed1ng m\u00e8o t\u00ecnh c\u1ea3m v\u00e0 th\u00e2n thi\u1ec7n nh\u1ea5t. Ch\u00fang r\u1ea5t th\u00edch \u0111\u01b0\u1ee3c \u00f4m \u1ea5p, th\u01b0\u1eddng xuy\u00ean t\u00ecm h\u01a1i \u1ea5m t\u1eeb con ng\u01b0\u1eddi v\u00e0 c\u00f3 xu h\u01b0\u1edbng g\u1eafn b\u00f3 m\u1ea1nh v\u1edbi ch\u1ee7.<\/p>\n<p data-start=\"2828\" data-end=\"3059\">Do kh\u00f4ng c\u00f3 l\u00f4ng, Sphynx c\u1ea7n \u0111\u01b0\u1ee3c ch\u0103m s\u00f3c k\u1ef9 h\u01a1n so v\u1edbi c\u00e1c gi\u1ed1ng m\u00e8o kh\u00e1c, bao g\u1ed3m vi\u1ec7c v\u1ec7 sinh da \u0111\u1ecbnh k\u1ef3 v\u00e0 gi\u1eef \u1ea5m khi th\u1eddi ti\u1ebft l\u1ea1nh. B\u00f9 l\u1ea1i, ch\u00fang g\u1ea7n nh\u01b0 kh\u00f4ng g\u00e2y d\u1ecb \u1ee9ng l\u00f4ng v\u00e0 r\u1ea5t ph\u00f9 h\u1ee3p v\u1edbi nh\u1eefng ng\u01b0\u1eddi th\u00edch s\u1ef1 \u0111\u1ed9c \u0111\u00e1o.<\/p>\n","protected":false},"excerpt":{"rendered":"<p>Sphynx l\u00e0 gi\u1ed1ng m\u00e8o \u0111\u1eb7c bi\u1ec7t v\u1edbi ngo\u1ea1i h\u00ecnh kh\u00f4ng l\u00f4ng, l\u00e0n da nh\u0103n v\u00e0 th\u00e2n h\u00ecnh c\u01a1 b\u1eafp. D\u00f9 [&hellip;]<\/p>\n","protected":false},"featured_media":1198,"comment_status":"open","ping_status":"closed","template":"","meta":{"site-sidebar-layout":"default","site-content-layout":"","ast-site-content-layout":"default","site-content-style":"default","site-sidebar-style":"default","ast-global-header-display":"","ast-banner-title-visibility":"","ast-main-header-display":"","ast-hfb-above-header-display":"","ast-hfb-below-header-display":"","ast-hfb-mobile-header-display":"","site-post-title":"","ast-breadcrumbs-content":"","ast-featured-img":"","footer-sml-layout":"","theme-transparent-header-meta":"","adv-header-id-meta":"","stick-header-meta":"","header-above-stick-meta":"","header-main-stick-meta":"","header-below-stick-meta":"","astra-migrate-meta-layouts":"default","ast-page-background-enabled":"default","ast-page-background-meta":{"desktop":{"background-color":"var(--ast-global-color-5)","background-image":"","background-repeat":"repeat","background-position":"center center","background-size":"auto","background-attachment":"scroll","background-type":"","background-media":"","overlay-type":"","overlay-color":"","overlay-opacity":"","overlay-gradient":""},"tablet":{"background-color":"","background-image":"","background-repeat":"repeat","background-position":"center center","background-size":"auto","background-attachment":"scroll","background-type":"","background-media":"","overlay-type":"","overlay-color":"","overlay-opacity":"","overlay-gradient":""},"mobile":{"background-color":"","background-image":"","background-repeat":"repeat","background-position":"center center","background-size":"auto","background-attachment":"scroll","background-type":"","background-media":"","overlay-type":"","overlay-color":"","overlay-opacity":"","overlay-gradient":""}},"ast-content-background-meta":{"desktop":{"background-color":"var(--ast-global-color-4)","background-image":"","background-repeat":"repeat","background-position":"center center","background-size":"auto","background-attachment":"scroll","background-type":"","background-media":"","overlay-type":"","overlay-color":"","overlay-opacity":"","overlay-gradient":""},"tablet":{"background-color":"var(--ast-global-color-4)","background-image":"","background-repeat":"repeat","background-position":"center center","background-size":"auto","background-attachment":"scroll","background-type":"","background-media":"","overlay-type":"","overlay-color":"","overlay-opacity":"","overlay-gradient":""},"mobile":{"background-color":"var(--ast-global-color-4)","background-image":"","background-repeat":"repeat","background-position":"center center","background-size":"auto","background-attachment":"scroll","background-type":"","background-media":"","overlay-type":"","overlay-color":"","overlay-opacity":"","overlay-gradient":""}}},"product_brand":[],"product_cat":[20],"product_tag":[],"class_list":{"0":"post-1192","1":"product","2":"type-product","3":"status-publish","4":"has-post-thumbnail","6":"product_cat-meo","7":"desktop-align-left","8":"tablet-align-left","9":"mobile-align-left","10":"ast-product-gallery-layout-horizontal-slider","11":"ast-product-single-variable","12":"ast-product-tabs-layout-horizontal","14":"first","15":"instock","16":"sold-individually","17":"shipping-taxable","18":"purchasable","19":"product-type-variable"},"_links":{"self":[{"href":"https:\/\/tduong2212.io.vn\/index.php\/wp-json\/wp\/v2\/product\/1192","targetHints":{"allow":["GET"]}}],"collection":[{"href":"https:\/\/tduong2212.io.vn\/index.php\/wp-json\/wp\/v2\/product"}],"about":[{"href":"https:\/\/tduong2212.io.vn\/index.php\/wp-json\/wp\/v2\/types\/product"}],"replies":[{"embeddable":true,"href":"https:\/\/tduong2212.io.vn\/index.php\/wp-json\/wp\/v2\/comments?post=1192"}],"wp:featuredmedia":[{"embeddable":true,"href":"https:\/\/tduong2212.io.vn\/index.php\/wp-json\/wp\/v2\/media\/1198"}],"wp:attachment":[{"href":"https:\/\/tduong2212.io.vn\/index.php\/wp-json\/wp\/v2\/media?parent=1192"}],"wp:term":[{"taxonomy":"product_brand","embeddable":true,"href":"https:\/\/tduong2212.io.vn\/index.php\/wp-json\/wp\/v2\/product_brand?post=1192"},{"taxonomy":"product_cat","embeddable":true,"href":"https:\/\/tduong2212.io.vn\/index.php\/wp-json\/wp\/v2\/product_cat?post=1192"},{"taxonomy":"product_tag","embeddable":true,"href":"https:\/\/tduong2212.io.vn\/index.php\/wp-json\/wp\/v2\/product_tag?post=1192"}],"curies":[{"name":"wp","href":"https:\/\/api.w.org\/{rel}","templated":true}]}}