{"id":119,"date":"2025-11-21T08:57:44","date_gmt":"2025-11-21T01:57:44","guid":{"rendered":"https:\/\/tduong2212.io.vn\/?post_type=product&#038;p=119"},"modified":"2025-12-01T20:02:46","modified_gmt":"2025-12-01T13:02:46","slug":"cho-poodle","status":"publish","type":"product","link":"https:\/\/tduong2212.io.vn\/index.php\/san-pham\/cho-poodle\/","title":{"rendered":"Ch\u00f3 Poodle"},"content":{"rendered":"<p>L\u00e0 gi\u1ed1ng ch\u00f3 l\u00f4ng x\u00f9 th\u1ee3 l\u1eb7n xu\u1ea5t x\u1ee9 t\u1eeb \u0110\u1ee9c v\u00e0 \u0111\u01b0\u1ee3c ph\u00e1t tri\u1ec3n \u1edf Ph\u00e1p. T\u00ean Poodle \u0111\u01b0\u1ee3c xu\u1ea5t x\u1ee9 t\u1eeb \u0110\u1ee9c v\u1edbi t\u00ean g\u1ecdi ban \u0111\u1ea7u l\u00e0 Pudelhund. \u201cPudel\u201d trong ti\u1ebfng \u0111\u1ee9c c\u00f3 ngh\u0129a l\u00e0 th\u1ee3 l\u1eb7n, \u201chund\u201d c\u00f3 ngh\u0129a l\u00e0 ch\u00f3 s\u0103n. Ngay t\u1eeb c\u00e1i t\u00ean ch\u1eafc h\u1eb3n b\u1ea1n \u0111\u00e3 h\u00ecnh dung \u0111\u01b0\u1ee3c kh\u1ea3 n\u0103ng c\u1ee7a gi\u1ed1ng ch\u00f3 Poodle n\u00e0y r\u1ed3i \u0111\u00fang kh\u00f4ng. Poodle b\u01a1i l\u1eb7n r\u1ea5t gi\u1ecfi, ch\u00fang c\u00f3 th\u1ec3 b\u01a1i trong n\u01b0\u1edbc l\u1ea1nh \u0111\u00f3ng b\u0103ng v\u00e0o m\u00f9a \u0111\u00f4ng, nh\u1eefng con Poodle \u0111\u1ea7u ti\u00ean \u0111\u01b0\u1ee3c ng\u01b0\u1eddi \u0110\u1ee9c nu\u00f4i \u0111\u1ec3 s\u0103n b\u1eaft c\u00e1 tr\u00ean c\u00e1c s\u00f4ng h\u1ed3. L\u00e0 gi\u1ed1ng ch\u00f3 th\u00f4ng minh v\u00e0 c\u1ef1c k\u1ef3 bi\u1ebft v\u00e2ng l\u1eddi, d\u1ec5 hu\u1ea5n luy\u1ec7n ng\u01b0\u1eddi Ph\u00e1p \u0111\u00e3 s\u1eed d\u1ee5ng ch\u00fang trong c\u00e1c r\u1ea1p xi\u1ebfc. \u0110\u1ebfn th\u1ebf k\u1ef3 18 Poodle tr\u1edf th\u00e0nh gi\u1ed1ng ch\u00f3 qu\u00fd t\u1ed9c \u0111\u01b0\u1ee3c \u01b0a th\u00edch trong th\u1eddi k\u1ef3 vua Louis XVI. L\u00e0 ngu\u1ed3n c\u1ea3m h\u1ee9ng trong c\u00e1c t\u00e1c ph\u1ea9m ngh\u1ec7 thu\u1eadt c\u1ee7a c\u00e1c h\u1ecda s\u0129 T\u00e2y Ban Nha nh\u01b0 Francisco Goya.<\/p>\n<p>N\u1ebfu b\u1ea1n y\u00eau m\u1ebfn s\u1ef1 thanh l\u1ecbch th\u00ec Poodle l\u00e0 l\u1ef1a ch\u1ecdn c\u1ee7a b\u1ea1n. Poodle c\u00f3 chi\u1ec1u d\u00e0i c\u01a1 th\u1ec3 x\u1ea5p x\u1ec9 v\u1edbi chi\u1ec1u cao t\u1eeb ch\u00e2n t\u1edbi vai, n\u00ean h\u00ecnh d\u1ea1ng c\u01a1 th\u1ec3 m\u1ed9t b\u00e9 Poodle th\u01b0\u1eddng c\u00f3 d\u1ea1ng h\u00ecnh vu\u00f4ng, \u0110\u1ea7u tr\u00f2n nh\u1ecf. M\u1ed9t b\u00e9 poodle tr\u01b0\u1edfng th\u00e0nh s\u1ebd nh\u00ecn nh\u01b0 m\u1ed9t c\u00f4 ng\u01b0\u1eddi m\u1eabu ch\u00e2n d\u00e0i r\u1ea5t l\u00e0 thanh l\u1ecbch. M\u00f5m ch\u00fang d\u00e0i, th\u1eb3ng, h\u00f4\u0301c m\u1eaft h\u00ecnh b\u00e2\u0300u d\u1ee5c n\u1eb1m c\u00e1ch xa nhau. \u0110\u00f4i tai d\u00e0i, th\u01b0\u1eddng hay r\u0169 xu\u00f4\u0301ng. Ch\u00e2n ch\u00fang th\u1eb3ng, b\u00e0n ch\u00e2n c\u00f3 h\u00ecnh b\u1ea7u d\u1ee5c kh\u00e1 nh\u1ecf v\u00e0 c\u00e1c ng\u00f3n ch\u00e2n cong, v\u00e0 khi nu\u00f4i d\u01b0\u01a1ng Poodle b\u1ea1n ph\u1ea3i th\u01b0\u1eddng xuy\u00ean c\u1eaft m\u00f3ng ch\u00e2n v\u00e0 t\u1ec9a l\u00f4ng th\u01b0\u1eddng cho ch\u00fang. Poodle \u0111\u1eb7c tr\u01b0ng b\u1edfi b\u1ed9 l\u00f4ng xo\u0103n t\u1ef1 nhi\u00ean, r\u1eadm v\u00e0 d\u00e0i v\u1edbi nhi\u1ec1u m\u00e0u x\u1eafc \u0111a d\u1ea1ng: \u0111en, xanh, b\u1ea1c, x\u00e1m, kem, m\u01a1, \u0111\u1ecf, tr\u1eafng, n\u00e2u\u2026 Nh\u1eefng nh\u00e0 qu\u00fd t\u1ed9c th\u01b0\u1eddng c\u1eaft t\u1ec9a b\u1ed9 l\u00f4ng c\u1ee7a poodle theo d\u1ea1ng b\u1eddm s\u01b0 t\u1eed.<\/p>\n<p><span style=\"font-size: 16px; text-align: center;\">Poodle \u0111\u01b0\u1ee3c bi\u1ebft \u0111\u1ebfn nh\u01b0 l\u00e0 m\u1ed9t gi\u1ed1ng ch\u00f3 th\u00f4ng minh, n\u0103ng \u0111\u1ed9ng v\u00e0 h\u00f2a \u0111\u1ed3ng. M\u1ed9t ch\u00fa ch\u00f3 Poodle ho\u00e0n h\u1ea3o ph\u1ea3i \u0111\u00e1p \u1ee9ng \u0111\u01b0\u1ee3c c\u1ea3 hai y\u00eau c\u1ea7u \u0111\u00f3 ch\u00ednh l\u00e0 Th\u1ec3 L\u1ef1c v\u00e0 Tr\u00ed Tu\u1ec7. Xu\u1ea5t th\u00e2n l\u00e0 m\u1ed9t th\u1ee3 l\u1eb7n, m\u1ed9t tay s\u0103n c\u00e1 c\u1eeb kh\u00f4i \u2026 th\u1ebf n\u00ean kh\u00f4ng n\u00ean cho b\u00e9 th\u1ee3 s\u0103n \u1ea5y l\u01b0\u1eddi bi\u1ebfng nh\u00e9. H\u00e3y th\u01b0\u1eddng xuy\u00ean d\u1eaft b\u00e9 \u0111i t\u1eadp th\u1ec3 d\u1ee5c, ch\u1ea1y b\u1ed9 trong c\u00f4ng vi\u00ean, v\u00e0 n\u1ebfu c\u00f3 \u0111i\u1ec1u ki\u1ec7n th\u00ec cho b\u00e9 \u0111i b\u01a1i l\u1ed9i nh\u00e9.<\/span><\/p>\n<div class=\"woocommerce-product-details__short-description\"><\/div>\n","protected":false},"excerpt":{"rendered":"<p>Poodle Toy l\u00e0 gi\u1ed1ng ch\u00f3 th\u1ee3 l\u1eb7n xu\u1ea5t x\u1ee9 t\u1eeb \u0110\u1ee9c v\u00e0 \u0111\u01b0\u1ee3c ph\u00e1t tri\u1ec3n \u1edf Ph\u00e1p. B\u1ea1n y\u00eau m\u1ebfn m\u1ed9t ch\u00fa Poodle toy th\u1ee3 l\u1eb7n si\u00eau \u0111\u1eb3ng v\u1edbi b\u1ed9 l\u00f4ng xo\u0103n t\u1ef1 nhi\u00ean nh\u01b0 m\u1ed9t ch\u00fa g\u1ea5u b\u00f4ng b\u00e9 nh\u1ecf xinh x\u1eafn. H\u00e3y \u0111\u1ebfn ngay MV r\u01b0\u1edbc b\u00e9 v\u1ec1 l\u00e0m b\u1ea1n nha b\u1ea1n.<\/p>\n<p>Gi\u00e1 c\u00e1c b\u00e9 th\u00fa c\u01b0ng c\u0169ng nh\u01b0 v\u1eadt d\u1ee5ng tr\u00ean website l\u00e0 gi\u00e1 tham kh\u1ea3o. T\u00f9y m\u00e0u l\u00f4ng, \u0111\u1ef1c c\u00e1i c\u0169ng nh\u01b0 t\u00f9y \u0111\u1ee3t h\u00e0ng v\u00e0 th\u1eddi \u0111i\u1ec3m nh\u1eadp h\u00e0ng v\u1ec1 gi\u00e1 s\u1ebd c\u00f3 ch\u00eanh l\u1ec7ch m\u1ed9t ch\u00fat x\u00edu. Ngo\u00e0i ra\u00a0hi\u1ec7n t\u1ea1i shop \u0111\u00e3 tri\u1ec3n khai giao h\u00e0ng k\u1ec3 c\u1ea3 giao th\u00fa c\u01b0ng \u0111i li\u00ean t\u1ec9nh.<\/p>\n<p>Qu\u00fd kh\u00e1ch vui l\u00f2ng g\u1ecdi \u0111i\u1ec7n s\u1ed1 phone b\u00ean d\u01b0\u1edbi nh\u00e2n vi\u00ean b\u00ean shop s\u1ebd t\u01b0 v\u1ea5n gi\u00e1 chi ti\u1ebft v\u1ec1 s\u1ea3n ph\u1ea9m m\u00e0 qu\u00fd kh\u00e1ch l\u1ef1a ch\u1ecdn. \u0110\u1ed3ng th\u1eddi h\u1ed7 tr\u1ee3 \u0111\u1eb7t h\u00e0ng c\u0169ng nh\u01b0 ship h\u00e0ng cho qu\u00fd kh\u00e1ch nh\u00e9.<\/p>\n<p>HOTLINE: 036.662.6398<\/p>\n<p>CN1: 47, Ki\u1ebfn An, H\u1ea3i Ph\u00f2ng<\/p>\n<p>Phone: 036.662.6398<\/p>\n","protected":false},"featured_media":126,"comment_status":"open","ping_status":"closed","template":"","meta":{"site-sidebar-layout":"default","site-content-layout":"","ast-site-content-layout":"default","site-content-style":"default","site-sidebar-style":"default","ast-global-header-display":"","ast-banner-title-visibility":"","ast-main-header-display":"","ast-hfb-above-header-display":"","ast-hfb-below-header-display":"","ast-hfb-mobile-header-display":"","site-post-title":"","ast-breadcrumbs-content":"","ast-featured-img":"","footer-sml-layout":"","theme-transparent-header-meta":"default","adv-header-id-meta":"","stick-header-meta":"","header-above-stick-meta":"","header-main-stick-meta":"","header-below-stick-meta":"","astra-migrate-meta-layouts":"set","ast-page-background-enabled":"default","ast-page-background-meta":{"desktop":{"background-color":"var(--ast-global-color-5)","background-image":"","background-repeat":"repeat","background-position":"center center","background-size":"auto","background-attachment":"scroll","background-type":"","background-media":"","overlay-type":"","overlay-color":"","overlay-opacity":"","overlay-gradient":""},"tablet":{"background-color":"","background-image":"","background-repeat":"repeat","background-position":"center center","background-size":"auto","background-attachment":"scroll","background-type":"","background-media":"","overlay-type":"","overlay-color":"","overlay-opacity":"","overlay-gradient":""},"mobile":{"background-color":"","background-image":"","background-repeat":"repeat","background-position":"center center","background-size":"auto","background-attachment":"scroll","background-type":"","background-media":"","overlay-type":"","overlay-color":"","overlay-opacity":"","overlay-gradient":""}},"ast-content-background-meta":{"desktop":{"background-color":"var(--ast-global-color-4)","background-image":"","background-repeat":"repeat","background-position":"center center","background-size":"auto","background-attachment":"scroll","background-type":"","background-media":"","overlay-type":"","overlay-color":"","overlay-opacity":"","overlay-gradient":""},"tablet":{"background-color":"var(--ast-global-color-4)","background-image":"","background-repeat":"repeat","background-position":"center center","background-size":"auto","background-attachment":"scroll","background-type":"","background-media":"","overlay-type":"","overlay-color":"","overlay-opacity":"","overlay-gradient":""},"mobile":{"background-color":"var(--ast-global-color-4)","background-image":"","background-repeat":"repeat","background-position":"center center","background-size":"auto","background-attachment":"scroll","background-type":"","background-media":"","overlay-type":"","overlay-color":"","overlay-opacity":"","overlay-gradient":""}}},"product_brand":[],"product_cat":[19,35],"product_tag":[],"class_list":{"0":"post-119","1":"product","2":"type-product","3":"status-publish","4":"has-post-thumbnail","6":"product_cat-cho","7":"product_cat-cho-canh","8":"desktop-align-left","9":"tablet-align-left","10":"mobile-align-left","11":"ast-product-gallery-layout-horizontal-slider","12":"ast-product-tabs-layout-horizontal","14":"first","15":"instock","16":"shipping-taxable","17":"purchasable","18":"product-type-simple"},"_links":{"self":[{"href":"https:\/\/tduong2212.io.vn\/index.php\/wp-json\/wp\/v2\/product\/119","targetHints":{"allow":["GET"]}}],"collection":[{"href":"https:\/\/tduong2212.io.vn\/index.php\/wp-json\/wp\/v2\/product"}],"about":[{"href":"https:\/\/tduong2212.io.vn\/index.php\/wp-json\/wp\/v2\/types\/product"}],"replies":[{"embeddable":true,"href":"https:\/\/tduong2212.io.vn\/index.php\/wp-json\/wp\/v2\/comments?post=119"}],"wp:featuredmedia":[{"embeddable":true,"href":"https:\/\/tduong2212.io.vn\/index.php\/wp-json\/wp\/v2\/media\/126"}],"wp:attachment":[{"href":"https:\/\/tduong2212.io.vn\/index.php\/wp-json\/wp\/v2\/media?parent=119"}],"wp:term":[{"taxonomy":"product_brand","embeddable":true,"href":"https:\/\/tduong2212.io.vn\/index.php\/wp-json\/wp\/v2\/product_brand?post=119"},{"taxonomy":"product_cat","embeddable":true,"href":"https:\/\/tduong2212.io.vn\/index.php\/wp-json\/wp\/v2\/product_cat?post=119"},{"taxonomy":"product_tag","embeddable":true,"href":"https:\/\/tduong2212.io.vn\/index.php\/wp-json\/wp\/v2\/product_tag?post=119"}],"curies":[{"name":"wp","href":"https:\/\/api.w.org\/{rel}","templated":true}]}}