{"id":102,"date":"2025-11-21T08:20:42","date_gmt":"2025-11-21T01:20:42","guid":{"rendered":"https:\/\/tduong2212.io.vn\/?page_id=102"},"modified":"2025-12-06T21:02:37","modified_gmt":"2025-12-06T14:02:37","slug":"gioi-thieu-2","status":"publish","type":"page","link":"https:\/\/tduong2212.io.vn\/index.php\/gioi-thieu-2\/","title":{"rendered":"Gi\u1edbi Thi\u1ec7u"},"content":{"rendered":"\t\t<div data-elementor-type=\"wp-page\" data-elementor-id=\"102\" class=\"elementor elementor-102\" data-elementor-post-type=\"page\">\n\t\t\t\t<div class=\"elementor-element elementor-element-a0094db e-flex e-con-boxed e-con e-parent\" data-id=\"a0094db\" data-element_type=\"container\">\n\t\t\t\t\t<div class=\"e-con-inner\">\n\t\t\t\t<div class=\"elementor-element elementor-element-5e50ed0 elementor-widget__width-inherit elementor-widget elementor-widget-image\" data-id=\"5e50ed0\" data-element_type=\"widget\" data-widget_type=\"image.default\">\n\t\t\t\t\t\t\t\t\t\t\t\t\t\t\t<img fetchpriority=\"high\" decoding=\"async\" width=\"1024\" height=\"533\" src=\"https:\/\/tduong2212.io.vn\/wp-content\/uploads\/2025\/12\/GIOI-THIEU-1-2-1024x533.png\" class=\"attachment-large size-large wp-image-733\" alt=\"\" srcset=\"https:\/\/tduong2212.io.vn\/wp-content\/uploads\/2025\/12\/GIOI-THIEU-1-2-1024x533.png 1024w, https:\/\/tduong2212.io.vn\/wp-content\/uploads\/2025\/12\/GIOI-THIEU-1-2-300x156.png 300w, https:\/\/tduong2212.io.vn\/wp-content\/uploads\/2025\/12\/GIOI-THIEU-1-2-768x400.png 768w, https:\/\/tduong2212.io.vn\/wp-content\/uploads\/2025\/12\/GIOI-THIEU-1-2-1536x800.png 1536w, https:\/\/tduong2212.io.vn\/wp-content\/uploads\/2025\/12\/GIOI-THIEU-1-2-600x312.png 600w, https:\/\/tduong2212.io.vn\/wp-content\/uploads\/2025\/12\/GIOI-THIEU-1-2.png 2048w\" sizes=\"(max-width: 1024px) 100vw, 1024px\" \/>\t\t\t\t\t\t\t\t\t\t\t\t\t\t\t<\/div>\n\t\t\t\t<div class=\"elementor-element elementor-element-6b33104 elementor-widget elementor-widget-text-editor\" data-id=\"6b33104\" data-element_type=\"widget\" data-widget_type=\"text-editor.default\">\n\t\t\t\t\t\t\t\t\t<h1 data-start=\"233\" data-end=\"305\">\ud83d\udc3e <strong data-start=\"238\" data-end=\"305\">Gi\u1edbi Thi\u1ec7u V\u1ec1 Ch\u00fang T\u00f4i \u2013 Th\u1ebf Gi\u1edbi Th\u00fa C\u01b0ng Uy T\u00edn &amp; Ch\u1ea5t L\u01b0\u1ee3ng<\/strong><\/h1><p data-start=\"307\" data-end=\"609\">Ch\u00e0o m\u1eebng b\u1ea1n \u0111\u1ebfn v\u1edbi <strong data-start=\"329\" data-end=\"347\">[MV Store]<\/strong>, n\u01a1i mang \u0111\u1ebfn nh\u1eefng ng\u01b0\u1eddi b\u1ea1n nh\u1ecf \u0111\u00e1ng y\u00eau v\u00e0 ch\u1ea5t l\u01b0\u1ee3ng nh\u1ea5t cho m\u1ecdi gia \u0111\u00ecnh.<br data-start=\"427\" data-end=\"430\" \/>Ch\u00fang t\u00f4i chuy\u00ean cung c\u1ea5p c\u00e1c lo\u1ea1i th\u00fa c\u01b0ng nh\u01b0 <strong data-start=\"478\" data-end=\"516\">ch\u00f3, m\u00e8o, th\u1ecf, <\/strong>c\u00f9ng \u0111\u1ea7y \u0111\u1ee7 <strong data-start=\"530\" data-end=\"576\">ph\u1ee5 ki\u1ec7n \u2013 th\u1ee9c \u0103n \u2013 \u0111\u1ed3 ch\u01a1i \u2013 chu\u1ed3ng tr\u1ea1i<\/strong> v\u1edbi gi\u00e1 t\u1ed1t v\u00e0 b\u1ea3o h\u00e0nh r\u00f5 r\u00e0ng.<\/p><p data-start=\"611\" data-end=\"767\">V\u1edbi ni\u1ec1m \u0111am m\u00ea l\u1edbn d\u00e0nh cho \u0111\u1ed9ng v\u1eadt, ch\u00fang t\u00f4i lu\u00f4n mong mu\u1ed1n t\u1ea1o ra m\u1ed9t n\u01a1i \u0111\u00e1ng tin c\u1eady, n\u01a1i m\u1ed7i th\u00fa c\u01b0ng \u0111\u01b0\u1ee3c ch\u0103m s\u00f3c \u0111\u00fang c\u00e1ch tr\u01b0\u1edbc khi \u0111\u1ebfn nh\u00e0 m\u1edbi.<\/p><h1 data-start=\"774\" data-end=\"804\">\u2764\ufe0f <strong data-start=\"779\" data-end=\"804\">S\u1ee9 M\u1ec7nh C\u1ee7a Ch\u00fang T\u00f4i<\/strong><\/h1><ul data-start=\"806\" data-end=\"1107\"><li data-start=\"806\" data-end=\"860\"><p data-start=\"808\" data-end=\"860\">Mang \u0111\u1ebfn <strong data-start=\"817\" data-end=\"858\">th\u00fa c\u01b0ng kh\u1ecfe m\u1ea1nh, ngu\u1ed3n g\u1ed1c r\u00f5 r\u00e0ng<\/strong><\/p><\/li><li data-start=\"861\" data-end=\"940\"><p data-start=\"863\" data-end=\"940\">T\u1ea1o ra tr\u1ea3i nghi\u1ec7m mua s\u1eafm th\u00fa c\u01b0ng <strong data-start=\"899\" data-end=\"938\">an to\u00e0n \u2013 chuy\u00ean nghi\u1ec7p \u2013 minh b\u1ea1ch<\/strong><\/p><\/li><li data-start=\"941\" data-end=\"1028\"><p data-start=\"943\" data-end=\"1028\">X\u00e2y d\u1ef1ng c\u1ed9ng \u0111\u1ed3ng y\u00eau th\u00fa c\u01b0ng th\u00e2n thi\u1ec7n, n\u01a1i m\u1ecdi ng\u01b0\u1eddi c\u00f3 th\u1ec3 chia s\u1ebb v\u00e0 h\u1ecdc h\u1ecfi<\/p><\/li><li data-start=\"1029\" data-end=\"1107\"><p data-start=\"1031\" data-end=\"1107\">H\u1ed7 tr\u1ee3 ch\u0103m s\u00f3c xuy\u00ean su\u1ed1t \u0111\u1ec3 th\u00fa c\u01b0ng c\u1ee7a b\u1ea1n lu\u00f4n kh\u1ecfe m\u1ea1nh v\u00e0 h\u1ea1nh ph\u00fac<\/p><\/li><\/ul><h1 data-start=\"1114\" data-end=\"1155\">\ud83d\udc36\ud83d\udc31 <strong data-start=\"1121\" data-end=\"1155\">V\u00ec Sao B\u1ea1n N\u00ean Ch\u1ecdn Ch\u00fang T\u00f4i?<\/strong><\/h1><h3 data-start=\"1157\" data-end=\"1198\">\u2714 <strong data-start=\"1163\" data-end=\"1198\">Th\u00fa c\u01b0ng \u0111\u01b0\u1ee3c ch\u0103m s\u00f3c k\u1ef9 l\u01b0\u1ee1ng<\/strong><\/h3><p data-start=\"1199\" data-end=\"1215\">M\u1ed7i b\u00e9 \u0111\u1ec1u \u0111\u01b0\u1ee3c:<\/p><ul data-start=\"1216\" data-end=\"1324\"><li data-start=\"1216\" data-end=\"1248\"><p data-start=\"1218\" data-end=\"1248\">Ti\u00eam ph\u00f2ng \u2013 t\u1ea9y giun \u0111\u1ea7y \u0111\u1ee7<\/p><\/li><li data-start=\"1249\" data-end=\"1278\"><p data-start=\"1251\" data-end=\"1278\">Ki\u1ec3m tra s\u1ee9c kh\u1ecfe \u0111\u1ecbnh k\u1ef3<\/p><\/li><li data-start=\"1279\" data-end=\"1324\"><p data-start=\"1281\" data-end=\"1324\">T\u1eafm r\u1eeda v\u00e0 v\u1ec7 sinh s\u1ea1ch s\u1ebd tr\u01b0\u1edbc khi giao<\/p><\/li><\/ul><h3 data-start=\"1326\" data-end=\"1353\">\u2714 <strong data-start=\"1332\" data-end=\"1353\">Ngu\u1ed3n g\u1ed1c r\u00f5 r\u00e0ng<\/strong><\/h3><p data-start=\"1354\" data-end=\"1387\">Ch\u00fang t\u00f4i l\u00e0m vi\u1ec7c tr\u1ef1c ti\u1ebfp v\u1edbi:<\/p><ul data-start=\"1388\" data-end=\"1496\"><li data-start=\"1388\" data-end=\"1417\"><p data-start=\"1390\" data-end=\"1417\">Trang tr\u1ea1i ch\u00f3 m\u00e8o uy t\u00edn<\/p><\/li><li data-start=\"1418\" data-end=\"1458\"><p data-start=\"1420\" data-end=\"1458\">Nh\u00e0 nh\u00e2n gi\u1ed1ng th\u1ecf mini v\u00e0 th\u00fa ki\u1ec3ng<\/p><\/li><li data-start=\"1459\" data-end=\"1496\"><p data-start=\"1461\" data-end=\"1496\">Ngu\u1ed3n nh\u1eadp kh\u1ea9u h\u1ee3p ph\u00e1p (n\u1ebfu c\u00f3)<\/p><\/li><\/ul><p data-start=\"1498\" data-end=\"1541\">T\u1ea5t c\u1ea3 \u0111\u1ec1u c\u00f3 <strong data-start=\"1512\" data-end=\"1540\">h\u1ed3 s\u01a1 v\u00e0 gi\u1ea5y t\u1edd r\u00f5 r\u00e0ng<\/strong>.<\/p><h3 data-start=\"1543\" data-end=\"1570\">\u2714 <strong data-start=\"1549\" data-end=\"1570\">B\u1ea3o h\u00e0nh s\u1ee9c kh\u1ecfe<\/strong><\/h3><p data-start=\"1571\" data-end=\"1640\">T\u1ea1i <strong data-start=\"1575\" data-end=\"1593\">[MV Store]<\/strong>, m\u1ed7i b\u00e9 th\u00fa c\u01b0ng \u0111\u1ec1u \u0111\u01b0\u1ee3c b\u1ea3o h\u00e0nh theo chu\u1ea9n:<\/p><ul data-start=\"1641\" data-end=\"1730\"><li data-start=\"1641\" data-end=\"1663\"><p data-start=\"1643\" data-end=\"1663\">7\u201330 ng\u00e0y t\u00f9y lo\u1ea1i<\/p><\/li><li data-start=\"1664\" data-end=\"1730\"><p data-start=\"1666\" data-end=\"1730\">Cam k\u1ebft h\u1ed7 tr\u1ee3 1 \u0111\u1ed5i 1 n\u1ebfu m\u1eafc b\u1ec7nh b\u1ea9m sinh (theo ch\u00ednh s\u00e1ch)<\/p><\/li><\/ul><h3 data-start=\"1732\" data-end=\"1783\">\u2714 <strong data-start=\"1738\" data-end=\"1783\">T\u01b0 v\u1ea5n ch\u1ecdn th\u00fa c\u01b0ng chu\u1ea9n \u2013 \u0111\u00fang nhu c\u1ea7u<\/strong><\/h3><p data-start=\"1784\" data-end=\"1829\">\u0110\u1ed9i ng\u0169 am hi\u1ec3u gi\u1ed1ng lo\u00e0i s\u1ebd t\u01b0 v\u1ea5n cho b\u1ea1n:<\/p><ul data-start=\"1830\" data-end=\"1954\"><li data-start=\"1830\" data-end=\"1865\"><p data-start=\"1832\" data-end=\"1865\">Gi\u1ed1ng n\u00e0o ph\u00f9 h\u1ee3p v\u1edbi ng\u01b0\u1eddi m\u1edbi<\/p><\/li><li data-start=\"1866\" data-end=\"1893\"><p data-start=\"1868\" data-end=\"1893\">C\u00e1ch ch\u0103m s\u00f3c t\u1eebng lo\u1ea1i<\/p><\/li><li data-start=\"1894\" data-end=\"1920\"><p data-start=\"1896\" data-end=\"1920\">C\u00e1ch hu\u1ea5n luy\u1ec7n c\u01a1 b\u1ea3n<\/p><\/li><li data-start=\"1921\" data-end=\"1954\"><p data-start=\"1923\" data-end=\"1954\">M\u00f4i tr\u01b0\u1eddng s\u1ed1ng t\u1ed1i \u01b0u cho b\u00e9<\/p><\/li><\/ul><h3 data-start=\"1956\" data-end=\"1985\">\u2714 <strong data-start=\"1962\" data-end=\"1985\">Giao h\u00e0ng to\u00e0n qu\u1ed1c<\/strong><\/h3><p data-start=\"1986\" data-end=\"2025\">D\u1ecbch v\u1ee5 v\u1eadn chuy\u1ec3n chuy\u00ean cho th\u00fa c\u01b0ng:<\/p><ul data-start=\"2026\" data-end=\"2119\"><li data-start=\"2026\" data-end=\"2045\"><p data-start=\"2028\" data-end=\"2045\">\u0110\u1ea3m b\u1ea3o an to\u00e0n<\/p><\/li><li data-start=\"2046\" data-end=\"2090\"><p data-start=\"2048\" data-end=\"2090\">Ch\u0103m s\u00f3c xuy\u00ean su\u1ed1t qu\u00e1 tr\u00ecnh v\u1eadn chuy\u1ec3n<\/p><\/li><li data-start=\"2091\" data-end=\"2119\"><p data-start=\"2093\" data-end=\"2119\">Giao t\u1eadn nh\u00e0 nhanh ch\u00f3ng<\/p><\/li><\/ul><h1 data-start=\"2126\" data-end=\"2190\">\ud83c\udf3f <strong data-start=\"2131\" data-end=\"2190\">Kh\u00f4ng Ch\u1ec9 B\u00e1n Cung C\u1ea5p Th\u00fa C\u01b0ng \u2013 Ch\u00fang T\u00f4i Mang \u0110\u1ebfn T\u00ecnh Th\u01b0\u01a1ng<\/strong><\/h1><p data-start=\"2192\" data-end=\"2263\">Th\u00fa c\u01b0ng kh\u00f4ng ch\u1ec9 l\u00e0 v\u1eadt nu\u00f4i, m\u00e0 c\u00f2n l\u00e0 ng\u01b0\u1eddi b\u1ea1n \u0111\u1ed3ng h\u00e0nh mang \u0111\u1ebfn:<\/p><ul data-start=\"2264\" data-end=\"2332\"><li data-start=\"2264\" data-end=\"2276\"><p data-start=\"2266\" data-end=\"2276\">Ni\u1ec1m vui<\/p><\/li><li data-start=\"2277\" data-end=\"2291\"><p data-start=\"2279\" data-end=\"2291\">S\u1ef1 g\u1eafn k\u1ebft<\/p><\/li><li data-start=\"2292\" data-end=\"2332\"><p data-start=\"2294\" data-end=\"2332\">N\u0103ng l\u01b0\u1ee3ng t\u00edch c\u1ef1c cho m\u1ed7i gia \u0111\u00ecnh<\/p><\/li><\/ul><p data-start=\"2334\" data-end=\"2449\">Ch\u00fang t\u00f4i lu\u00f4n mong mu\u1ed1n m\u1ed7i b\u00e9 \u0111\u1ebfn \u0111\u01b0\u1ee3c <strong data-start=\"2375\" data-end=\"2398\">ng\u00f4i nh\u00e0 y\u00eau th\u01b0\u01a1ng<\/strong>, n\u01a1i ch\u00fang s\u1ebd \u0111\u01b0\u1ee3c ch\u0103m s\u00f3c v\u00e0 h\u1ea1nh ph\u00fac m\u1ed7i ng\u00e0y.<\/p><h1 data-start=\"2456\" data-end=\"2482\">\ud83d\udccd <strong data-start=\"2461\" data-end=\"2482\">Th\u00f4ng Tin Li\u00ean H\u1ec7<\/strong><\/h1><p data-start=\"2484\" data-end=\"2683\"><strong data-start=\"2484\" data-end=\"2502\">[MV Store]<\/strong><br data-start=\"2502\" data-end=\"2505\" \/>\ud83d\udccd \u0110\u1ecba ch\u1ec9: [ S\u1ed1 47, Qu\u00e1n Tr\u1eef, Ki\u1ebfn An, H\u1ea3i Ph\u00f2ng ]<br data-start=\"2531\" data-end=\"2534\" \/>\ud83d\udcde Hotline: [0366626398]<br data-start=\"2566\" data-end=\"2569\" \/>\ud83d\udcac Zalo \/ Messenger: [mess.me.vuhmanh]<br data-start=\"2600\" data-end=\"2603\" \/>\ud83c\udf10 Website: [tduong2212.io.vn]<br data-start=\"2628\" data-end=\"2631\" \/>\u23f0 Th\u1eddi gian l\u00e0m vi\u1ec7c: 8:00 \u2013 21:00 (T\u1eeb th\u1ee9 Hai &#8211; th\u1ee9 B\u1ea3y)<\/p>\t\t\t\t\t\t\t\t<\/div>\n\t\t\t\t\t<\/div>\n\t\t\t\t<\/div>\n\t\t\t\t<\/div>\n\t\t","protected":false},"excerpt":{"rendered":"<p>\ud83d\udc3e Gi\u1edbi Thi\u1ec7u V\u1ec1 Ch\u00fang T\u00f4i \u2013 Th\u1ebf Gi\u1edbi Th\u00fa C\u01b0ng Uy T\u00edn &amp; Ch\u1ea5t L\u01b0\u1ee3ng Ch\u00e0o m\u1eebng b\u1ea1n \u0111\u1ebfn [&hellip;]<\/p>\n","protected":false},"author":1,"featured_media":0,"parent":0,"menu_order":0,"comment_status":"closed","ping_status":"closed","template":"","meta":{"site-sidebar-layout":"no-sidebar","site-content-layout":"","ast-site-content-layout":"full-width-container","site-content-style":"default","site-sidebar-style":"default","ast-global-header-display":"","ast-banner-title-visibility":"","ast-main-header-display":"","ast-hfb-above-header-display":"","ast-hfb-below-header-display":"","ast-hfb-mobile-header-display":"","site-post-title":"disabled","ast-breadcrumbs-content":"","ast-featured-img":"disabled","footer-sml-layout":"","theme-transparent-header-meta":"default","adv-header-id-meta":"","stick-header-meta":"","header-above-stick-meta":"","header-main-stick-meta":"","header-below-stick-meta":"","astra-migrate-meta-layouts":"set","ast-page-background-enabled":"default","ast-page-background-meta":{"desktop":{"background-color":"var(--ast-global-color-5)","background-image":"","background-repeat":"repeat","background-position":"center center","background-size":"auto","background-attachment":"scroll","background-type":"","background-media":"","overlay-type":"","overlay-color":"","overlay-opacity":"","overlay-gradient":""},"tablet":{"background-color":"","background-image":"","background-repeat":"repeat","background-position":"center center","background-size":"auto","background-attachment":"scroll","background-type":"","background-media":"","overlay-type":"","overlay-color":"","overlay-opacity":"","overlay-gradient":""},"mobile":{"background-color":"","background-image":"","background-repeat":"repeat","background-position":"center center","background-size":"auto","background-attachment":"scroll","background-type":"","background-media":"","overlay-type":"","overlay-color":"","overlay-opacity":"","overlay-gradient":""}},"ast-content-background-meta":{"desktop":{"background-color":"var(--ast-global-color-4)","background-image":"","background-repeat":"repeat","background-position":"center center","background-size":"auto","background-attachment":"scroll","background-type":"","background-media":"","overlay-type":"","overlay-color":"","overlay-opacity":"","overlay-gradient":""},"tablet":{"background-color":"var(--ast-global-color-4)","background-image":"","background-repeat":"repeat","background-position":"center center","background-size":"auto","background-attachment":"scroll","background-type":"","background-media":"","overlay-type":"","overlay-color":"","overlay-opacity":"","overlay-gradient":""},"mobile":{"background-color":"var(--ast-global-color-4)","background-image":"","background-repeat":"repeat","background-position":"center center","background-size":"auto","background-attachment":"scroll","background-type":"","background-media":"","overlay-type":"","overlay-color":"","overlay-opacity":"","overlay-gradient":""}},"footnotes":""},"class_list":["post-102","page","type-page","status-publish","hentry"],"_links":{"self":[{"href":"https:\/\/tduong2212.io.vn\/index.php\/wp-json\/wp\/v2\/pages\/102","targetHints":{"allow":["GET"]}}],"collection":[{"href":"https:\/\/tduong2212.io.vn\/index.php\/wp-json\/wp\/v2\/pages"}],"about":[{"href":"https:\/\/tduong2212.io.vn\/index.php\/wp-json\/wp\/v2\/types\/page"}],"author":[{"embeddable":true,"href":"https:\/\/tduong2212.io.vn\/index.php\/wp-json\/wp\/v2\/users\/1"}],"replies":[{"embeddable":true,"href":"https:\/\/tduong2212.io.vn\/index.php\/wp-json\/wp\/v2\/comments?post=102"}],"version-history":[{"count":11,"href":"https:\/\/tduong2212.io.vn\/index.php\/wp-json\/wp\/v2\/pages\/102\/revisions"}],"predecessor-version":[{"id":745,"href":"https:\/\/tduong2212.io.vn\/index.php\/wp-json\/wp\/v2\/pages\/102\/revisions\/745"}],"wp:attachment":[{"href":"https:\/\/tduong2212.io.vn\/index.php\/wp-json\/wp\/v2\/media?parent=102"}],"curies":[{"name":"wp","href":"https:\/\/api.w.org\/{rel}","templated":true}]}}